{"id":6753,"date":"2021-11-05T14:01:17","date_gmt":"2021-11-05T14:01:17","guid":{"rendered":"https:\/\/azena.novevibracije.com\/product\/winter-box-zlatni\/"},"modified":"2021-11-05T14:01:17","modified_gmt":"2021-11-05T14:01:17","slug":"winter-box-zlatni","status":"publish","type":"product","link":"https:\/\/azena.novevibracije.com\/hr\/proizvod\/winter-box-zlatni\/","title":{"rendered":"Winter Box Zlatni"},"content":{"rendered":"<section class=\"product-description\">\n<h2>Winter Box Zlatni<\/h2>\n<p>U ovom blagdanskom setu za njegu lica na mediteranski na\u010din prona\u0111ite:<\/p>\n<div class=\"product-set\" style=\"display: flex; flex-wrap: wrap; gap: 20px;\">\n<div class=\"product-item\" style=\"flex: 1 1 220px; border: 1px solid #eee; padding: 15px; border-radius: 8px;\">\n<h3>PILING ZA LICE (30ml)<\/h3>\n<h4>Klju\u010dni sastojci:<\/h4>\n<ul>\n<li>Mljevene ko\u0161tice masline<\/li>\n<li>Morska sol<\/li>\n<li>Salicilna kiselina<\/li>\n<\/ul><\/div>\n<div class=\"product-item\" style=\"flex: 1 1 220px; border: 1px solid #eee; padding: 15px; border-radius: 8px;\">\n<h3>SERUM ZA LICE (30ml)<\/h3>\n<h4>Klju\u010dni sastojci:<\/h4>\n<ul>\n<li>Q10 (regeneracija)<\/li>\n<li>Maslinovo ulje (prirodni sjaj)<\/li>\n<li>Ekstrakt nevena (vitalnost)<\/li>\n<\/ul><\/div>\n<div class=\"product-item\" style=\"flex: 1 1 220px; border: 1px solid #eee; padding: 15px; border-radius: 8px;\">\n<h3>DNEVNA KREMA ZA LICE (50ml) *pakirano u tubu<\/h3>\n<h4>Klju\u010dni sastojci:<\/h4>\n<ul>\n<li>Voda od \u010daja breze (hidratacija)<\/li>\n<li>Ekstrakt gaveza (ravnote\u017ea)<\/li>\n<\/ul><\/div>\n<div class=\"product-item\" style=\"flex: 1 1 220px; border: 1px solid #eee; padding: 15px; border-radius: 8px;\">\n<h3>NO\u0106NA KREMA ZA LICE (50ml) *pakirano u tubu<\/h3>\n<h4>Klju\u010dni sastojci:<\/h4>\n<ul>\n<li>Voda od \u010daja preslice (\u010dvrsto\u0107a)<\/li>\n<li>Ekstrakt gaveza (regeneracija)<\/li>\n<\/ul><\/div>\n<\/p><\/div>\n<div class=\"eco-info\" style=\"margin-top: 25px;\">\n<h3>Jeste li znali?<\/h3>\n<p>\n AZENA kreme za lice pakiramo u inovativne, <strong>ekolo\u0161ki prihvatljive tube<\/strong> izra\u0111ene od 100% \u0161e\u0107erne trske. Plastika dobivena iz \u0161e\u0107erne trske biljnog je, a ne naftnog podrijetla, \u0161to zna\u010di da je rije\u010d o obnovljivom ekolo\u0161kom resursu koji se reproducira u manje od godinu dana.<br \/>\nTo nam je va\u017eno jer tako mo\u017eemo spojiti prirodnost i u\u010dinkovitost na\u0161ih sastojaka s ambala\u017eom koja doprinosi o\u010duvanju okoli\u0161a i ekosustava Zemlje!\n    <\/p>\n<\/p><\/div>\n<\/section>\n","protected":false},"excerpt":{"rendered":"<p>Winter Box Zlatni U ovom blagdanskom setu za njegu lica na mediteranski na\u010din prona\u0111ite: PILING ZA LICE (30ml) Klju\u010dni sastojci: Mljevene ko\u0161tice masline Morska sol Salicilna kiselina SERUM ZA LICE (30ml) Klju\u010dni sastojci: Q10 (regeneracija) Maslinovo ulje (prirodni sjaj) Ekstrakt nevena (vitalnost) DNEVNA KREMA ZA LICE (50ml) *pakirano u tubu Klju\u010dni sastojci: Voda od \u010daja [&hellip;]<\/p>\n","protected":false},"featured_media":6752,"template":"","meta":{"_acf_changed":false},"product_brand":[],"product_cat":[128],"product_tag":[],"class_list":{"0":"post-6753","1":"product","2":"type-product","3":"status-publish","4":"has-post-thumbnail","6":"product_cat-gifts","9":"instock","10":"shipping-taxable","11":"product-type-simple","12":"product-grid-view"},"acf":[],"_links":{"self":[{"href":"https:\/\/azena.novevibracije.com\/hr\/wp-json\/wp\/v2\/product\/6753","targetHints":{"allow":["GET"]}}],"collection":[{"href":"https:\/\/azena.novevibracije.com\/hr\/wp-json\/wp\/v2\/product"}],"about":[{"href":"https:\/\/azena.novevibracije.com\/hr\/wp-json\/wp\/v2\/types\/product"}],"wp:featuredmedia":[{"embeddable":true,"href":"https:\/\/azena.novevibracije.com\/hr\/wp-json\/wp\/v2\/media\/6752"}],"wp:attachment":[{"href":"https:\/\/azena.novevibracije.com\/hr\/wp-json\/wp\/v2\/media?parent=6753"}],"wp:term":[{"taxonomy":"product_brand","embeddable":true,"href":"https:\/\/azena.novevibracije.com\/hr\/wp-json\/wp\/v2\/product_brand?post=6753"},{"taxonomy":"product_cat","embeddable":true,"href":"https:\/\/azena.novevibracije.com\/hr\/wp-json\/wp\/v2\/product_cat?post=6753"},{"taxonomy":"product_tag","embeddable":true,"href":"https:\/\/azena.novevibracije.com\/hr\/wp-json\/wp\/v2\/product_tag?post=6753"}],"curies":[{"name":"wp","href":"https:\/\/api.w.org\/{rel}","templated":true}]}}