{"id":6751,"date":"2020-09-22T12:06:00","date_gmt":"2020-09-22T12:06:00","guid":{"rendered":"https:\/\/azena.novevibracije.com\/product\/putni-box-set\/"},"modified":"2020-09-22T12:06:00","modified_gmt":"2020-09-22T12:06:00","slug":"putni-box-set","status":"publish","type":"product","link":"https:\/\/azena.novevibracije.com\/hr\/proizvod\/putni-box-set\/","title":{"rendered":"Putni Box Set"},"content":{"rendered":"<section class=\"product-description\">\n<h2>Putni set za njegu<\/h2>\n<p>Ovaj set sadr\u017ei sve \u0161to vam je potrebno da se osje\u0107ate \u010disto i za\u0161ti\u0107eno tijekom putovanja:<\/p>\n<div class=\"product-set\" style=\"display: flex; flex-wrap: wrap; gap: 20px;\">\n<div class=\"product-item\" style=\"flex: 1 1 220px; border: 1px solid #eee; padding: 15px; border-radius: 8px;\">\n<h3>S.O.S. BALM (30ml)<\/h3>\n<p>\n Biljni balzam za tretiranje manjih posjekotina, modrica, uboda p\u010dela, ugriza komaraca, opeklina, ozeblina te za umirivanje crvenila ko\u017ee.\n      <\/p>\n<\/p><\/div>\n<div class=\"product-item\" style=\"flex: 1 1 220px; border: 1px solid #eee; padding: 15px; border-radius: 8px;\">\n<h3>SPREJ ZA DEZINFEKCIJU RUKU (50ml)<\/h3>\n<p>\n Oboga\u0107en gavezom koji prirodno sadr\u017ei alantoin, a poma\u017ee u za\u0161titi i regeneraciji ko\u017ee.<br \/>\n Sadr\u017ei 60% alkohola te prirodna eteri\u010dna ulja lavande i ru\u017emarina za u\u010dinkovitu za\u0161titu bez iritacija.\n      <\/p>\n<\/p><\/div>\n<div class=\"product-item\" style=\"flex: 1 1 220px; border: 1px solid #eee; padding: 15px; border-radius: 8px;\">\n<h3>BILJNI SAPUN (75g)<\/h3>\n<p>\n Oboga\u0107en aktivnim ugljenom i nevenom za nje\u017enu detoksikaciju ko\u017ee. Nakon upotrebe spremite ga u prilo\u017eenu ZIP vre\u0107icu kako bi ko\u017ea ostala meka i nje\u017ena \u2014 idealno za svakodnevnu upotrebu.\n      <\/p>\n<\/p><\/div>\n<div class=\"product-item\" style=\"flex: 1 1 220px; border: 1px solid #eee; padding: 15px; border-radius: 8px;\">\n<h3>BUG OFF! \u2013 sprej protiv komaraca (50ml) <\/h3>\n<p>\n Prirodni repelent protiv komaraca koji vas \u0161titi dok boravite na otvorenom.\n      <\/p>\n<\/p><\/div>\n<\/p><\/div>\n<\/section>\n","protected":false},"excerpt":{"rendered":"<p>Putni set za njegu Ovaj set sadr\u017ei sve \u0161to vam je potrebno da se osje\u0107ate \u010disto i za\u0161ti\u0107eno tijekom putovanja: S.O.S. BALM (30ml) Biljni balzam za tretiranje manjih posjekotina, modrica, uboda p\u010dela, ugriza komaraca, opeklina, ozeblina te za umirivanje crvenila ko\u017ee. SPREJ ZA DEZINFEKCIJU RUKU (50ml) Oboga\u0107en gavezom koji prirodno sadr\u017ei alantoin, a poma\u017ee u [&hellip;]<\/p>\n","protected":false},"featured_media":6750,"template":"","meta":{"_acf_changed":false},"product_brand":[],"product_cat":[128],"product_tag":[],"class_list":{"0":"post-6751","1":"product","2":"type-product","3":"status-publish","4":"has-post-thumbnail","6":"product_cat-gifts","9":"instock","10":"shipping-taxable","11":"product-type-simple","12":"product-grid-view"},"acf":[],"_links":{"self":[{"href":"https:\/\/azena.novevibracije.com\/hr\/wp-json\/wp\/v2\/product\/6751","targetHints":{"allow":["GET"]}}],"collection":[{"href":"https:\/\/azena.novevibracije.com\/hr\/wp-json\/wp\/v2\/product"}],"about":[{"href":"https:\/\/azena.novevibracije.com\/hr\/wp-json\/wp\/v2\/types\/product"}],"wp:featuredmedia":[{"embeddable":true,"href":"https:\/\/azena.novevibracije.com\/hr\/wp-json\/wp\/v2\/media\/6750"}],"wp:attachment":[{"href":"https:\/\/azena.novevibracije.com\/hr\/wp-json\/wp\/v2\/media?parent=6751"}],"wp:term":[{"taxonomy":"product_brand","embeddable":true,"href":"https:\/\/azena.novevibracije.com\/hr\/wp-json\/wp\/v2\/product_brand?post=6751"},{"taxonomy":"product_cat","embeddable":true,"href":"https:\/\/azena.novevibracije.com\/hr\/wp-json\/wp\/v2\/product_cat?post=6751"},{"taxonomy":"product_tag","embeddable":true,"href":"https:\/\/azena.novevibracije.com\/hr\/wp-json\/wp\/v2\/product_tag?post=6751"}],"curies":[{"name":"wp","href":"https:\/\/api.w.org\/{rel}","templated":true}]}}