{"id":6749,"date":"2021-10-18T12:36:28","date_gmt":"2021-10-18T12:36:28","guid":{"rendered":"https:\/\/azena.novevibracije.com\/product\/caj-i-pokreni-se\/"},"modified":"2021-10-18T12:36:28","modified_gmt":"2021-10-18T12:36:28","slug":"caj-i-pokreni-se","status":"publish","type":"product","link":"https:\/\/azena.novevibracije.com\/hr\/proizvod\/caj-i-pokreni-se\/","title":{"rendered":"\u010cAJ! i pokreni se"},"content":{"rendered":"<section class=\"product-description\">\n<h2>Waking Up Tea<\/h2>\n<p><strong>\u010caj za:<\/strong><\/p>\n<ul>\n<li>Razbu\u0111ivanje<\/li>\n<li>Zagrijavanje tijela<\/li>\n<li>Pokretanje organizma i poticanje probave<\/li>\n<\/ul>\n<p>\n \u010caj oboga\u0107en pikantnim \u0111umbirom i korom naran\u010de, ostavit \u0107e dugotrajan osje\u0107aj topline u tijelu, pokrenuti vas, razbuditi i oraspolo\u017eiti. Na\u0161i su \u010dajevi od ru\u010dno probranog bilja iz hrvatske proizvodnje. Bez umjetnih boja. Bez konzervansa.\n  <\/p>\n<h4>Sastojci:<\/h4>\n<ul>\n<li>Kora naran\u010de<\/li>\n<li>Korijen \u0111umbira<\/li>\n<li>Cvijet naran\u010de<\/li>\n<li>Cvijet hibiskusa<\/li>\n<li>Plod jabuke<\/li>\n<li>List mati\u010dnjaka<\/li>\n<li>Cvijet nevena<\/li>\n<\/ul>\n<h4>Priprema:<\/h4>\n<p>\n Dvije \u010dajne \u017elice \u010daja ubacite u svoj infuzor (mre\u017eicu za \u010daj), vre\u010dicu za \u010daj ili direktno u posudu u kojoj zakuhavate vodu. Temperatura vode neka bude 100\u00b0C. \u010caj ostavite u vodi 10 \u2013 12 minuta. Procijedite \u010daj. Zasladite sladilom po va\u0161em izboru ili dodajte malo limunovog soka.\n  <\/p>\n<\/section>\n","protected":false},"excerpt":{"rendered":"<p>Waking Up Tea \u010caj za: Razbu\u0111ivanje Zagrijavanje tijela Pokretanje organizma i poticanje probave \u010caj oboga\u0107en pikantnim \u0111umbirom i korom naran\u010de, ostavit \u0107e dugotrajan osje\u0107aj topline u tijelu, pokrenuti vas, razbuditi i oraspolo\u017eiti. Na\u0161i su \u010dajevi od ru\u010dno probranog bilja iz hrvatske proizvodnje. Bez umjetnih boja. Bez konzervansa. Sastojci: Kora naran\u010de Korijen \u0111umbira Cvijet naran\u010de Cvijet [&hellip;]<\/p>\n","protected":false},"featured_media":6748,"template":"","meta":{"_acf_changed":false},"product_brand":[],"product_cat":[133],"product_tag":[],"class_list":{"0":"post-6749","1":"product","2":"type-product","3":"status-publish","4":"has-post-thumbnail","6":"product_cat-biljne-mjesavine-cajeva","9":"instock","10":"shipping-taxable","11":"product-type-simple","12":"product-grid-view"},"acf":[],"_links":{"self":[{"href":"https:\/\/azena.novevibracije.com\/hr\/wp-json\/wp\/v2\/product\/6749","targetHints":{"allow":["GET"]}}],"collection":[{"href":"https:\/\/azena.novevibracije.com\/hr\/wp-json\/wp\/v2\/product"}],"about":[{"href":"https:\/\/azena.novevibracije.com\/hr\/wp-json\/wp\/v2\/types\/product"}],"wp:featuredmedia":[{"embeddable":true,"href":"https:\/\/azena.novevibracije.com\/hr\/wp-json\/wp\/v2\/media\/6748"}],"wp:attachment":[{"href":"https:\/\/azena.novevibracije.com\/hr\/wp-json\/wp\/v2\/media?parent=6749"}],"wp:term":[{"taxonomy":"product_brand","embeddable":true,"href":"https:\/\/azena.novevibracije.com\/hr\/wp-json\/wp\/v2\/product_brand?post=6749"},{"taxonomy":"product_cat","embeddable":true,"href":"https:\/\/azena.novevibracije.com\/hr\/wp-json\/wp\/v2\/product_cat?post=6749"},{"taxonomy":"product_tag","embeddable":true,"href":"https:\/\/azena.novevibracije.com\/hr\/wp-json\/wp\/v2\/product_tag?post=6749"}],"curies":[{"name":"wp","href":"https:\/\/api.w.org\/{rel}","templated":true}]}}