{"id":6747,"date":"2021-10-18T15:38:39","date_gmt":"2021-10-18T15:38:39","guid":{"rendered":"https:\/\/azena.novevibracije.com\/product\/caj-i-prepusti-se\/"},"modified":"2021-10-18T15:38:39","modified_gmt":"2021-10-18T15:38:39","slug":"caj-i-prepusti-se","status":"publish","type":"product","link":"https:\/\/azena.novevibracije.com\/hr\/proizvod\/caj-i-prepusti-se\/","title":{"rendered":"\u010cAJ! i prepusti se"},"content":{"rendered":"<section class=\"product-description\">\n<h2>Relaxation &amp; Recovery Tea<\/h2>\n<p><strong>\u010caj za:<\/strong><\/p>\n<ul>\n<li>Opu\u0161tanje<\/li>\n<li>Oporavak<\/li>\n<\/ul>\n<p>\n Biljna mje\u0161avina kojoj se jednostavno prepusti\u0161! \ud83d\ude42 Oboga\u0107en lavandom za opu\u0161tanje i smirivanje organizma. Na\u0161i su \u010dajevi od ru\u010dno probranog bilja iz hrvatske proizvodnje. Bez umjetnih boja. Bez konzervansa.\n  <\/p>\n<h4>Sastojci:<\/h4>\n<ul>\n<li>Plod \u0161umskog vo\u0107a<\/li>\n<li>Cvijet naran\u010de<\/li>\n<li>Cvijet crne lipe<\/li>\n<li>List mati\u010dnjaka<\/li>\n<li>Cvijet lavande<\/li>\n<\/ul>\n<h4>Priprema:<\/h4>\n<p>\n Dvije \u010dajne \u017elice \u010daja ubacite u svoj infuzor (mre\u017eicu za \u010daj), vre\u010dicu za \u010daj ili direktno u posudu u kojoj zakuhavate vodu. Temperatura vode neka bude 100\u00b0C. \u010caj ostavite u vodi 10 \u2013 12 minuta. Procijedite \u010daj. Zasladite sladilom po va\u0161em izboru ili dodajte malo limunovog soka.\n  <\/p>\n<\/section>\n","protected":false},"excerpt":{"rendered":"<p>Relaxation &amp; Recovery Tea \u010caj za: Opu\u0161tanje Oporavak Biljna mje\u0161avina kojoj se jednostavno prepusti\u0161! \ud83d\ude42 Oboga\u0107en lavandom za opu\u0161tanje i smirivanje organizma. Na\u0161i su \u010dajevi od ru\u010dno probranog bilja iz hrvatske proizvodnje. Bez umjetnih boja. Bez konzervansa. Sastojci: Plod \u0161umskog vo\u0107a Cvijet naran\u010de Cvijet crne lipe List mati\u010dnjaka Cvijet lavande Priprema: Dvije \u010dajne \u017elice \u010daja [&hellip;]<\/p>\n","protected":false},"featured_media":6746,"template":"","meta":{"_acf_changed":false},"product_brand":[],"product_cat":[133],"product_tag":[],"class_list":{"0":"post-6747","1":"product","2":"type-product","3":"status-publish","4":"has-post-thumbnail","6":"product_cat-biljne-mjesavine-cajeva","9":"instock","10":"shipping-taxable","11":"product-type-simple","12":"product-grid-view"},"acf":[],"_links":{"self":[{"href":"https:\/\/azena.novevibracije.com\/hr\/wp-json\/wp\/v2\/product\/6747","targetHints":{"allow":["GET"]}}],"collection":[{"href":"https:\/\/azena.novevibracije.com\/hr\/wp-json\/wp\/v2\/product"}],"about":[{"href":"https:\/\/azena.novevibracije.com\/hr\/wp-json\/wp\/v2\/types\/product"}],"wp:featuredmedia":[{"embeddable":true,"href":"https:\/\/azena.novevibracije.com\/hr\/wp-json\/wp\/v2\/media\/6746"}],"wp:attachment":[{"href":"https:\/\/azena.novevibracije.com\/hr\/wp-json\/wp\/v2\/media?parent=6747"}],"wp:term":[{"taxonomy":"product_brand","embeddable":true,"href":"https:\/\/azena.novevibracije.com\/hr\/wp-json\/wp\/v2\/product_brand?post=6747"},{"taxonomy":"product_cat","embeddable":true,"href":"https:\/\/azena.novevibracije.com\/hr\/wp-json\/wp\/v2\/product_cat?post=6747"},{"taxonomy":"product_tag","embeddable":true,"href":"https:\/\/azena.novevibracije.com\/hr\/wp-json\/wp\/v2\/product_tag?post=6747"}],"curies":[{"name":"wp","href":"https:\/\/api.w.org\/{rel}","templated":true}]}}