{"id":6745,"date":"2021-10-18T16:11:00","date_gmt":"2021-10-18T16:11:00","guid":{"rendered":"https:\/\/azena.novevibracije.com\/product\/caj-i-prodisi\/"},"modified":"2021-10-18T16:11:00","modified_gmt":"2021-10-18T16:11:00","slug":"caj-i-prodisi","status":"publish","type":"product","link":"https:\/\/azena.novevibracije.com\/hr\/proizvod\/caj-i-prodisi\/","title":{"rendered":"\u010caj! i prodi\u0161i"},"content":{"rendered":"<section class=\"product-description\">\n<h2>\u010caj za potporu di\u0161nom sustavu<\/h2>\n<p><strong>\u010caj za:<\/strong><\/p>\n<ul>\n<li>Potporu di\u0161nom sustavu<\/li>\n<li>osje\u0107aj svje\u017eine<\/li>\n<li>Ja\u010danje imuniteta s antibakterijskim djelovanjem<\/li>\n<\/ul>\n<p>\n \u2026i duboko udahni! \u010cajna mje\u0161avina sa sljezom i mentom koji pobolj\u0161avaju disanje, oboga\u0107ena s ru\u017emarinom, cvijetom i korom od naran\u010de, pridonose procesu br\u017ee regeneracije organizma. Na\u0161i \u010dajevi su od ru\u010dno probranog bilja iz hrvatske proizvodnje. Bez umjetnih boja i aroma. Bez konzervansa.\n  <\/p>\n<h4>Sastojci:<\/h4>\n<ul>\n<li>Cvijet naran\u010de<\/li>\n<li>Kora naran\u010de<\/li>\n<li>Korijen bijelog sljeza<\/li>\n<li>Cvijet bijele lipe<\/li>\n<li>Cvijet bazge<\/li>\n<li>List mente<\/li>\n<li>List ru\u017emarina<\/li>\n<\/ul>\n<h4>Priprema:<\/h4>\n<p>\n Dvije \u010dajne \u017elice \u010daja ubacite u svoj infuzor (mre\u017eicu za \u010daj), vre\u010dicu za \u010daj ili direktno u posudu u kojoj zakuhavate vodu. Temperatura vode neka bude 100\u00b0C. \u010caj ostavite u vodi 8 \u2013 10 minuta. Procijedite bilje. Zasladite sladilom po va\u0161em izboru ili dodajte malo limunovog soka.\n  <\/p>\n<\/section>\n","protected":false},"excerpt":{"rendered":"<p>\u010caj za potporu di\u0161nom sustavu \u010caj za: Potporu di\u0161nom sustavu osje\u0107aj svje\u017eine Ja\u010danje imuniteta s antibakterijskim djelovanjem \u2026i duboko udahni! \u010cajna mje\u0161avina sa sljezom i mentom koji pobolj\u0161avaju disanje, oboga\u0107ena s ru\u017emarinom, cvijetom i korom od naran\u010de, pridonose procesu br\u017ee regeneracije organizma. Na\u0161i \u010dajevi su od ru\u010dno probranog bilja iz hrvatske proizvodnje. Bez umjetnih boja [&hellip;]<\/p>\n","protected":false},"featured_media":6744,"template":"","meta":{"_acf_changed":false},"product_brand":[],"product_cat":[133],"product_tag":[],"class_list":{"0":"post-6745","1":"product","2":"type-product","3":"status-publish","4":"has-post-thumbnail","6":"product_cat-biljne-mjesavine-cajeva","9":"instock","10":"shipping-taxable","11":"product-type-simple","12":"product-grid-view"},"acf":[],"_links":{"self":[{"href":"https:\/\/azena.novevibracije.com\/hr\/wp-json\/wp\/v2\/product\/6745","targetHints":{"allow":["GET"]}}],"collection":[{"href":"https:\/\/azena.novevibracije.com\/hr\/wp-json\/wp\/v2\/product"}],"about":[{"href":"https:\/\/azena.novevibracije.com\/hr\/wp-json\/wp\/v2\/types\/product"}],"wp:featuredmedia":[{"embeddable":true,"href":"https:\/\/azena.novevibracije.com\/hr\/wp-json\/wp\/v2\/media\/6744"}],"wp:attachment":[{"href":"https:\/\/azena.novevibracije.com\/hr\/wp-json\/wp\/v2\/media?parent=6745"}],"wp:term":[{"taxonomy":"product_brand","embeddable":true,"href":"https:\/\/azena.novevibracije.com\/hr\/wp-json\/wp\/v2\/product_brand?post=6745"},{"taxonomy":"product_cat","embeddable":true,"href":"https:\/\/azena.novevibracije.com\/hr\/wp-json\/wp\/v2\/product_cat?post=6745"},{"taxonomy":"product_tag","embeddable":true,"href":"https:\/\/azena.novevibracije.com\/hr\/wp-json\/wp\/v2\/product_tag?post=6745"}],"curies":[{"name":"wp","href":"https:\/\/api.w.org\/{rel}","templated":true}]}}