{"id":6743,"date":"2020-06-18T12:32:21","date_gmt":"2020-06-18T12:32:21","guid":{"rendered":"https:\/\/azena.novevibracije.com\/product\/soft-foot\/"},"modified":"2020-06-18T12:32:21","modified_gmt":"2020-06-18T12:32:21","slug":"soft-foot","status":"publish","type":"product","link":"https:\/\/azena.novevibracije.com\/hr\/proizvod\/soft-foot\/","title":{"rendered":"Soft Foot"},"content":{"rendered":"<section class=\"product-description\">\n<h2>Soft Foot Balzam<\/h2>\n<p>\n Omek\u0161ajte tvrde pete, izmasirajte umorna stopala i opustite se. Oboga\u0107en ekstraktima nevena i gaveza, ovaj balzam poma\u017ee u prevenciji atletskog stopala, odr\u017eava pete i nokte mekim i zdravima, a lavanda poma\u017ee opustiti mi\u0161i\u0107e nakon dugog dana na nogama.\n  <\/p>\n<div class=\"ingredients\" style=\"margin-top: 20px;\">\n<h3>Glavni sastojci<\/h3>\n<ul>\n<li>Cera Flava (p\u010delinji vosak)<\/li>\n<li>Symphytum Officinale Root Extract (ekstrakt korijena gaveza)<\/li>\n<li>Calendula Officinalis Flower Extract (ekstrakt cvijeta nevena)<\/li>\n<li>Helianthus Annuus Seed Oil (ulje sjemenki suncokreta)<\/li>\n<\/ul><\/div>\n<div class=\"additional-info\" style=\"margin-top: 25px;\">\n<p>\n      <em>* Pro\u010ditajte o djelovanju i korisnosti ovih sastojaka na na\u0161em Herbariju.<\/em>\n    <\/p>\n<p>\n      <em>* Za sva pitanja i narud\u017ebe kontaktirajte nas na <strong>info@azena.hr<\/strong> ili na <strong>+385 1 6226 111.<\/strong><\/em>\n    <\/p>\n<\/p><\/div>\n<\/section>\n","protected":false},"excerpt":{"rendered":"<p>Soft Foot Balzam Omek\u0161ajte tvrde pete, izmasirajte umorna stopala i opustite se. Oboga\u0107en ekstraktima nevena i gaveza, ovaj balzam poma\u017ee u prevenciji atletskog stopala, odr\u017eava pete i nokte mekim i zdravima, a lavanda poma\u017ee opustiti mi\u0161i\u0107e nakon dugog dana na nogama. Glavni sastojci Cera Flava (p\u010delinji vosak) Symphytum Officinale Root Extract (ekstrakt korijena gaveza) Calendula [&hellip;]<\/p>\n","protected":false},"featured_media":6742,"template":"","meta":{"_acf_changed":false},"product_brand":[],"product_cat":[131],"product_tag":[],"class_list":{"0":"post-6743","1":"product","2":"type-product","3":"status-publish","4":"has-post-thumbnail","6":"product_cat-herbal-body-care","9":"instock","10":"shipping-taxable","11":"product-type-simple","12":"product-grid-view"},"acf":[],"_links":{"self":[{"href":"https:\/\/azena.novevibracije.com\/hr\/wp-json\/wp\/v2\/product\/6743","targetHints":{"allow":["GET"]}}],"collection":[{"href":"https:\/\/azena.novevibracije.com\/hr\/wp-json\/wp\/v2\/product"}],"about":[{"href":"https:\/\/azena.novevibracije.com\/hr\/wp-json\/wp\/v2\/types\/product"}],"wp:featuredmedia":[{"embeddable":true,"href":"https:\/\/azena.novevibracije.com\/hr\/wp-json\/wp\/v2\/media\/6742"}],"wp:attachment":[{"href":"https:\/\/azena.novevibracije.com\/hr\/wp-json\/wp\/v2\/media?parent=6743"}],"wp:term":[{"taxonomy":"product_brand","embeddable":true,"href":"https:\/\/azena.novevibracije.com\/hr\/wp-json\/wp\/v2\/product_brand?post=6743"},{"taxonomy":"product_cat","embeddable":true,"href":"https:\/\/azena.novevibracije.com\/hr\/wp-json\/wp\/v2\/product_cat?post=6743"},{"taxonomy":"product_tag","embeddable":true,"href":"https:\/\/azena.novevibracije.com\/hr\/wp-json\/wp\/v2\/product_tag?post=6743"}],"curies":[{"name":"wp","href":"https:\/\/api.w.org\/{rel}","templated":true}]}}