{"id":6741,"date":"2021-11-17T11:02:20","date_gmt":"2021-11-17T11:02:20","guid":{"rendered":"https:\/\/azena.novevibracije.com\/product\/laku-noc-mood\/"},"modified":"2021-11-17T11:02:20","modified_gmt":"2021-11-17T11:02:20","slug":"laku-noc-mood","status":"publish","type":"product","link":"https:\/\/azena.novevibracije.com\/hr\/proizvod\/laku-noc-mood\/","title":{"rendered":"Laku no\u0107! Mood"},"content":{"rendered":"<section class=\"product-description\">\n<h2>Laku no\u0107! Mood mje\u0161avina ulja<\/h2>\n<div class=\"product-item\" style=\"display: flex; gap: 20px; align-items: flex-start; border: 1px solid #eee; padding: 15px; border-radius: 8px;\">\n    <img decoding=\"async\" src=\"\/wp-content\/uploads\/2026\/01\/product-details.png\" alt=\"Detalji proizvoda\" style=\"max-width: 400px; border-radius: 8px;\"><\/p>\n<div>\n<p>\n Laku no\u0107! Mood mje\u0161avina ulja je kombinacija eteri\u010dnih ulja namijenjena opu\u0161tanju. Odli\u010dna je za kori\u0161tenje na kraju radnog dana ili kad \u017eelite stvoriti umiruju\u0107u atmosferu. Great for use at the end of the work day or when you want to create a relaxing atmosphere.\n      <\/p>\n<h4>AZENA preporu\u010da:<\/h4>\n<ul>\n<li>Koristite je kako biste otpustili negativne misli ili kada osje\u0107ate tjeskobu.<\/li>\n<li>Dodajte nekoliko kapi u difuzor ili aroma lampu kod ku\u0107e, u spava\u0107oj sobi ili u yoga studiju kako biste stvorili opu\u0161taju\u0107e, umiruju\u0107e i aromati\u010dno okru\u017eenje.<\/li>\n<li>Ako imate pote\u0161ko\u0107a sa spavanjem, koristite je za ubla\u017eavanje napetosti.<\/li>\n<\/ul>\n<p>Difuzirajte do 1 sat, 3 puta dnevno.<\/p>\n<h4>Sastojci:<\/h4>\n<ul>\n<li>Eteri\u010dno ulje lavande<\/li>\n<li>Eteri\u010dno ulje lista gorke naran\u010de<\/li>\n<li>Eteri\u010dno ulje mandarine<\/li>\n<\/ul>\n<p>100% prirodna, visokokvalitetna ulja koja traju dulje.<\/p>\n<\/p><\/div>\n<\/p><\/div>\n<\/section>\n","protected":false},"excerpt":{"rendered":"<p>Laku no\u0107! Mood mje\u0161avina ulja Laku no\u0107! Mood mje\u0161avina ulja je kombinacija eteri\u010dnih ulja namijenjena opu\u0161tanju. Odli\u010dna je za kori\u0161tenje na kraju radnog dana ili kad \u017eelite stvoriti umiruju\u0107u atmosferu. Great for use at the end of the work day or when you want to create a relaxing atmosphere. AZENA preporu\u010da: Koristite je kako biste [&hellip;]<\/p>\n","protected":false},"featured_media":6740,"template":"","meta":{"_acf_changed":false},"product_brand":[],"product_cat":[132],"product_tag":[],"class_list":{"0":"post-6741","1":"product","2":"type-product","3":"status-publish","4":"has-post-thumbnail","6":"product_cat-opustajuci-kutak","9":"instock","10":"shipping-taxable","11":"product-type-simple","12":"product-grid-view"},"acf":[],"_links":{"self":[{"href":"https:\/\/azena.novevibracije.com\/hr\/wp-json\/wp\/v2\/product\/6741","targetHints":{"allow":["GET"]}}],"collection":[{"href":"https:\/\/azena.novevibracije.com\/hr\/wp-json\/wp\/v2\/product"}],"about":[{"href":"https:\/\/azena.novevibracije.com\/hr\/wp-json\/wp\/v2\/types\/product"}],"wp:featuredmedia":[{"embeddable":true,"href":"https:\/\/azena.novevibracije.com\/hr\/wp-json\/wp\/v2\/media\/6740"}],"wp:attachment":[{"href":"https:\/\/azena.novevibracije.com\/hr\/wp-json\/wp\/v2\/media?parent=6741"}],"wp:term":[{"taxonomy":"product_brand","embeddable":true,"href":"https:\/\/azena.novevibracije.com\/hr\/wp-json\/wp\/v2\/product_brand?post=6741"},{"taxonomy":"product_cat","embeddable":true,"href":"https:\/\/azena.novevibracije.com\/hr\/wp-json\/wp\/v2\/product_cat?post=6741"},{"taxonomy":"product_tag","embeddable":true,"href":"https:\/\/azena.novevibracije.com\/hr\/wp-json\/wp\/v2\/product_tag?post=6741"}],"curies":[{"name":"wp","href":"https:\/\/api.w.org\/{rel}","templated":true}]}}