{"id":6735,"date":"2022-02-21T12:10:45","date_gmt":"2022-02-21T12:10:45","guid":{"rendered":"https:\/\/azena.novevibracije.com\/product\/nocna-krema-za-lice\/"},"modified":"2022-02-21T12:10:45","modified_gmt":"2022-02-21T12:10:45","slug":"nocna-krema-za-lice","status":"publish","type":"product","link":"https:\/\/azena.novevibracije.com\/hr\/proizvod\/nocna-krema-za-lice\/","title":{"rendered":"No\u0107na Krema Za Lice"},"content":{"rendered":"<section class=\"product-description\">\n<div class=\"eco-info\" style=\"margin-bottom: 25px;\">\n<h3>Jeste li znali?<\/h3>\n<p>\n AZENA KREME ZA LICE pakiramo u inovativne, <strong>ekolo\u0161ki prihvatljive tube<\/strong>, izra\u0111ene od 100% \u0161e\u0107erne trske. Plastika dobijena od \u0161e\u0107erne trske je biljnog podrijetla umjesto naftnog, \u0161to zna\u010di da je obnovljivi ekolo\u0161ki resurs koji se reproducira za manje od godinu dana. Ovo nam mnogo zna\u010di jer mo\u017eemo spojiti prirodnost i u\u010dinkovitost na\u0161ih sastojaka s pakiranjem koje pridonosi o\u010duvanju okoli\u0161a i Zemljinog ekosustava!\n    <\/p>\n<\/p><\/div>\n<div class=\"product-item\" style=\"border: 1px solid #eee; padding: 15px; border-radius: 8px;\">\n<h3>AZENA No\u0107na Krema Za Lice<\/h3>\n<p>\n Ciljano djeluje na ko\u017eu kada je spremna za zacjeljivanje \u2013 dok spavate! Ova \u010dista, prirodna hidratantna krema poma\u017ee ujedna\u010diti ton ko\u017ee, smanjuje hiperpigmentaciju, tamne kolutove ispod o\u010diju, te smiruje crvenilo. Mje\u0161avina mo\u0107nih sastojaka, poput <strong>ulja badema i ko\u0161tice marelice, \u010dajna vodica preslice<\/strong> i <strong>Q10<\/strong> smanjuje pojavu finih linija i bora.<br \/>\n<strong>Maslinovo ulje, skvalen i vitamin E<\/strong> doprinose blistavijem tenu, mladolikoj, mek\u0161oj ko\u017ei.\n    <\/p>\n<h4>Klju\u010dni sastojci:<\/h4>\n<ul>\n<li>\u010cajna voda preslice<\/li>\n<li>Ekstrakt nevena<\/li>\n<li>Ekstrakt gaveza<\/li>\n<li>Maslinovo ulje<\/li>\n<li>Ulje badema<\/li>\n<li>Ulje ko\u0161tica marelice<\/li>\n<li>Q10<\/li>\n<li>Pantenol<\/li>\n<\/ul><\/div>\n<\/section>\n","protected":false},"excerpt":{"rendered":"<p>Jeste li znali? AZENA KREME ZA LICE pakiramo u inovativne, ekolo\u0161ki prihvatljive tube, izra\u0111ene od 100% \u0161e\u0107erne trske. Plastika dobijena od \u0161e\u0107erne trske je biljnog podrijetla umjesto naftnog, \u0161to zna\u010di da je obnovljivi ekolo\u0161ki resurs koji se reproducira za manje od godinu dana. Ovo nam mnogo zna\u010di jer mo\u017eemo spojiti prirodnost i u\u010dinkovitost na\u0161ih sastojaka [&hellip;]<\/p>\n","protected":false},"featured_media":6614,"template":"","meta":{"_acf_changed":false},"product_brand":[],"product_cat":[129],"product_tag":[],"class_list":{"0":"post-6735","1":"product","2":"type-product","3":"status-publish","4":"has-post-thumbnail","6":"product_cat-herbal-face-care","9":"instock","10":"shipping-taxable","11":"product-type-simple","12":"product-grid-view"},"acf":[],"_links":{"self":[{"href":"https:\/\/azena.novevibracije.com\/hr\/wp-json\/wp\/v2\/product\/6735","targetHints":{"allow":["GET"]}}],"collection":[{"href":"https:\/\/azena.novevibracije.com\/hr\/wp-json\/wp\/v2\/product"}],"about":[{"href":"https:\/\/azena.novevibracije.com\/hr\/wp-json\/wp\/v2\/types\/product"}],"wp:featuredmedia":[{"embeddable":true,"href":"https:\/\/azena.novevibracije.com\/hr\/wp-json\/wp\/v2\/media\/6614"}],"wp:attachment":[{"href":"https:\/\/azena.novevibracije.com\/hr\/wp-json\/wp\/v2\/media?parent=6735"}],"wp:term":[{"taxonomy":"product_brand","embeddable":true,"href":"https:\/\/azena.novevibracije.com\/hr\/wp-json\/wp\/v2\/product_brand?post=6735"},{"taxonomy":"product_cat","embeddable":true,"href":"https:\/\/azena.novevibracije.com\/hr\/wp-json\/wp\/v2\/product_cat?post=6735"},{"taxonomy":"product_tag","embeddable":true,"href":"https:\/\/azena.novevibracije.com\/hr\/wp-json\/wp\/v2\/product_tag?post=6735"}],"curies":[{"name":"wp","href":"https:\/\/api.w.org\/{rel}","templated":true}]}}