{"id":6728,"date":"2018-02-26T10:41:17","date_gmt":"2018-02-26T10:41:17","guid":{"rendered":"https:\/\/azena.novevibracije.com\/product\/magic-tattoo-balzam\/"},"modified":"2018-02-26T10:41:17","modified_gmt":"2018-02-26T10:41:17","slug":"magic-tattoo-balzam","status":"publish","type":"product","link":"https:\/\/azena.novevibracije.com\/hr\/proizvod\/magic-tattoo-balzam\/","title":{"rendered":"Magic Tattoo Balzam"},"content":{"rendered":"<section class=\"product-description\">\n<h2>Magic Tattoo Balzam<\/h2>\n<p>\n Magic Tattoo Balm je proizvod za koji \u0107e vam ko\u017ea biti zahvalna. Napravljen sa 100% prirodnim sastojcima, podr\u017eava potrebe svje\u017ee tetoviranom ko\u017ee kao i dugotrajnu njegu nakon zarastanja.\n  <\/p>\n<p>\n Svojstva kalcija i cink oksida pru\u017eaju protuupalnu i antibakterijsku podr\u0161ku, dok ulje lavande i suncokretovo ulje ubrzavaju zarastanje ko\u017ee i pobolj\u0161avaju elasti\u010dnost. Cink oksid tako\u0111er nudi lagani UV filter koji poma\u017ee za\u0161tititi tetova\u017ee od izlaganja suncu. Bez sinteti\u010dkih sastojaka, vode i alkohola.\n  <\/p>\n<div class=\"key-ingredients\" style=\"margin-top: 20px;\">\n<h3>Sastojci:<\/h3>\n<ul>\n<li>Helianthus Annuus Seed Oil (ulje sjemenki suncokreta)<\/li>\n<li>Calendula Officinalis Flower Extract (ekstrakt cvijeta nevena)<\/li>\n<li>Cink oksid<\/li>\n<\/ul><\/div>\n<div class=\"additional-info\" style=\"margin-top: 25px;\">\n<p>\n      <em>Pro\u010ditajte o djelovanju i korisnosti ovih sastojaka na na\u0161em Herbariju.<\/em>\n    <\/p>\n<p>\n      <em>Za sva pitanja i narud\u017ebe kontaktirajte nas na<strong> info@azena.hr<\/strong> ili na <strong>+385 1 6226 111.<\/strong><\/em>\n    <\/p>\n<\/p><\/div>\n<\/section>\n","protected":false},"excerpt":{"rendered":"<p>Magic Tattoo Balzam Magic Tattoo Balm je proizvod za koji \u0107e vam ko\u017ea biti zahvalna. Napravljen sa 100% prirodnim sastojcima, podr\u017eava potrebe svje\u017ee tetoviranom ko\u017ee kao i dugotrajnu njegu nakon zarastanja. Svojstva kalcija i cink oksida pru\u017eaju protuupalnu i antibakterijsku podr\u0161ku, dok ulje lavande i suncokretovo ulje ubrzavaju zarastanje ko\u017ee i pobolj\u0161avaju elasti\u010dnost. Cink oksid [&hellip;]<\/p>\n","protected":false},"featured_media":1347,"template":"","meta":{"_acf_changed":false},"product_brand":[],"product_cat":[131],"product_tag":[],"class_list":{"0":"post-6728","1":"product","2":"type-product","3":"status-publish","4":"has-post-thumbnail","6":"product_cat-herbal-body-care","9":"instock","10":"shipping-taxable","11":"product-type-simple","12":"product-grid-view"},"acf":[],"_links":{"self":[{"href":"https:\/\/azena.novevibracije.com\/hr\/wp-json\/wp\/v2\/product\/6728","targetHints":{"allow":["GET"]}}],"collection":[{"href":"https:\/\/azena.novevibracije.com\/hr\/wp-json\/wp\/v2\/product"}],"about":[{"href":"https:\/\/azena.novevibracije.com\/hr\/wp-json\/wp\/v2\/types\/product"}],"wp:featuredmedia":[{"embeddable":true,"href":"https:\/\/azena.novevibracije.com\/hr\/wp-json\/wp\/v2\/media\/1347"}],"wp:attachment":[{"href":"https:\/\/azena.novevibracije.com\/hr\/wp-json\/wp\/v2\/media?parent=6728"}],"wp:term":[{"taxonomy":"product_brand","embeddable":true,"href":"https:\/\/azena.novevibracije.com\/hr\/wp-json\/wp\/v2\/product_brand?post=6728"},{"taxonomy":"product_cat","embeddable":true,"href":"https:\/\/azena.novevibracije.com\/hr\/wp-json\/wp\/v2\/product_cat?post=6728"},{"taxonomy":"product_tag","embeddable":true,"href":"https:\/\/azena.novevibracije.com\/hr\/wp-json\/wp\/v2\/product_tag?post=6728"}],"curies":[{"name":"wp","href":"https:\/\/api.w.org\/{rel}","templated":true}]}}