{"id":6726,"date":"2021-11-24T12:21:05","date_gmt":"2021-11-24T12:21:05","guid":{"rendered":"https:\/\/azena.novevibracije.com\/product\/holly-jolly\/"},"modified":"2026-02-10T09:51:05","modified_gmt":"2026-02-10T09:51:05","slug":"holly-jolly","status":"publish","type":"product","link":"https:\/\/azena.novevibracije.com\/hr\/proizvod\/holly-jolly\/","title":{"rendered":"Holly &amp; Jolly"},"content":{"rendered":"<section class=\"product-description\">\n<h2>Holly &amp; Jolly poklon paket<\/h2>\n<p><strong>Ovaj poklon set sadr\u017ei:<\/strong><\/p>\n<div class=\"product-set\" style=\"display: flex; flex-wrap: wrap; gap: 20px;\">\n<div class=\"product-item\" style=\"flex: 1 1 220px; border: 1px solid #eee; padding: 15px; border-radius: 8px;\">\n<h3>\u017dENA (150 ml)<\/h3>\n<p>\n Prirodni balzam za tijelo s mandarinom. Prikladan za sve uzraste i tipove ko\u017ee. 100% prirodan, ru\u010dno ra\u0111en kozmeti\u010dki proizvod.\n      <\/p>\n<\/p><\/div>\n<div class=\"product-item\" style=\"flex: 1 1 220px; border: 1px solid #eee; padding: 15px; border-radius: 8px;\">\n<h3>KREMA ZA RUKE LAVANDA &amp; TANGERINA (50ml)<\/h3>\n<p>\n Hidratantna i hranjiva krema za ruke. Pakirana u <strong>ekolo\u0161ki prihvatljive tube<\/strong> izra\u0111ene od 100% \u0161e\u0107erne trske.\n      <\/p>\n<\/p><\/div>\n<div class=\"product-item\" style=\"flex: 1 1 220px; border: 1px solid #eee; padding: 15px; border-radius: 8px;\">\n<h3>\u010cAJ!<br \/>\ni prepusti se (30 g)<br \/>\n <\/h3>\n<p>\n Biljna mje\u0161avina u kojoj se jednostavno treba u\u017eivati! Oboga\u0107ena lavandom za opu\u0161tanje i smirenje tijela.<br \/>\n Na\u0161i \u010dajevi napravljeni su od ru\u010dno branih biljaka iz hrvatske proizvodnje. Bez umjetnih boja ili konzervansa.\n      <\/p>\n<\/p><\/div>\n<\/p><\/div>\n<\/section>\n","protected":false},"excerpt":{"rendered":"<p>Holly &amp; Jolly poklon paket Ovaj poklon set sadr\u017ei: \u017dENA (150 ml) Prirodni balzam za tijelo s mandarinom. Prikladan za sve uzraste i tipove ko\u017ee. 100% prirodan, ru\u010dno ra\u0111en kozmeti\u010dki proizvod. KREMA ZA RUKE LAVANDA &amp; TANGERINA (50ml) Hidratantna i hranjiva krema za ruke. Pakirana u ekolo\u0161ki prihvatljive tube izra\u0111ene od 100% \u0161e\u0107erne trske. \u010cAJ! [&hellip;]<\/p>\n","protected":false},"featured_media":6725,"template":"","meta":{"_acf_changed":false},"product_brand":[],"product_cat":[128],"product_tag":[],"class_list":{"0":"post-6726","1":"product","2":"type-product","3":"status-publish","4":"has-post-thumbnail","6":"product_cat-gifts","9":"instock","10":"shipping-taxable","11":"product-type-simple","12":"product-grid-view"},"acf":[],"_links":{"self":[{"href":"https:\/\/azena.novevibracije.com\/hr\/wp-json\/wp\/v2\/product\/6726","targetHints":{"allow":["GET"]}}],"collection":[{"href":"https:\/\/azena.novevibracije.com\/hr\/wp-json\/wp\/v2\/product"}],"about":[{"href":"https:\/\/azena.novevibracije.com\/hr\/wp-json\/wp\/v2\/types\/product"}],"wp:featuredmedia":[{"embeddable":true,"href":"https:\/\/azena.novevibracije.com\/hr\/wp-json\/wp\/v2\/media\/6725"}],"wp:attachment":[{"href":"https:\/\/azena.novevibracije.com\/hr\/wp-json\/wp\/v2\/media?parent=6726"}],"wp:term":[{"taxonomy":"product_brand","embeddable":true,"href":"https:\/\/azena.novevibracije.com\/hr\/wp-json\/wp\/v2\/product_brand?post=6726"},{"taxonomy":"product_cat","embeddable":true,"href":"https:\/\/azena.novevibracije.com\/hr\/wp-json\/wp\/v2\/product_cat?post=6726"},{"taxonomy":"product_tag","embeddable":true,"href":"https:\/\/azena.novevibracije.com\/hr\/wp-json\/wp\/v2\/product_tag?post=6726"}],"curies":[{"name":"wp","href":"https:\/\/api.w.org\/{rel}","templated":true}]}}