{"id":6724,"date":"2018-03-05T15:11:03","date_gmt":"2018-03-05T15:11:03","guid":{"rendered":"https:\/\/azena.novevibracije.com\/product\/cajna-mjesavina-urosept\/"},"modified":"2018-03-05T15:11:03","modified_gmt":"2018-03-05T15:11:03","slug":"cajna-mjesavina-urosept","status":"publish","type":"product","link":"https:\/\/azena.novevibracije.com\/hr\/proizvod\/cajna-mjesavina-urosept\/","title":{"rendered":"\u010cajna mje\u0161avina UROSEPT"},"content":{"rendered":"<section class=\"product-description\">\n<h2>Biljna mje\u0161avina \u010daja za zdrav mjehur<\/h2>\n<p>Ova biljna mje\u0161avina \u010daja sadr\u017ei pa\u017eljivo odabrane biljke poznate po podr\u0161ci zdravlju mjehura:<\/p>\n<div class=\"herbal-mixture\" style=\"margin-top: 20px;\">\n<ul>\n<li>Stolisnik<\/li>\n<li>Breza<\/li>\n<li>Preslica<\/li>\n<li>Medvjedka<\/li>\n<\/ul><\/div>\n<div class=\"additional-info\" style=\"margin-top: 25px;\">\n<p>\n      <em>* Opisi proizvoda imaju informativni karakter i ne koriste se u svrhu dijagnoze ili lije\u010denja.<\/em>\n    <\/p>\n<\/p><\/div>\n<\/section>\n","protected":false},"excerpt":{"rendered":"<p>Biljna mje\u0161avina \u010daja za zdrav mjehur Ova biljna mje\u0161avina \u010daja sadr\u017ei pa\u017eljivo odabrane biljke poznate po podr\u0161ci zdravlju mjehura: Stolisnik Breza Preslica Medvjedka * Opisi proizvoda imaju informativni karakter i ne koriste se u svrhu dijagnoze ili lije\u010denja.<\/p>\n","protected":false},"featured_media":4289,"template":"","meta":{"_acf_changed":false},"product_brand":[],"product_cat":[133],"product_tag":[],"class_list":{"0":"post-6724","1":"product","2":"type-product","3":"status-publish","4":"has-post-thumbnail","6":"product_cat-biljne-mjesavine-cajeva","9":"instock","10":"shipping-taxable","11":"product-type-simple","12":"product-grid-view"},"acf":[],"_links":{"self":[{"href":"https:\/\/azena.novevibracije.com\/hr\/wp-json\/wp\/v2\/product\/6724","targetHints":{"allow":["GET"]}}],"collection":[{"href":"https:\/\/azena.novevibracije.com\/hr\/wp-json\/wp\/v2\/product"}],"about":[{"href":"https:\/\/azena.novevibracije.com\/hr\/wp-json\/wp\/v2\/types\/product"}],"wp:featuredmedia":[{"embeddable":true,"href":"https:\/\/azena.novevibracije.com\/hr\/wp-json\/wp\/v2\/media\/4289"}],"wp:attachment":[{"href":"https:\/\/azena.novevibracije.com\/hr\/wp-json\/wp\/v2\/media?parent=6724"}],"wp:term":[{"taxonomy":"product_brand","embeddable":true,"href":"https:\/\/azena.novevibracije.com\/hr\/wp-json\/wp\/v2\/product_brand?post=6724"},{"taxonomy":"product_cat","embeddable":true,"href":"https:\/\/azena.novevibracije.com\/hr\/wp-json\/wp\/v2\/product_cat?post=6724"},{"taxonomy":"product_tag","embeddable":true,"href":"https:\/\/azena.novevibracije.com\/hr\/wp-json\/wp\/v2\/product_tag?post=6724"}],"curies":[{"name":"wp","href":"https:\/\/api.w.org\/{rel}","templated":true}]}}