{"id":6722,"date":"2018-02-26T10:51:34","date_gmt":"2018-02-26T10:51:34","guid":{"rendered":"https:\/\/azena.novevibracije.com\/product\/cajna-mjesavina-nefroleks\/"},"modified":"2018-02-26T10:51:34","modified_gmt":"2018-02-26T10:51:34","slug":"cajna-mjesavina-nefroleks","status":"publish","type":"product","link":"https:\/\/azena.novevibracije.com\/hr\/proizvod\/cajna-mjesavina-nefroleks\/","title":{"rendered":"\u010cajna mje\u0161avina NEFROLEKS"},"content":{"rendered":"<section class=\"product-description\">\n<h2>Biljna mje\u0161avina \u010daja za hidraciju<\/h2>\n<p>\n 70% ljudskog tijela sastoji se od vode (kao i 70% Zemljine povr\u0161ine!). \u010cista i bistra voda jednaka je dobrom zdravlju\u2014u\u017eivajte u ovom biljnom \u010daju kako biste podr\u017eali svoju hidraciju i dobrobit.\n  <\/p>\n<div class=\"herbal-mixture\" style=\"margin-top: 20px;\">\n<ul>\n<li>Breza<\/li>\n<li>Preslica<\/li>\n<li>\u0160ipak<\/li>\n<\/ul><\/div>\n<div class=\"additional-info\" style=\"margin-top: 25px;\">\n<p>\n      <em>* Opisi proizvoda imaju informativni karakter i ne koriste se u svrhu dijagnoze ili lije\u010denja.<\/em>\n    <\/p>\n<\/p><\/div>\n<\/section>\n","protected":false},"excerpt":{"rendered":"<p>Biljna mje\u0161avina \u010daja za hidraciju 70% ljudskog tijela sastoji se od vode (kao i 70% Zemljine povr\u0161ine!). \u010cista i bistra voda jednaka je dobrom zdravlju\u2014u\u017eivajte u ovom biljnom \u010daju kako biste podr\u017eali svoju hidraciju i dobrobit. Breza Preslica \u0160ipak * Opisi proizvoda imaju informativni karakter i ne koriste se u svrhu dijagnoze ili lije\u010denja.<\/p>\n","protected":false},"featured_media":4288,"template":"","meta":{"_acf_changed":false},"product_brand":[],"product_cat":[133],"product_tag":[],"class_list":{"0":"post-6722","1":"product","2":"type-product","3":"status-publish","4":"has-post-thumbnail","6":"product_cat-biljne-mjesavine-cajeva","9":"instock","10":"shipping-taxable","11":"product-type-simple","12":"product-grid-view"},"acf":[],"_links":{"self":[{"href":"https:\/\/azena.novevibracije.com\/hr\/wp-json\/wp\/v2\/product\/6722","targetHints":{"allow":["GET"]}}],"collection":[{"href":"https:\/\/azena.novevibracije.com\/hr\/wp-json\/wp\/v2\/product"}],"about":[{"href":"https:\/\/azena.novevibracije.com\/hr\/wp-json\/wp\/v2\/types\/product"}],"wp:featuredmedia":[{"embeddable":true,"href":"https:\/\/azena.novevibracije.com\/hr\/wp-json\/wp\/v2\/media\/4288"}],"wp:attachment":[{"href":"https:\/\/azena.novevibracije.com\/hr\/wp-json\/wp\/v2\/media?parent=6722"}],"wp:term":[{"taxonomy":"product_brand","embeddable":true,"href":"https:\/\/azena.novevibracije.com\/hr\/wp-json\/wp\/v2\/product_brand?post=6722"},{"taxonomy":"product_cat","embeddable":true,"href":"https:\/\/azena.novevibracije.com\/hr\/wp-json\/wp\/v2\/product_cat?post=6722"},{"taxonomy":"product_tag","embeddable":true,"href":"https:\/\/azena.novevibracije.com\/hr\/wp-json\/wp\/v2\/product_tag?post=6722"}],"curies":[{"name":"wp","href":"https:\/\/api.w.org\/{rel}","templated":true}]}}