{"id":6720,"date":"2018-02-26T10:51:19","date_gmt":"2018-02-26T10:51:19","guid":{"rendered":"https:\/\/azena.novevibracije.com\/product\/cajna-mjesavina-minileks\/"},"modified":"2018-02-26T10:51:19","modified_gmt":"2018-02-26T10:51:19","slug":"cajna-mjesavina-minileks","status":"publish","type":"product","link":"https:\/\/azena.novevibracije.com\/hr\/proizvod\/cajna-mjesavina-minileks\/","title":{"rendered":"\u010cajna mje\u0161avina MINILEKS"},"content":{"rendered":"<section class=\"product-description\">\n<h2>Biljna mje\u0161avina \u010daja za tjelesnu ravnote\u017eu<\/h2>\n<p>\n U\u017eivajte u ovoj biljnoj mje\u0161avini \u010daja koja poma\u017ee sprije\u010diti apsorpciju masti i podr\u017eava odr\u017eavanje uravnote\u017eene tjelesne te\u017eine. Pa\u017eljivo odabrane biljke odabrane su zbog svoje tradicionalne upotrebe i prirodnih blagodati.\n  <\/p>\n<div class=\"herbal-mixture\" style=\"margin-top: 20px;\">\n<ul>\n<li>Bazga<\/li>\n<li>Komora\u010d<\/li>\n<li>Stolisnik<\/li>\n<\/ul><\/div>\n<div class=\"additional-info\" style=\"margin-top: 25px;\">\n<p>\n      <em>* Opisi proizvoda imaju informativni karakter i ne koriste se u svrhu dijagnoze ili lije\u010denja.<\/em>\n    <\/p>\n<\/p><\/div>\n<\/section>\n","protected":false},"excerpt":{"rendered":"<p>Biljna mje\u0161avina \u010daja za tjelesnu ravnote\u017eu U\u017eivajte u ovoj biljnoj mje\u0161avini \u010daja koja poma\u017ee sprije\u010diti apsorpciju masti i podr\u017eava odr\u017eavanje uravnote\u017eene tjelesne te\u017eine. Pa\u017eljivo odabrane biljke odabrane su zbog svoje tradicionalne upotrebe i prirodnih blagodati. Bazga Komora\u010d Stolisnik * Opisi proizvoda imaju informativni karakter i ne koriste se u svrhu dijagnoze ili lije\u010denja.<\/p>\n","protected":false},"featured_media":4287,"template":"","meta":{"_acf_changed":false},"product_brand":[],"product_cat":[133],"product_tag":[],"class_list":{"0":"post-6720","1":"product","2":"type-product","3":"status-publish","4":"has-post-thumbnail","6":"product_cat-biljne-mjesavine-cajeva","9":"instock","10":"shipping-taxable","11":"product-type-simple","12":"product-grid-view"},"acf":[],"_links":{"self":[{"href":"https:\/\/azena.novevibracije.com\/hr\/wp-json\/wp\/v2\/product\/6720","targetHints":{"allow":["GET"]}}],"collection":[{"href":"https:\/\/azena.novevibracije.com\/hr\/wp-json\/wp\/v2\/product"}],"about":[{"href":"https:\/\/azena.novevibracije.com\/hr\/wp-json\/wp\/v2\/types\/product"}],"wp:featuredmedia":[{"embeddable":true,"href":"https:\/\/azena.novevibracije.com\/hr\/wp-json\/wp\/v2\/media\/4287"}],"wp:attachment":[{"href":"https:\/\/azena.novevibracije.com\/hr\/wp-json\/wp\/v2\/media?parent=6720"}],"wp:term":[{"taxonomy":"product_brand","embeddable":true,"href":"https:\/\/azena.novevibracije.com\/hr\/wp-json\/wp\/v2\/product_brand?post=6720"},{"taxonomy":"product_cat","embeddable":true,"href":"https:\/\/azena.novevibracije.com\/hr\/wp-json\/wp\/v2\/product_cat?post=6720"},{"taxonomy":"product_tag","embeddable":true,"href":"https:\/\/azena.novevibracije.com\/hr\/wp-json\/wp\/v2\/product_tag?post=6720"}],"curies":[{"name":"wp","href":"https:\/\/api.w.org\/{rel}","templated":true}]}}