{"id":6718,"date":"2018-02-26T10:51:07","date_gmt":"2018-02-26T10:51:07","guid":{"rendered":"https:\/\/azena.novevibracije.com\/product\/cajna-mjesavina-malvasan\/"},"modified":"2018-02-26T10:51:07","modified_gmt":"2018-02-26T10:51:07","slug":"cajna-mjesavina-malvasan","status":"publish","type":"product","link":"https:\/\/azena.novevibracije.com\/hr\/proizvod\/cajna-mjesavina-malvasan\/","title":{"rendered":"\u010cajna mje\u0161avina MALVASAN"},"content":{"rendered":"<section class=\"product-description\">\n<h2>Biljna mje\u0161avina \u010daja za di\u0161ni sustav<\/h2>\n<p>\n Mje\u0161avina \u010daja koju vole va\u0161 \u0161mrcavi nos i ka\u0161ljavo grlo, savr\u0161ena za podr\u0161ku ugodi tijekom izlo\u017eenosti pra\u0161ini, peludi i drugim iritansima. Pa\u017eljivo odabrano bilje odabrano je zbog svoje tradicionalne upotrebe i prirodnih blagodati.\n  <\/p>\n<div class=\"herbal-mixture\" style=\"margin-top: 20px;\">\n<ul>\n<li>Bijeli sljez<\/li>\n<li>Oman<\/li>\n<li>Crni sljez<\/li>\n<\/ul><\/div>\n<div class=\"additional-info\" style=\"margin-top: 25px;\">\n<p>\n      <em>* Opisi proizvoda imaju informativni karakter i ne koriste se u svrhu dijagnoze ili lije\u010denja.<\/em>\n    <\/p>\n<\/p><\/div>\n<\/section>\n","protected":false},"excerpt":{"rendered":"<p>Biljna mje\u0161avina \u010daja za di\u0161ni sustav Mje\u0161avina \u010daja koju vole va\u0161 \u0161mrcavi nos i ka\u0161ljavo grlo, savr\u0161ena za podr\u0161ku ugodi tijekom izlo\u017eenosti pra\u0161ini, peludi i drugim iritansima. Pa\u017eljivo odabrano bilje odabrano je zbog svoje tradicionalne upotrebe i prirodnih blagodati. Bijeli sljez Oman Crni sljez * Opisi proizvoda imaju informativni karakter i ne koriste se u [&hellip;]<\/p>\n","protected":false},"featured_media":4286,"template":"","meta":{"_acf_changed":false},"product_brand":[],"product_cat":[133],"product_tag":[],"class_list":{"0":"post-6718","1":"product","2":"type-product","3":"status-publish","4":"has-post-thumbnail","6":"product_cat-biljne-mjesavine-cajeva","9":"instock","10":"shipping-taxable","11":"product-type-simple","12":"product-grid-view"},"acf":[],"_links":{"self":[{"href":"https:\/\/azena.novevibracije.com\/hr\/wp-json\/wp\/v2\/product\/6718","targetHints":{"allow":["GET"]}}],"collection":[{"href":"https:\/\/azena.novevibracije.com\/hr\/wp-json\/wp\/v2\/product"}],"about":[{"href":"https:\/\/azena.novevibracije.com\/hr\/wp-json\/wp\/v2\/types\/product"}],"wp:featuredmedia":[{"embeddable":true,"href":"https:\/\/azena.novevibracije.com\/hr\/wp-json\/wp\/v2\/media\/4286"}],"wp:attachment":[{"href":"https:\/\/azena.novevibracije.com\/hr\/wp-json\/wp\/v2\/media?parent=6718"}],"wp:term":[{"taxonomy":"product_brand","embeddable":true,"href":"https:\/\/azena.novevibracije.com\/hr\/wp-json\/wp\/v2\/product_brand?post=6718"},{"taxonomy":"product_cat","embeddable":true,"href":"https:\/\/azena.novevibracije.com\/hr\/wp-json\/wp\/v2\/product_cat?post=6718"},{"taxonomy":"product_tag","embeddable":true,"href":"https:\/\/azena.novevibracije.com\/hr\/wp-json\/wp\/v2\/product_tag?post=6718"}],"curies":[{"name":"wp","href":"https:\/\/api.w.org\/{rel}","templated":true}]}}