{"id":6716,"date":"2018-02-26T10:50:53","date_gmt":"2018-02-26T10:50:53","guid":{"rendered":"https:\/\/azena.novevibracije.com\/product\/cajna-mjesavina-kataran\/"},"modified":"2018-02-26T10:50:53","modified_gmt":"2018-02-26T10:50:53","slug":"cajna-mjesavina-kataran","status":"publish","type":"product","link":"https:\/\/azena.novevibracije.com\/hr\/proizvod\/cajna-mjesavina-kataran\/","title":{"rendered":"\u010cajna mje\u0161avina KATARAN"},"content":{"rendered":"<section class=\"product-description\">\n<h2>Biljna mje\u0161avina \u010daja za podr\u0161ku zdravoj probavi<\/h2>\n<p>\n Ako se vi i va\u0161a crijeva osje\u0107ate razdra\u017eljivo, kiselo ili ljutito\u2026 opustite se i u\u017eivajte u lijepoj \u0161alici ovog biljnog \u010daja. Pa\u017eljivo odabrane biljke odabrane su zbog svoje tradicionalne upotrebe i prirodnih blagodati za podr\u0161ku zdravoj probavi.\n  <\/p>\n<div class=\"herbal-mixture\" style=\"margin-top: 20px;\">\n<ul>\n<li>Kamilica<\/li>\n<li>Turica<\/li>\n<li>Stolisnik<\/li>\n<li>Neven<\/li>\n<li>Ki\u010dica<\/li>\n<\/ul><\/div>\n<div class=\"additional-info\" style=\"margin-top: 25px;\">\n<p>\n      <em>* Opisi proizvoda imaju informativni karakter i ne koriste se u svrhu dijagnoze ili lije\u010denja.<\/em>\n    <\/p>\n<\/p><\/div>\n<\/section>\n","protected":false},"excerpt":{"rendered":"<p>Biljna mje\u0161avina \u010daja za podr\u0161ku zdravoj probavi Ako se vi i va\u0161a crijeva osje\u0107ate razdra\u017eljivo, kiselo ili ljutito\u2026 opustite se i u\u017eivajte u lijepoj \u0161alici ovog biljnog \u010daja. Pa\u017eljivo odabrane biljke odabrane su zbog svoje tradicionalne upotrebe i prirodnih blagodati za podr\u0161ku zdravoj probavi. Kamilica Turica Stolisnik Neven Ki\u010dica * Opisi proizvoda imaju informativni karakter [&hellip;]<\/p>\n","protected":false},"featured_media":415,"template":"","meta":{"_acf_changed":false},"product_brand":[],"product_cat":[133],"product_tag":[],"class_list":{"0":"post-6716","1":"product","2":"type-product","3":"status-publish","4":"has-post-thumbnail","6":"product_cat-biljne-mjesavine-cajeva","9":"instock","10":"shipping-taxable","11":"product-type-simple","12":"product-grid-view"},"acf":[],"_links":{"self":[{"href":"https:\/\/azena.novevibracije.com\/hr\/wp-json\/wp\/v2\/product\/6716","targetHints":{"allow":["GET"]}}],"collection":[{"href":"https:\/\/azena.novevibracije.com\/hr\/wp-json\/wp\/v2\/product"}],"about":[{"href":"https:\/\/azena.novevibracije.com\/hr\/wp-json\/wp\/v2\/types\/product"}],"wp:featuredmedia":[{"embeddable":true,"href":"https:\/\/azena.novevibracije.com\/hr\/wp-json\/wp\/v2\/media\/415"}],"wp:attachment":[{"href":"https:\/\/azena.novevibracije.com\/hr\/wp-json\/wp\/v2\/media?parent=6716"}],"wp:term":[{"taxonomy":"product_brand","embeddable":true,"href":"https:\/\/azena.novevibracije.com\/hr\/wp-json\/wp\/v2\/product_brand?post=6716"},{"taxonomy":"product_cat","embeddable":true,"href":"https:\/\/azena.novevibracije.com\/hr\/wp-json\/wp\/v2\/product_cat?post=6716"},{"taxonomy":"product_tag","embeddable":true,"href":"https:\/\/azena.novevibracije.com\/hr\/wp-json\/wp\/v2\/product_tag?post=6716"}],"curies":[{"name":"wp","href":"https:\/\/api.w.org\/{rel}","templated":true}]}}