{"id":6714,"date":"2018-03-05T13:17:56","date_gmt":"2018-03-05T13:17:56","guid":{"rendered":"https:\/\/azena.novevibracije.com\/product\/cajna-mjesavina-kardamel\/"},"modified":"2018-03-05T13:17:56","modified_gmt":"2018-03-05T13:17:56","slug":"cajna-mjesavina-kardamel","status":"publish","type":"product","link":"https:\/\/azena.novevibracije.com\/hr\/proizvod\/cajna-mjesavina-kardamel\/","title":{"rendered":"\u010cajna mje\u0161avina KARDAMEL"},"content":{"rendered":"<section class=\"product-description\">\n<h2>Tradicionalna biljna mje\u0161avina \u010daja<\/h2>\n<p>U\u017eivajte u \u0161alici ove biljne mje\u0161avine \u010daja kako biste osjetili smirenost i razvedrili um. Pa\u017eljivo odabrane biljke odabrane su zbog svoje tradicionalne upotrebe i prirodnih blagodati. <\/p>\n<div class=\"herbal-mixture\" style=\"margin-top: 20px;\">\n<ul>\n<li>Imela<\/li>\n<li>Menta<\/li>\n<li>Preslica<\/li>\n<li>Glog<\/li>\n<li>Valerijana<\/li>\n<\/ul><\/div>\n<div class=\"additional-info\" style=\"margin-top: 25px;\">\n<p>\n      <em>* Opisi proizvoda imaju informativni karakter i ne koriste se u svrhu dijagnoze ili lije\u010denja.<\/em>\n    <\/p>\n<\/p><\/div>\n<\/section>\n","protected":false},"excerpt":{"rendered":"<p>Tradicionalna biljna mje\u0161avina \u010daja U\u017eivajte u \u0161alici ove biljne mje\u0161avine \u010daja kako biste osjetili smirenost i razvedrili um. Pa\u017eljivo odabrane biljke odabrane su zbog svoje tradicionalne upotrebe i prirodnih blagodati. Imela Menta Preslica Glog Valerijana * Opisi proizvoda imaju informativni karakter i ne koriste se u svrhu dijagnoze ili lije\u010denja.<\/p>\n","protected":false},"featured_media":413,"template":"","meta":{"_acf_changed":false},"product_brand":[],"product_cat":[133],"product_tag":[],"class_list":{"0":"post-6714","1":"product","2":"type-product","3":"status-publish","4":"has-post-thumbnail","6":"product_cat-biljne-mjesavine-cajeva","9":"instock","10":"shipping-taxable","11":"product-type-simple","12":"product-grid-view"},"acf":[],"_links":{"self":[{"href":"https:\/\/azena.novevibracije.com\/hr\/wp-json\/wp\/v2\/product\/6714","targetHints":{"allow":["GET"]}}],"collection":[{"href":"https:\/\/azena.novevibracije.com\/hr\/wp-json\/wp\/v2\/product"}],"about":[{"href":"https:\/\/azena.novevibracije.com\/hr\/wp-json\/wp\/v2\/types\/product"}],"wp:featuredmedia":[{"embeddable":true,"href":"https:\/\/azena.novevibracije.com\/hr\/wp-json\/wp\/v2\/media\/413"}],"wp:attachment":[{"href":"https:\/\/azena.novevibracije.com\/hr\/wp-json\/wp\/v2\/media?parent=6714"}],"wp:term":[{"taxonomy":"product_brand","embeddable":true,"href":"https:\/\/azena.novevibracije.com\/hr\/wp-json\/wp\/v2\/product_brand?post=6714"},{"taxonomy":"product_cat","embeddable":true,"href":"https:\/\/azena.novevibracije.com\/hr\/wp-json\/wp\/v2\/product_cat?post=6714"},{"taxonomy":"product_tag","embeddable":true,"href":"https:\/\/azena.novevibracije.com\/hr\/wp-json\/wp\/v2\/product_tag?post=6714"}],"curies":[{"name":"wp","href":"https:\/\/api.w.org\/{rel}","templated":true}]}}