{"id":6712,"date":"2018-03-05T12:26:56","date_gmt":"2018-03-05T12:26:56","guid":{"rendered":"https:\/\/azena.novevibracije.com\/product\/cajna-mjesavina-galeks\/"},"modified":"2018-03-05T12:26:56","modified_gmt":"2018-03-05T12:26:56","slug":"cajna-mjesavina-galeks","status":"publish","type":"product","link":"https:\/\/azena.novevibracije.com\/hr\/proizvod\/cajna-mjesavina-galeks\/","title":{"rendered":"\u010cajna mje\u0161avina GALEKS"},"content":{"rendered":"<section class=\"product-description\">\n<h2>Galeks biljna mje\u0161avina \u010daja<\/h2>\n<p>\n Ka\u017eu da je &#8220;gospodar&#8221; na\u0161eg tijela crijevo. U\u010dinite svog &#8220;gospodara&#8221; sretnim i zdravim s ovom pa\u017eljivo odabranom biljnom mje\u0161avinom \u010daja.\n  <\/p>\n<div class=\"herbal-mixture\" style=\"margin-top: 20px;\">\n<ul>\n<li>Turica<\/li>\n<li>Sikavica<\/li>\n<li>Menta<\/li>\n<li>Imela<\/li>\n<li>Ki\u010dica<\/li>\n<\/ul><\/div>\n<div class=\"additional-info\" style=\"margin-top: 25px;\">\n<p>\n      <em>* Opisi proizvoda imaju informativni karakter i ne koriste se u svrhu dijagnoze ili lije\u010denja.<\/em>\n    <\/p>\n<\/p><\/div>\n<\/section>\n","protected":false},"excerpt":{"rendered":"<p>Galeks biljna mje\u0161avina \u010daja Ka\u017eu da je &#8220;gospodar&#8221; na\u0161eg tijela crijevo. U\u010dinite svog &#8220;gospodara&#8221; sretnim i zdravim s ovom pa\u017eljivo odabranom biljnom mje\u0161avinom \u010daja. Turica Sikavica Menta Imela Ki\u010dica * Opisi proizvoda imaju informativni karakter i ne koriste se u svrhu dijagnoze ili lije\u010denja.<\/p>\n","protected":false},"featured_media":4285,"template":"","meta":{"_acf_changed":false},"product_brand":[],"product_cat":[133],"product_tag":[],"class_list":{"0":"post-6712","1":"product","2":"type-product","3":"status-publish","4":"has-post-thumbnail","6":"product_cat-biljne-mjesavine-cajeva","9":"instock","10":"shipping-taxable","11":"product-type-simple","12":"product-grid-view"},"acf":[],"_links":{"self":[{"href":"https:\/\/azena.novevibracije.com\/hr\/wp-json\/wp\/v2\/product\/6712","targetHints":{"allow":["GET"]}}],"collection":[{"href":"https:\/\/azena.novevibracije.com\/hr\/wp-json\/wp\/v2\/product"}],"about":[{"href":"https:\/\/azena.novevibracije.com\/hr\/wp-json\/wp\/v2\/types\/product"}],"wp:featuredmedia":[{"embeddable":true,"href":"https:\/\/azena.novevibracije.com\/hr\/wp-json\/wp\/v2\/media\/4285"}],"wp:attachment":[{"href":"https:\/\/azena.novevibracije.com\/hr\/wp-json\/wp\/v2\/media?parent=6712"}],"wp:term":[{"taxonomy":"product_brand","embeddable":true,"href":"https:\/\/azena.novevibracije.com\/hr\/wp-json\/wp\/v2\/product_brand?post=6712"},{"taxonomy":"product_cat","embeddable":true,"href":"https:\/\/azena.novevibracije.com\/hr\/wp-json\/wp\/v2\/product_cat?post=6712"},{"taxonomy":"product_tag","embeddable":true,"href":"https:\/\/azena.novevibracije.com\/hr\/wp-json\/wp\/v2\/product_tag?post=6712"}],"curies":[{"name":"wp","href":"https:\/\/api.w.org\/{rel}","templated":true}]}}