{"id":6710,"date":"2020-11-25T10:29:12","date_gmt":"2020-11-25T10:29:12","guid":{"rendered":"https:\/\/azena.novevibracije.com\/product\/cajna-mjesavina-bronhosan\/"},"modified":"2020-11-25T10:29:12","modified_gmt":"2020-11-25T10:29:12","slug":"cajna-mjesavina-bronhosan","status":"publish","type":"product","link":"https:\/\/azena.novevibracije.com\/hr\/proizvod\/cajna-mjesavina-bronhosan\/","title":{"rendered":"\u010cajna mje\u0161avina BRONHOSAN"},"content":{"rendered":"<section class=\"product-description\">\n<h2>Biljna mje\u0161avina \u010daja<\/h2>\n<p>Ova biljna mje\u0161avina \u010daja sadr\u017ei pa\u017eljivo odabrane biljke poznate po svojoj tradicionalnoj upotrebi i prirodnim blagodatima:<\/p>\n<div class=\"herbal-mixture\" style=\"margin-top: 20px;\">\n<ul>\n<li>Sljez<\/li>\n<li>Oputina<\/li>\n<li>Bazga<\/li>\n<li>Oman<\/li>\n<\/ul><\/div>\n<div class=\"additional-info\" style=\"margin-top: 25px;\">\n<p>\n      <em>* Pro\u010ditajte o djelovanju i korisnosti ovih sastojaka u na\u0161em Herbariju.<\/em>\n    <\/p>\n<p>\n      <em>* Za sva pitanja i narud\u017ebe kontaktirajte nas na <strong>info@azena.hr<\/strong> ili na <strong>+385 1 6226 111.<\/strong><\/em>\n    <\/p>\n<\/p><\/div>\n<\/section>\n","protected":false},"excerpt":{"rendered":"<p>Biljna mje\u0161avina \u010daja Ova biljna mje\u0161avina \u010daja sadr\u017ei pa\u017eljivo odabrane biljke poznate po svojoj tradicionalnoj upotrebi i prirodnim blagodatima: Sljez Oputina Bazga Oman * Pro\u010ditajte o djelovanju i korisnosti ovih sastojaka u na\u0161em Herbariju. * Za sva pitanja i narud\u017ebe kontaktirajte nas na info@azena.hr ili na +385 1 6226 111.<\/p>\n","protected":false},"featured_media":6709,"template":"","meta":{"_acf_changed":false},"product_brand":[],"product_cat":[133],"product_tag":[],"class_list":{"0":"post-6710","1":"product","2":"type-product","3":"status-publish","4":"has-post-thumbnail","6":"product_cat-biljne-mjesavine-cajeva","9":"instock","10":"shipping-taxable","11":"product-type-simple","12":"product-grid-view"},"acf":[],"_links":{"self":[{"href":"https:\/\/azena.novevibracije.com\/hr\/wp-json\/wp\/v2\/product\/6710","targetHints":{"allow":["GET"]}}],"collection":[{"href":"https:\/\/azena.novevibracije.com\/hr\/wp-json\/wp\/v2\/product"}],"about":[{"href":"https:\/\/azena.novevibracije.com\/hr\/wp-json\/wp\/v2\/types\/product"}],"wp:featuredmedia":[{"embeddable":true,"href":"https:\/\/azena.novevibracije.com\/hr\/wp-json\/wp\/v2\/media\/6709"}],"wp:attachment":[{"href":"https:\/\/azena.novevibracije.com\/hr\/wp-json\/wp\/v2\/media?parent=6710"}],"wp:term":[{"taxonomy":"product_brand","embeddable":true,"href":"https:\/\/azena.novevibracije.com\/hr\/wp-json\/wp\/v2\/product_brand?post=6710"},{"taxonomy":"product_cat","embeddable":true,"href":"https:\/\/azena.novevibracije.com\/hr\/wp-json\/wp\/v2\/product_cat?post=6710"},{"taxonomy":"product_tag","embeddable":true,"href":"https:\/\/azena.novevibracije.com\/hr\/wp-json\/wp\/v2\/product_tag?post=6710"}],"curies":[{"name":"wp","href":"https:\/\/api.w.org\/{rel}","templated":true}]}}