{"id":6708,"date":"2018-02-26T10:39:25","date_gmt":"2018-02-26T10:39:25","guid":{"rendered":"https:\/\/azena.novevibracije.com\/product\/biljni-sapun-za-lice-i-tijelo\/"},"modified":"2018-02-26T10:39:25","modified_gmt":"2018-02-26T10:39:25","slug":"biljni-sapun-za-lice-i-tijelo","status":"publish","type":"product","link":"https:\/\/azena.novevibracije.com\/hr\/proizvod\/biljni-sapun-za-lice-i-tijelo\/","title":{"rendered":"Biljni Sapun ZA LICE I TIJELO"},"content":{"rendered":"<section class=\"product-description\">\n<h2>Biljni sapun sa aktivnim ugljenom<\/h2>\n<p>\n Formula na\u0161eg biljnog sapuna oboga\u0107ena je aktivnim ugljenom i nevenom za nje\u017enu detoksikaciju ko\u017ee. Suncokretovo ulje i ulje lavande poma\u017eu umiriti, uravnote\u017eiti i hidratizirati ko\u017eu, \u010dine\u0107i je pogodnom za svakodnevnu upotrebu.\n  <\/p>\n<p>\n Vi\u0161enamjensko pakovanje sapuna idealno je za putovanja. Nakon upotrebe, jednostavno vratite sapun u ziplock vre\u0107icu i spremni ste za put. Mekana, nje\u017ena ko\u017ea za svaku dob \u2013 sapun za svakodnevnu njegu.\n  <\/p>\n<div class=\"key-ingredients\" style=\"margin-top: 20px;\">\n<h3>Sastojci:<\/h3>\n<ul>\n<li>Carbon Powder (aktivni ugljen)<\/li>\n<li>Olea Europaea Fruit Oil (maslinovo ulje)<\/li>\n<li>Citrus Reticulata Peel Oil (ulje tangerine)<\/li>\n<\/ul><\/div>\n<div class=\"additional-info\" style=\"margin-top: 25px;\">\n<p>\n      <em>Pro\u010ditajte o djelovanju i korisnosti ovih sastojaka na na\u0161em Herbariju.<\/em>\n    <\/p>\n<p>\n      <em>Za sva pitanja i narud\u017ebe kontaktirajte nas na<strong> info@azena.hr<\/strong> ili na <strong>+385 1 6226 111.<\/strong><\/em>\n    <\/p>\n<\/p><\/div>\n<\/section>\n","protected":false},"excerpt":{"rendered":"<p>Biljni sapun sa aktivnim ugljenom Formula na\u0161eg biljnog sapuna oboga\u0107ena je aktivnim ugljenom i nevenom za nje\u017enu detoksikaciju ko\u017ee. Suncokretovo ulje i ulje lavande poma\u017eu umiriti, uravnote\u017eiti i hidratizirati ko\u017eu, \u010dine\u0107i je pogodnom za svakodnevnu upotrebu. Vi\u0161enamjensko pakovanje sapuna idealno je za putovanja. Nakon upotrebe, jednostavno vratite sapun u ziplock vre\u0107icu i spremni ste za [&hellip;]<\/p>\n","protected":false},"featured_media":1905,"template":"","meta":{"_acf_changed":false},"product_brand":[],"product_cat":[131,129],"product_tag":[],"class_list":{"0":"post-6708","1":"product","2":"type-product","3":"status-publish","4":"has-post-thumbnail","6":"product_cat-herbal-body-care","7":"product_cat-herbal-face-care","10":"instock","11":"shipping-taxable","12":"product-type-simple","13":"product-grid-view"},"acf":[],"_links":{"self":[{"href":"https:\/\/azena.novevibracije.com\/hr\/wp-json\/wp\/v2\/product\/6708","targetHints":{"allow":["GET"]}}],"collection":[{"href":"https:\/\/azena.novevibracije.com\/hr\/wp-json\/wp\/v2\/product"}],"about":[{"href":"https:\/\/azena.novevibracije.com\/hr\/wp-json\/wp\/v2\/types\/product"}],"wp:featuredmedia":[{"embeddable":true,"href":"https:\/\/azena.novevibracije.com\/hr\/wp-json\/wp\/v2\/media\/1905"}],"wp:attachment":[{"href":"https:\/\/azena.novevibracije.com\/hr\/wp-json\/wp\/v2\/media?parent=6708"}],"wp:term":[{"taxonomy":"product_brand","embeddable":true,"href":"https:\/\/azena.novevibracije.com\/hr\/wp-json\/wp\/v2\/product_brand?post=6708"},{"taxonomy":"product_cat","embeddable":true,"href":"https:\/\/azena.novevibracije.com\/hr\/wp-json\/wp\/v2\/product_cat?post=6708"},{"taxonomy":"product_tag","embeddable":true,"href":"https:\/\/azena.novevibracije.com\/hr\/wp-json\/wp\/v2\/product_tag?post=6708"}],"curies":[{"name":"wp","href":"https:\/\/api.w.org\/{rel}","templated":true}]}}