{"id":6706,"date":"2018-02-26T10:38:18","date_gmt":"2018-02-26T10:38:18","guid":{"rendered":"https:\/\/azena.novevibracije.com\/product\/biljni-uljni-blend-za-tijelo-ruzmarin\/"},"modified":"2018-02-26T10:38:18","modified_gmt":"2018-02-26T10:38:18","slug":"biljni-uljni-blend-za-tijelo-ruzmarin","status":"publish","type":"product","link":"https:\/\/azena.novevibracije.com\/hr\/proizvod\/biljni-uljni-blend-za-tijelo-ruzmarin\/","title":{"rendered":"Biljni Uljni Blend Za Tijelo Ru\u017emarin"},"content":{"rendered":"<section class=\"product-description\">\n<h2>Biljni Uljni Blend Za Tijelo \u2013 Ru\u017emarin<\/h2>\n<p>\n Uklonite umor s na\u0161im 100% prirodnim revitaliziraju\u0107im biljnim uljem za masa\u017eu s ru\u017emarinom. Istra\u017eite stimuliraju\u0107i u\u010dinak ru\u017emarina kombiniran s AZENA originalnom biljnom bazom. Ovo ulje energizira tijelo i ima umiruju\u0107i i motiviraju\u0107i u\u010dinak na um i duh.\n  <\/p>\n<p>\n Ru\u017emarin, \u010dije latinsko ime &#8220;<em>Rosmarinus<\/em>&#8221; zna\u010di &#8220;morska rosa,&#8221; poznat je po svojim okrepljuju\u0107im svojstvima. U Hrvatskoj raste du\u017e jadranske obale i na otocima.\n  <\/p>\n<p>\n    <strong>Dostupno u ve\u0107em pakovanju za profesionalnu upotrebu.<\/strong>\n  <\/p>\n<div class=\"key-ingredients\" style=\"margin-top: 20px;\">\n<h3>Klju\u010dni sastojci:<\/h3>\n<ul>\n<li>Helianthus Annuus Seed Oil (ulje sjemenki suncokreta)<\/li>\n<li>Calendula Officinalis Flower Extract (ekstrakt cvijeta nevena)<\/li>\n<li>Rosmarinus Officinalis Leaf Oil (ulje ru\u017emarina)<\/li>\n<li>Symphytum Officinale Root Extract (ekstrakt korijena gaveza)<\/li>\n<\/ul><\/div>\n<div class=\"additional-info\" style=\"margin-top: 25px;\">\n<p>\n      <em>Pro\u010ditajte o djelovanju i korisnosti ovih sastojaka na na\u0161em Herbariju.<\/em>\n    <\/p>\n<p>\n      <em>Za sva pitanja i narud\u017ebe kontaktirajte nas na<strong> info@azena.hr<\/strong> ili na <strong>+385 1 6226 111.<\/strong><\/em>\n    <\/p>\n<\/p><\/div>\n<\/section>\n","protected":false},"excerpt":{"rendered":"<p>Biljni Uljni Blend Za Tijelo \u2013 Ru\u017emarin Uklonite umor s na\u0161im 100% prirodnim revitaliziraju\u0107im biljnim uljem za masa\u017eu s ru\u017emarinom. Istra\u017eite stimuliraju\u0107i u\u010dinak ru\u017emarina kombiniran s AZENA originalnom biljnom bazom. Ovo ulje energizira tijelo i ima umiruju\u0107i i motiviraju\u0107i u\u010dinak na um i duh. Ru\u017emarin, \u010dije latinsko ime &#8220;Rosmarinus&#8221; zna\u010di &#8220;morska rosa,&#8221; poznat je po [&hellip;]<\/p>\n","protected":false},"featured_media":1574,"template":"","meta":{"_acf_changed":false},"product_brand":[],"product_cat":[132],"product_tag":[],"class_list":{"0":"post-6706","1":"product","2":"type-product","3":"status-publish","4":"has-post-thumbnail","6":"product_cat-opustajuci-kutak","9":"instock","10":"shipping-taxable","11":"product-type-simple","12":"product-grid-view"},"acf":[],"_links":{"self":[{"href":"https:\/\/azena.novevibracije.com\/hr\/wp-json\/wp\/v2\/product\/6706","targetHints":{"allow":["GET"]}}],"collection":[{"href":"https:\/\/azena.novevibracije.com\/hr\/wp-json\/wp\/v2\/product"}],"about":[{"href":"https:\/\/azena.novevibracije.com\/hr\/wp-json\/wp\/v2\/types\/product"}],"wp:featuredmedia":[{"embeddable":true,"href":"https:\/\/azena.novevibracije.com\/hr\/wp-json\/wp\/v2\/media\/1574"}],"wp:attachment":[{"href":"https:\/\/azena.novevibracije.com\/hr\/wp-json\/wp\/v2\/media?parent=6706"}],"wp:term":[{"taxonomy":"product_brand","embeddable":true,"href":"https:\/\/azena.novevibracije.com\/hr\/wp-json\/wp\/v2\/product_brand?post=6706"},{"taxonomy":"product_cat","embeddable":true,"href":"https:\/\/azena.novevibracije.com\/hr\/wp-json\/wp\/v2\/product_cat?post=6706"},{"taxonomy":"product_tag","embeddable":true,"href":"https:\/\/azena.novevibracije.com\/hr\/wp-json\/wp\/v2\/product_tag?post=6706"}],"curies":[{"name":"wp","href":"https:\/\/api.w.org\/{rel}","templated":true}]}}