{"id":6704,"date":"2018-02-26T10:38:40","date_gmt":"2018-02-26T10:38:40","guid":{"rendered":"https:\/\/azena.novevibracije.com\/product\/biljno-ulje-za-masazu-lavanda\/"},"modified":"2018-02-26T10:38:40","modified_gmt":"2018-02-26T10:38:40","slug":"biljno-ulje-za-masazu-lavanda","status":"publish","type":"product","link":"https:\/\/azena.novevibracije.com\/hr\/proizvod\/biljno-ulje-za-masazu-lavanda\/","title":{"rendered":"Biljno Ulje Za Masa\u017eu Lavanda"},"content":{"rendered":"<section class=\"product-description\">\n<h2>Biljno Ulje Za Masa\u017eu \u2013 Lavanda<\/h2>\n<p>\n Istra\u017eite umiruju\u0107i u\u010dinak lavande kombiniran s AZENA originalnom biljnom bazom. Osjetite nje\u017ean dodir dalmatinske prirode kroz delikatne note lavande koje poma\u017eu opustiti tijelo i smanjiti osje\u0107aj napetosti.\n  <\/p>\n<p>\n Lavanda je dobro poznato bilje tradicionalno kori\u0161teno za podr\u0161ku opu\u0161tanju i regulaciju sna. Njena aromaterapijska svojstva poma\u017eu vam da se opustite i lak\u0161e zaspite. Lavanda se nalazi du\u017e jadranske obale i na mnogim hrvatskim otocima, a dosti\u017ee puni cvat u lipnju\u2014posebno na najsun\u010danijem hrvatskom otoku, Hvaru.\n  <\/p>\n<p>\n AZENA biljno ulje za masa\u017eu s lavandom je 100% prirodan &#8220;spa dan odmora&#8221; u bo\u010dici koju mo\u017eete ponijeti bilo gdje.\n  <\/p>\n<p>\n    <strong>Dostupno u ve\u0107em pakovanju za profesionalnu upotrebu.<\/strong>\n  <\/p>\n<div class=\"key-ingredients\" style=\"margin-top: 20px;\">\n<h3>Klju\u010dni sastojci:<\/h3>\n<ul>\n<li>Helianthus Annuus Seed Oil (ulje sjemenki suncokreta)<\/li>\n<li>Calendula Officinalis Flower Extract (ekstrakt cvijeta nevena)<\/li>\n<li>Lavandula Hybrida Oil (ulje lavande)<\/li>\n<li>Symphytum Officinale Root Extract (ekstrakt korijena gaveza)<\/li>\n<\/ul><\/div>\n<div class=\"additional-info\" style=\"margin-top: 25px;\">\n<p>\n      <em>Pro\u010ditajte o djelovanju i korisnosti ovih sastojaka na na\u0161em Herbariju.<\/em>\n    <\/p>\n<p>\n      <em>Za sva pitanja i narud\u017ebe kontaktirajte nas na<strong> info@azena.hr<\/strong> ili na <strong>+385 1 6226 111.<\/strong><\/em>\n    <\/p>\n<\/p><\/div>\n<\/section>\n","protected":false},"excerpt":{"rendered":"<p>Biljno Ulje Za Masa\u017eu \u2013 Lavanda Istra\u017eite umiruju\u0107i u\u010dinak lavande kombiniran s AZENA originalnom biljnom bazom. Osjetite nje\u017ean dodir dalmatinske prirode kroz delikatne note lavande koje poma\u017eu opustiti tijelo i smanjiti osje\u0107aj napetosti. Lavanda je dobro poznato bilje tradicionalno kori\u0161teno za podr\u0161ku opu\u0161tanju i regulaciju sna. Njena aromaterapijska svojstva poma\u017eu vam da se opustite i [&hellip;]<\/p>\n","protected":false},"featured_media":1803,"template":"","meta":{"_acf_changed":false},"product_brand":[],"product_cat":[132],"product_tag":[],"class_list":{"0":"post-6704","1":"product","2":"type-product","3":"status-publish","4":"has-post-thumbnail","6":"product_cat-opustajuci-kutak","9":"instock","10":"shipping-taxable","11":"product-type-simple","12":"product-grid-view"},"acf":[],"_links":{"self":[{"href":"https:\/\/azena.novevibracije.com\/hr\/wp-json\/wp\/v2\/product\/6704","targetHints":{"allow":["GET"]}}],"collection":[{"href":"https:\/\/azena.novevibracije.com\/hr\/wp-json\/wp\/v2\/product"}],"about":[{"href":"https:\/\/azena.novevibracije.com\/hr\/wp-json\/wp\/v2\/types\/product"}],"wp:featuredmedia":[{"embeddable":true,"href":"https:\/\/azena.novevibracije.com\/hr\/wp-json\/wp\/v2\/media\/1803"}],"wp:attachment":[{"href":"https:\/\/azena.novevibracije.com\/hr\/wp-json\/wp\/v2\/media?parent=6704"}],"wp:term":[{"taxonomy":"product_brand","embeddable":true,"href":"https:\/\/azena.novevibracije.com\/hr\/wp-json\/wp\/v2\/product_brand?post=6704"},{"taxonomy":"product_cat","embeddable":true,"href":"https:\/\/azena.novevibracije.com\/hr\/wp-json\/wp\/v2\/product_cat?post=6704"},{"taxonomy":"product_tag","embeddable":true,"href":"https:\/\/azena.novevibracije.com\/hr\/wp-json\/wp\/v2\/product_tag?post=6704"}],"curies":[{"name":"wp","href":"https:\/\/api.w.org\/{rel}","templated":true}]}}