{"id":6700,"date":"2018-02-26T10:43:21","date_gmt":"2018-02-26T10:43:21","guid":{"rendered":"https:\/\/azena.novevibracije.com\/product\/biljni-balzam-za-usne\/"},"modified":"2018-02-26T10:43:21","modified_gmt":"2018-02-26T10:43:21","slug":"biljni-balzam-za-usne","status":"publish","type":"product","link":"https:\/\/azena.novevibracije.com\/hr\/proizvod\/biljni-balzam-za-usne\/","title":{"rendered":"Biljni Balzam Za Usne"},"content":{"rendered":"<section class=\"product-description\">\n<h2>Biljni Balzam Za Usne<\/h2>\n<p>\n Ekstrakt nevena kombiniran s eteri\u010dnim uljem mandarine stvara idealnu biljnu formulu za za\u0161titu i njegu va\u0161ih usana.\n  <\/p>\n<div class=\"key-ingredients\" style=\"margin-top: 20px;\">\n<h3>Klju\u010dni sastojci:<\/h3>\n<ul>\n<li>Calendula Officinalis Flower Extract (ekstrakt cvijeta nevena)<\/li>\n<li>Citrus Reticulata Peel Oil (ulje tangerine)<\/li>\n<li>Cera Flava (p\u010delinji vosak)<\/li>\n<\/ul><\/div>\n<p>\n    <strong>PRO\u010cITAJTE O DJELOVANJU I KORISNOSTI OVIH SASTOJAKA U NA\u0160EM HERBARIJU. <\/strong><br \/>* Za sve upite i narud\u017ebe kontaktirajte nas na <strong>info@azena.hr <\/strong>ili na +385 1 6226 111\n  <\/p>\n<\/section>\n","protected":false},"excerpt":{"rendered":"<p>Biljni Balzam Za Usne Ekstrakt nevena kombiniran s eteri\u010dnim uljem mandarine stvara idealnu biljnu formulu za za\u0161titu i njegu va\u0161ih usana. Klju\u010dni sastojci: Calendula Officinalis Flower Extract (ekstrakt cvijeta nevena) Citrus Reticulata Peel Oil (ulje tangerine) Cera Flava (p\u010delinji vosak) PRO\u010cITAJTE O DJELOVANJU I KORISNOSTI OVIH SASTOJAKA U NA\u0160EM HERBARIJU. * Za sve upite i [&hellip;]<\/p>\n","protected":false},"featured_media":375,"template":"","meta":{"_acf_changed":false},"product_brand":[],"product_cat":[129],"product_tag":[],"class_list":{"0":"post-6700","1":"product","2":"type-product","3":"status-publish","4":"has-post-thumbnail","6":"product_cat-herbal-face-care","9":"instock","10":"shipping-taxable","11":"product-type-simple","12":"product-grid-view"},"acf":[],"_links":{"self":[{"href":"https:\/\/azena.novevibracije.com\/hr\/wp-json\/wp\/v2\/product\/6700","targetHints":{"allow":["GET"]}}],"collection":[{"href":"https:\/\/azena.novevibracije.com\/hr\/wp-json\/wp\/v2\/product"}],"about":[{"href":"https:\/\/azena.novevibracije.com\/hr\/wp-json\/wp\/v2\/types\/product"}],"wp:featuredmedia":[{"embeddable":true,"href":"https:\/\/azena.novevibracije.com\/hr\/wp-json\/wp\/v2\/media\/375"}],"wp:attachment":[{"href":"https:\/\/azena.novevibracije.com\/hr\/wp-json\/wp\/v2\/media?parent=6700"}],"wp:term":[{"taxonomy":"product_brand","embeddable":true,"href":"https:\/\/azena.novevibracije.com\/hr\/wp-json\/wp\/v2\/product_brand?post=6700"},{"taxonomy":"product_cat","embeddable":true,"href":"https:\/\/azena.novevibracije.com\/hr\/wp-json\/wp\/v2\/product_cat?post=6700"},{"taxonomy":"product_tag","embeddable":true,"href":"https:\/\/azena.novevibracije.com\/hr\/wp-json\/wp\/v2\/product_tag?post=6700"}],"curies":[{"name":"wp","href":"https:\/\/api.w.org\/{rel}","templated":true}]}}