{"id":6696,"date":"2018-02-26T10:49:40","date_gmt":"2018-02-26T10:49:40","guid":{"rendered":"https:\/\/azena.novevibracije.com\/product\/tinktura-imela\/"},"modified":"2018-02-26T10:49:40","modified_gmt":"2018-02-26T10:49:40","slug":"tinktura-imela","status":"publish","type":"product","link":"https:\/\/azena.novevibracije.com\/hr\/proizvod\/tinktura-imela\/","title":{"rendered":"Tinktura Imela"},"content":{"rendered":"<section class=\"product-description\">\n<h2>Ekstrakt imele u alkoholu.<\/h2>\n<p>\n Uzmite najbolje od svojstava imele u teku\u0107em obliku. Ova ekstrakcija omogu\u0107uje vam da na prakti\u010dan na\u010din u\u017eivate u tradicionalnim blagodatima imele.\n  <\/p>\n<div class=\"ingredients\" style=\"margin-top: 20px;\">\n<h3>Sastojci<\/h3>\n<ul>\n<li>Ekstrakt imele u alkoholu<\/li>\n<\/ul><\/div>\n<div class=\"additional-info\" style=\"margin-top: 25px;\">\n<p>\n      <em>* Opisi proizvoda imaju informativni karakter i ne koriste se u svrhu dijagnoze ili lije\u010denja.<\/em>\n    <\/p>\n<\/p><\/div>\n<\/section>\n","protected":false},"excerpt":{"rendered":"<p>Ekstrakt imele u alkoholu. Uzmite najbolje od svojstava imele u teku\u0107em obliku. Ova ekstrakcija omogu\u0107uje vam da na prakti\u010dan na\u010din u\u017eivate u tradicionalnim blagodatima imele. Sastojci Ekstrakt imele u alkoholu * Opisi proizvoda imaju informativni karakter i ne koriste se u svrhu dijagnoze ili lije\u010denja.<\/p>\n","protected":false},"featured_media":407,"template":"","meta":{"_acf_changed":false},"product_brand":[],"product_cat":[135],"product_tag":[],"class_list":{"0":"post-6696","1":"product","2":"type-product","3":"status-publish","4":"has-post-thumbnail","6":"product_cat-biljni-eliksiri","9":"instock","10":"shipping-taxable","11":"product-type-simple","12":"product-grid-view"},"acf":[],"_links":{"self":[{"href":"https:\/\/azena.novevibracije.com\/hr\/wp-json\/wp\/v2\/product\/6696","targetHints":{"allow":["GET"]}}],"collection":[{"href":"https:\/\/azena.novevibracije.com\/hr\/wp-json\/wp\/v2\/product"}],"about":[{"href":"https:\/\/azena.novevibracije.com\/hr\/wp-json\/wp\/v2\/types\/product"}],"wp:featuredmedia":[{"embeddable":true,"href":"https:\/\/azena.novevibracije.com\/hr\/wp-json\/wp\/v2\/media\/407"}],"wp:attachment":[{"href":"https:\/\/azena.novevibracije.com\/hr\/wp-json\/wp\/v2\/media?parent=6696"}],"wp:term":[{"taxonomy":"product_brand","embeddable":true,"href":"https:\/\/azena.novevibracije.com\/hr\/wp-json\/wp\/v2\/product_brand?post=6696"},{"taxonomy":"product_cat","embeddable":true,"href":"https:\/\/azena.novevibracije.com\/hr\/wp-json\/wp\/v2\/product_cat?post=6696"},{"taxonomy":"product_tag","embeddable":true,"href":"https:\/\/azena.novevibracije.com\/hr\/wp-json\/wp\/v2\/product_tag?post=6696"}],"curies":[{"name":"wp","href":"https:\/\/api.w.org\/{rel}","templated":true}]}}