{"id":6684,"date":"2018-02-26T10:42:20","date_gmt":"2018-02-26T10:42:20","guid":{"rendered":"https:\/\/azena.novevibracije.com\/product\/biljni-maslac-za-tijelo\/"},"modified":"2018-02-26T10:42:20","modified_gmt":"2018-02-26T10:42:20","slug":"biljni-maslac-za-tijelo","status":"publish","type":"product","link":"https:\/\/azena.novevibracije.com\/hr\/proizvod\/biljni-maslac-za-tijelo\/","title":{"rendered":"Biljni Maslac za tijelo"},"content":{"rendered":"<section class=\"product-description\">\n<h2>Biljni Maslac za tijelo s lavandom i komora\u010dem<\/h2>\n<p>\n Brzo upijaju\u0107i maslac za njegu tijela. Pru\u017ea kompletnu za\u0161titu ko\u017ee. Poti\u010de elasti\u010dnost i sjaj zahvaljuju\u0107i svojstvima lavande i komora\u010da.<br \/>Efekt nakon kori\u0161tenja? Bye, bye suhoj ko\u017ei!  Effect after use?\n  <\/p>\n<div class=\"key-ingredients\" style=\"margin-top: 20px;\">\n<h3>Sastojci:<\/h3>\n<ul>\n<li>Lavandula Hybrida Oil (ulje lavande)<\/li>\n<li>Foeniculum Vulgare Oil (ulje komora\u010da)<\/li>\n<li>Cera Alba (p\u010delinji vosak)<\/li>\n<\/ul><\/div>\n<div class=\"additional-info\" style=\"margin-top: 25px;\">\n<p>\n      <em>Pro\u010ditajte o djelovanju i korisnosti ovih sastojaka na na\u0161em Herbariju.<\/em>\n    <\/p>\n<p>\n      <em>Za sva pitanja i narud\u017ebe kontaktirajte nas na<strong> info@azena.hr<\/strong> ili na <strong>+385 1 6226 111.<\/strong><\/em>\n    <\/p>\n<\/p><\/div>\n<\/section>\n","protected":false},"excerpt":{"rendered":"<p>Biljni Maslac za tijelo s lavandom i komora\u010dem Brzo upijaju\u0107i maslac za njegu tijela. Pru\u017ea kompletnu za\u0161titu ko\u017ee. Poti\u010de elasti\u010dnost i sjaj zahvaljuju\u0107i svojstvima lavande i komora\u010da.Efekt nakon kori\u0161tenja? Bye, bye suhoj ko\u017ei! Effect after use? Sastojci: Lavandula Hybrida Oil (ulje lavande) Foeniculum Vulgare Oil (ulje komora\u010da) Cera Alba (p\u010delinji vosak) Pro\u010ditajte o djelovanju i [&hellip;]<\/p>\n","protected":false},"featured_media":2032,"template":"","meta":{"_acf_changed":false},"product_brand":[],"product_cat":[131],"product_tag":[],"class_list":{"0":"post-6684","1":"product","2":"type-product","3":"status-publish","4":"has-post-thumbnail","6":"product_cat-herbal-body-care","9":"instock","10":"shipping-taxable","11":"product-type-simple","12":"product-grid-view"},"acf":[],"_links":{"self":[{"href":"https:\/\/azena.novevibracije.com\/hr\/wp-json\/wp\/v2\/product\/6684","targetHints":{"allow":["GET"]}}],"collection":[{"href":"https:\/\/azena.novevibracije.com\/hr\/wp-json\/wp\/v2\/product"}],"about":[{"href":"https:\/\/azena.novevibracije.com\/hr\/wp-json\/wp\/v2\/types\/product"}],"wp:featuredmedia":[{"embeddable":true,"href":"https:\/\/azena.novevibracije.com\/hr\/wp-json\/wp\/v2\/media\/2032"}],"wp:attachment":[{"href":"https:\/\/azena.novevibracije.com\/hr\/wp-json\/wp\/v2\/media?parent=6684"}],"wp:term":[{"taxonomy":"product_brand","embeddable":true,"href":"https:\/\/azena.novevibracije.com\/hr\/wp-json\/wp\/v2\/product_brand?post=6684"},{"taxonomy":"product_cat","embeddable":true,"href":"https:\/\/azena.novevibracije.com\/hr\/wp-json\/wp\/v2\/product_cat?post=6684"},{"taxonomy":"product_tag","embeddable":true,"href":"https:\/\/azena.novevibracije.com\/hr\/wp-json\/wp\/v2\/product_tag?post=6684"}],"curies":[{"name":"wp","href":"https:\/\/api.w.org\/{rel}","templated":true}]}}