{"id":6682,"date":"2018-02-26T10:40:46","date_gmt":"2018-02-26T10:40:46","guid":{"rendered":"https:\/\/azena.novevibracije.com\/product\/biljni-balzam-za-tijelo-tangerina\/"},"modified":"2018-02-26T10:40:46","modified_gmt":"2018-02-26T10:40:46","slug":"biljni-balzam-za-tijelo-tangerina","status":"publish","type":"product","link":"https:\/\/azena.novevibracije.com\/hr\/proizvod\/biljni-balzam-za-tijelo-tangerina\/","title":{"rendered":"Biljni Balzam za tijelo \u2013 Tangerina"},"content":{"rendered":"<section class=\"product-description\">\n<h2>\u017dENA \/ MAJKA \/ KRALJICA<\/h2>\n<p>\n Ovaj neodoljivi 100% prirodni balzam za tijelo pobolj\u0161ava elasti\u010dnost ko\u017ee i op\u0107e zdravlje ko\u017ee. Maslinovo ulje, bogato vitaminom E, daje ko\u017ei zdrav sjaj i svilenkasto glatku teksturu. Za najbolje rezultate, koristite odmah nakon tu\u0161iranja kako biste zadr\u017eali vlagu i u\u017eivali u prekrasno mekanoj ko\u017ei.\n  <\/p>\n<div class=\"product-use\" style=\"margin-top: 20px;\">\n<h3>Idealan za:<\/h3>\n<ul>\n<li>tretiranje suhe i perutave ko\u017ee<\/li>\n<li>tretiranje strija<\/li>\n<\/ul><\/div>\n<div class=\"key-ingredients\" style=\"margin-top: 20px;\">\n<h3>Klju\u010dni sastojci:<\/h3>\n<ul>\n<li>Olea Europaea Fruit Oil (maslinovo ulje)<\/li>\n<li>Citrus Reticulata Peel Oil (ulje tangerine)<\/li>\n<li>Calendula Officinalis Flower Extract (ekstrakt cvijeta nevena)<\/li>\n<\/ul><\/div>\n<div class=\"additional-info\" style=\"margin-top: 25px;\">\n<p>\n      <em>Pro\u010ditajte o djelovanju i korisnosti ovih sastojaka na na\u0161em Herbariju.<\/em>\n    <\/p>\n<p>\n      <em>Za sva pitanja i narud\u017ebe kontaktirajte nas na<strong> info@azena.hr<\/strong> ili na <strong>+385 1 6226 111.<\/strong><\/em>\n    <\/p>\n<\/p><\/div>\n<\/section>\n","protected":false},"excerpt":{"rendered":"<p>\u017dENA \/ MAJKA \/ KRALJICA Ovaj neodoljivi 100% prirodni balzam za tijelo pobolj\u0161ava elasti\u010dnost ko\u017ee i op\u0107e zdravlje ko\u017ee. Maslinovo ulje, bogato vitaminom E, daje ko\u017ei zdrav sjaj i svilenkasto glatku teksturu. Za najbolje rezultate, koristite odmah nakon tu\u0161iranja kako biste zadr\u017eali vlagu i u\u017eivali u prekrasno mekanoj ko\u017ei. Idealan za: tretiranje suhe i perutave [&hellip;]<\/p>\n","protected":false},"featured_media":1568,"template":"","meta":{"_acf_changed":false},"product_brand":[],"product_cat":[131],"product_tag":[],"class_list":{"0":"post-6682","1":"product","2":"type-product","3":"status-publish","4":"has-post-thumbnail","6":"product_cat-herbal-body-care","9":"instock","10":"shipping-taxable","11":"product-type-simple","12":"product-grid-view"},"acf":[],"_links":{"self":[{"href":"https:\/\/azena.novevibracije.com\/hr\/wp-json\/wp\/v2\/product\/6682","targetHints":{"allow":["GET"]}}],"collection":[{"href":"https:\/\/azena.novevibracije.com\/hr\/wp-json\/wp\/v2\/product"}],"about":[{"href":"https:\/\/azena.novevibracije.com\/hr\/wp-json\/wp\/v2\/types\/product"}],"wp:featuredmedia":[{"embeddable":true,"href":"https:\/\/azena.novevibracije.com\/hr\/wp-json\/wp\/v2\/media\/1568"}],"wp:attachment":[{"href":"https:\/\/azena.novevibracije.com\/hr\/wp-json\/wp\/v2\/media?parent=6682"}],"wp:term":[{"taxonomy":"product_brand","embeddable":true,"href":"https:\/\/azena.novevibracije.com\/hr\/wp-json\/wp\/v2\/product_brand?post=6682"},{"taxonomy":"product_cat","embeddable":true,"href":"https:\/\/azena.novevibracije.com\/hr\/wp-json\/wp\/v2\/product_cat?post=6682"},{"taxonomy":"product_tag","embeddable":true,"href":"https:\/\/azena.novevibracije.com\/hr\/wp-json\/wp\/v2\/product_tag?post=6682"}],"curies":[{"name":"wp","href":"https:\/\/api.w.org\/{rel}","templated":true}]}}