{"id":6678,"date":"2018-02-26T10:39:44","date_gmt":"2018-02-26T10:39:44","guid":{"rendered":"https:\/\/azena.novevibracije.com\/product\/biljni-baby-balzam\/"},"modified":"2018-02-26T10:39:44","modified_gmt":"2018-02-26T10:39:44","slug":"biljni-baby-balzam","status":"publish","type":"product","link":"https:\/\/azena.novevibracije.com\/hr\/proizvod\/biljni-baby-balzam\/","title":{"rendered":"Biljni baby balzam"},"content":{"rendered":"<section class=\"product-description\">\n<h2>Biljni baby balzam<\/h2>\n<p>\n Kada bi na\u0161 100% prirodni Herbal Baby Balm mogao govoriti, nje\u017eno bi \u0161apnuo va\u0161oj bebi: <em>&#8220;\u010cuvam te.&#8221; <\/em>Njegova nje\u017ena formula temeljena je na jedinstvenom kombinaciji miri\u0161u\u0107eg nevena i gaveza, oboga\u0107ena vitaminom E i prirodnim mineralima koji \u0161tite i brinu se o osjetljivoj bebinoj ko\u017ei.\n  <\/p>\n<div class=\"key-ingredients\" style=\"margin-top: 20px;\">\n<h3>Klju\u010dni sastojci:<\/h3>\n<ul>\n<li>Helianthus Annuus Seed Oil (ulje sjemenki suncokreta)<\/li>\n<li>Olea Europaea Fruit Oil (maslinovo ulje)<\/li>\n<li>Calendula Officinalis Flower Extract (ekstrakt cvijeta nevena)<\/li>\n<li>Symphytum Officinale Root Extract (ekstrakt korijena gaveza)<\/li>\n<\/ul><\/div>\n<div class=\"additional-info\" style=\"margin-top: 25px;\">\n<p>\n      <em>Pro\u010ditajte o djelovanju i korisnosti ovih sastojaka na na\u0161em Herbariju.<\/em>\n    <\/p>\n<p>\n      <em>Za sva pitanja i narud\u017ebe kontaktirajte nas na<strong> info@azena.hr<\/strong> ili na <strong>+385 1 6226 111.<\/strong><\/em>\n    <\/p>\n<\/p><\/div>\n<\/section>\n","protected":false},"excerpt":{"rendered":"<p>Biljni baby balzam Kada bi na\u0161 100% prirodni Herbal Baby Balm mogao govoriti, nje\u017eno bi \u0161apnuo va\u0161oj bebi: &#8220;\u010cuvam te.&#8221; Njegova nje\u017ena formula temeljena je na jedinstvenom kombinaciji miri\u0161u\u0107eg nevena i gaveza, oboga\u0107ena vitaminom E i prirodnim mineralima koji \u0161tite i brinu se o osjetljivoj bebinoj ko\u017ei. Klju\u010dni sastojci: Helianthus Annuus Seed Oil (ulje sjemenki [&hellip;]<\/p>\n","protected":false},"featured_media":1799,"template":"","meta":{"_acf_changed":false},"product_brand":[],"product_cat":[131],"product_tag":[],"class_list":{"0":"post-6678","1":"product","2":"type-product","3":"status-publish","4":"has-post-thumbnail","6":"product_cat-herbal-body-care","9":"instock","10":"shipping-taxable","11":"product-type-simple","12":"product-grid-view"},"acf":[],"_links":{"self":[{"href":"https:\/\/azena.novevibracije.com\/hr\/wp-json\/wp\/v2\/product\/6678","targetHints":{"allow":["GET"]}}],"collection":[{"href":"https:\/\/azena.novevibracije.com\/hr\/wp-json\/wp\/v2\/product"}],"about":[{"href":"https:\/\/azena.novevibracije.com\/hr\/wp-json\/wp\/v2\/types\/product"}],"wp:featuredmedia":[{"embeddable":true,"href":"https:\/\/azena.novevibracije.com\/hr\/wp-json\/wp\/v2\/media\/1799"}],"wp:attachment":[{"href":"https:\/\/azena.novevibracije.com\/hr\/wp-json\/wp\/v2\/media?parent=6678"}],"wp:term":[{"taxonomy":"product_brand","embeddable":true,"href":"https:\/\/azena.novevibracije.com\/hr\/wp-json\/wp\/v2\/product_brand?post=6678"},{"taxonomy":"product_cat","embeddable":true,"href":"https:\/\/azena.novevibracije.com\/hr\/wp-json\/wp\/v2\/product_cat?post=6678"},{"taxonomy":"product_tag","embeddable":true,"href":"https:\/\/azena.novevibracije.com\/hr\/wp-json\/wp\/v2\/product_tag?post=6678"}],"curies":[{"name":"wp","href":"https:\/\/api.w.org\/{rel}","templated":true}]}}