{"id":6676,"date":"2018-03-02T14:28:49","date_gmt":"2018-03-02T14:28:49","guid":{"rendered":"https:\/\/azena.novevibracije.com\/product\/biljni-balzam-nakon-depilacije\/"},"modified":"2018-03-02T14:28:49","modified_gmt":"2018-03-02T14:28:49","slug":"biljni-balzam-nakon-depilacije","status":"publish","type":"product","link":"https:\/\/azena.novevibracije.com\/hr\/proizvod\/biljni-balzam-nakon-depilacije\/","title":{"rendered":"Biljni Balzam nakon depilacije"},"content":{"rendered":"<section class=\"product-description\">\n<h2>Biljni balzam nakon depilacije (60 ml)<\/h2>\n<p>\n Nje\u017ena njega za bilo koji tip ko\u017ee. Menta i gavez umiruju ko\u017eu dok suncokretovo ulje daje ko\u017ei elasti\u010dnost i zdrav sjaj. Formula ovog balzama poma\u017ee u prevenciji uraslih dla\u010dica i ima antibakterijska svojstva.\n  <\/p>\n<div class=\"ingredients\" style=\"margin-top: 20px;\">\n<h3>Glavni sastojci<\/h3>\n<ul>\n<li>Mentha Piperita L. Oil (ulje paprene mente)<\/li>\n<li>Symphytum Officinale Root Extract (ekstrakt korijena gaveza)<\/li>\n<li>Cera Flava (p\u010delinji vosak)<\/li>\n<\/ul><\/div>\n<div class=\"additional-info\" style=\"margin-top: 25px;\">\n<p>\n      <em>* Pro\u010ditajte o djelovanju i korisnosti ovih sastojaka na na\u0161em Herbariju.<\/em>\n    <\/p>\n<p>\n      <em>* Za sva pitanja i narud\u017ebe kontaktirajte nas na <strong>info@azena.hr<\/strong> ili na <strong>+385 1 6226 111.<\/strong><\/em>\n    <\/p>\n<\/p><\/div>\n<\/section>\n","protected":false},"excerpt":{"rendered":"<p>Biljni balzam nakon depilacije (60 ml) Nje\u017ena njega za bilo koji tip ko\u017ee. Menta i gavez umiruju ko\u017eu dok suncokretovo ulje daje ko\u017ei elasti\u010dnost i zdrav sjaj. Formula ovog balzama poma\u017ee u prevenciji uraslih dla\u010dica i ima antibakterijska svojstva. Glavni sastojci Mentha Piperita L. Oil (ulje paprene mente) Symphytum Officinale Root Extract (ekstrakt korijena gaveza) [&hellip;]<\/p>\n","protected":false},"featured_media":1340,"template":"","meta":{"_acf_changed":false},"product_brand":[],"product_cat":[131],"product_tag":[],"class_list":{"0":"post-6676","1":"product","2":"type-product","3":"status-publish","4":"has-post-thumbnail","6":"product_cat-herbal-body-care","9":"instock","10":"shipping-taxable","11":"product-type-simple","12":"product-grid-view"},"acf":[],"_links":{"self":[{"href":"https:\/\/azena.novevibracije.com\/hr\/wp-json\/wp\/v2\/product\/6676","targetHints":{"allow":["GET"]}}],"collection":[{"href":"https:\/\/azena.novevibracije.com\/hr\/wp-json\/wp\/v2\/product"}],"about":[{"href":"https:\/\/azena.novevibracije.com\/hr\/wp-json\/wp\/v2\/types\/product"}],"wp:featuredmedia":[{"embeddable":true,"href":"https:\/\/azena.novevibracije.com\/hr\/wp-json\/wp\/v2\/media\/1340"}],"wp:attachment":[{"href":"https:\/\/azena.novevibracije.com\/hr\/wp-json\/wp\/v2\/media?parent=6676"}],"wp:term":[{"taxonomy":"product_brand","embeddable":true,"href":"https:\/\/azena.novevibracije.com\/hr\/wp-json\/wp\/v2\/product_brand?post=6676"},{"taxonomy":"product_cat","embeddable":true,"href":"https:\/\/azena.novevibracije.com\/hr\/wp-json\/wp\/v2\/product_cat?post=6676"},{"taxonomy":"product_tag","embeddable":true,"href":"https:\/\/azena.novevibracije.com\/hr\/wp-json\/wp\/v2\/product_tag?post=6676"}],"curies":[{"name":"wp","href":"https:\/\/api.w.org\/{rel}","templated":true}]}}