{"id":6674,"date":"2020-06-18T10:44:44","date_gmt":"2020-06-18T10:44:44","guid":{"rendered":"https:\/\/azena.novevibracije.com\/product\/happy-belly-balm\/"},"modified":"2020-06-18T10:44:44","modified_gmt":"2020-06-18T10:44:44","slug":"happy-belly-balm","status":"publish","type":"product","link":"https:\/\/azena.novevibracije.com\/hr\/proizvod\/happy-belly-balm\/","title":{"rendered":"Happy Belly Balm"},"content":{"rendered":"<section class=\"product-description\">\n<h2>Balzam za trbuh za prevenciju strija<\/h2>\n<p>\n Na\u0161a nje\u017ena biljna formula \u010dini ko\u017eu super mekom i bez strija. Zahvaljuju\u0107i finom ulju tangerine tonizira ko\u017eu, \u010dine\u0107i je elasti\u010dnom. Miris prirode u balzamu koji vole i mama i beba!\n  <\/p>\n<div class=\"ingredients\" style=\"margin-top: 20px;\">\n<h3>Glavni sastojci<\/h3>\n<ul>\n<li>Olea Europaea Fruit Oil (maslinovo ulje)<\/li>\n<li>Helianthus Annuus Seed Oil (ulje sjemenki suncokreta)<\/li>\n<li>Citrus Reticulata Peel Oil (ulje tangerine)<\/li>\n<\/ul><\/div>\n<div class=\"additional-info\" style=\"margin-top: 25px;\">\n<p>\n      <em>* Pro\u010ditajte o djelovanju i korisnosti ovih sastojaka na na\u0161em Herbariju.<\/em>\n    <\/p>\n<p>\n      <em>* Za sva pitanja i narud\u017ebe kontaktirajte nas na <strong>info@azena.hr<\/strong> ili na <strong>+385 1 6226 111.<\/strong><\/em>\n    <\/p>\n<\/p><\/div>\n<\/section>\n","protected":false},"excerpt":{"rendered":"<p>Balzam za trbuh za prevenciju strija Na\u0161a nje\u017ena biljna formula \u010dini ko\u017eu super mekom i bez strija. Zahvaljuju\u0107i finom ulju tangerine tonizira ko\u017eu, \u010dine\u0107i je elasti\u010dnom. Miris prirode u balzamu koji vole i mama i beba! Glavni sastojci Olea Europaea Fruit Oil (maslinovo ulje) Helianthus Annuus Seed Oil (ulje sjemenki suncokreta) Citrus Reticulata Peel Oil [&hellip;]<\/p>\n","protected":false},"featured_media":6673,"template":"","meta":{"_acf_changed":false},"product_brand":[],"product_cat":[131],"product_tag":[],"class_list":{"0":"post-6674","1":"product","2":"type-product","3":"status-publish","4":"has-post-thumbnail","6":"product_cat-herbal-body-care","9":"instock","10":"shipping-taxable","11":"product-type-simple","12":"product-grid-view"},"acf":[],"_links":{"self":[{"href":"https:\/\/azena.novevibracije.com\/hr\/wp-json\/wp\/v2\/product\/6674","targetHints":{"allow":["GET"]}}],"collection":[{"href":"https:\/\/azena.novevibracije.com\/hr\/wp-json\/wp\/v2\/product"}],"about":[{"href":"https:\/\/azena.novevibracije.com\/hr\/wp-json\/wp\/v2\/types\/product"}],"wp:featuredmedia":[{"embeddable":true,"href":"https:\/\/azena.novevibracije.com\/hr\/wp-json\/wp\/v2\/media\/6673"}],"wp:attachment":[{"href":"https:\/\/azena.novevibracije.com\/hr\/wp-json\/wp\/v2\/media?parent=6674"}],"wp:term":[{"taxonomy":"product_brand","embeddable":true,"href":"https:\/\/azena.novevibracije.com\/hr\/wp-json\/wp\/v2\/product_brand?post=6674"},{"taxonomy":"product_cat","embeddable":true,"href":"https:\/\/azena.novevibracije.com\/hr\/wp-json\/wp\/v2\/product_cat?post=6674"},{"taxonomy":"product_tag","embeddable":true,"href":"https:\/\/azena.novevibracije.com\/hr\/wp-json\/wp\/v2\/product_tag?post=6674"}],"curies":[{"name":"wp","href":"https:\/\/api.w.org\/{rel}","templated":true}]}}