{"id":6670,"date":"2022-01-12T12:44:48","date_gmt":"2022-01-12T12:44:48","guid":{"rendered":"https:\/\/azena.novevibracije.com\/product\/krema-za-ruke-ruzmarin-limun\/"},"modified":"2022-01-12T12:44:48","modified_gmt":"2022-01-12T12:44:48","slug":"krema-za-ruke-ruzmarin-limun","status":"publish","type":"product","link":"https:\/\/azena.novevibracije.com\/hr\/proizvod\/krema-za-ruke-ruzmarin-limun\/","title":{"rendered":"Krema Za Ruke \u2013 Ru\u017emarin &amp; Limun"},"content":{"rendered":"<section class=\"product-description\">\n<div class=\"eco-info\" style=\"margin-bottom: 25px;\">\n<h3>Jeste li znali?<\/h3>\n<p>\n AZENA KREME ZA RUKE pakiramo u inovativnim, <strong>ECO FRIENDLY tubama<\/strong> napravljenim od 100% \u0161e\u0107erne trske. Plastika dobivene od \u0161e\u0107erne trske je plastika proizvedena na biljnoj bazi umjesto naftnoj a to zna\u010di da je obnovljivi ekolo\u0161ki izvor jer se razmno\u017eava u ciklusima kra\u0107im od jedne godine. To nam puno zna\u010di jer prirodnost i djelotvornost na\u0161ih sastojaka mo\u017eemo popratiti i sa ambala\u017eom- kojom pridonosimo o\u010duvanju okoli\u0161a i Zemljinog ekosustava!\n    <\/p>\n<\/p><\/div>\n<div class=\"product-item\" style=\"border: 1px solid #eee; padding: 15px; border-radius: 8px;\">\n<h3>Ru\u017emarin &amp; Limun krema za ruke<\/h3>\n<p>\n Hranjiva, hidratantna krema za ruke i nokte s<strong> ru\u017emarinom i limunom<\/strong> koja odr\u017eava va\u0161e ruke i nokte svijetlima, zdravima i zadovoljnima. <strong>P\u010delinji vosak i neven<\/strong> \u0161tite ko\u017eu od utjecaja okoline. Formula koja se brzo upija \u010dini je idealnom za svaku situaciju kada vam treba dodatna njega.\n    <\/p>\n<h4>Sastojci:<\/h4>\n<ul>\n<li>Ulje ru\u017emarina<\/li>\n<li>Ulje limuna<\/li>\n<li>Ekstrakt nevena<\/li>\n<li>Bademovo ulje<\/li>\n<li>P\u010delinji vosak<\/li>\n<li>Suncokretovo ulje<\/li>\n<\/ul><\/div>\n<\/section>\n","protected":false},"excerpt":{"rendered":"<p>Jeste li znali? AZENA KREME ZA RUKE pakiramo u inovativnim, ECO FRIENDLY tubama napravljenim od 100% \u0161e\u0107erne trske. Plastika dobivene od \u0161e\u0107erne trske je plastika proizvedena na biljnoj bazi umjesto naftnoj a to zna\u010di da je obnovljivi ekolo\u0161ki izvor jer se razmno\u017eava u ciklusima kra\u0107im od jedne godine. To nam puno zna\u010di jer prirodnost i [&hellip;]<\/p>\n","protected":false},"featured_media":6669,"template":"","meta":{"_acf_changed":false},"product_brand":[],"product_cat":[131],"product_tag":[],"class_list":{"0":"post-6670","1":"product","2":"type-product","3":"status-publish","4":"has-post-thumbnail","6":"product_cat-herbal-body-care","9":"instock","10":"shipping-taxable","11":"product-type-simple","12":"product-grid-view"},"acf":[],"_links":{"self":[{"href":"https:\/\/azena.novevibracije.com\/hr\/wp-json\/wp\/v2\/product\/6670","targetHints":{"allow":["GET"]}}],"collection":[{"href":"https:\/\/azena.novevibracije.com\/hr\/wp-json\/wp\/v2\/product"}],"about":[{"href":"https:\/\/azena.novevibracije.com\/hr\/wp-json\/wp\/v2\/types\/product"}],"wp:featuredmedia":[{"embeddable":true,"href":"https:\/\/azena.novevibracije.com\/hr\/wp-json\/wp\/v2\/media\/6669"}],"wp:attachment":[{"href":"https:\/\/azena.novevibracije.com\/hr\/wp-json\/wp\/v2\/media?parent=6670"}],"wp:term":[{"taxonomy":"product_brand","embeddable":true,"href":"https:\/\/azena.novevibracije.com\/hr\/wp-json\/wp\/v2\/product_brand?post=6670"},{"taxonomy":"product_cat","embeddable":true,"href":"https:\/\/azena.novevibracije.com\/hr\/wp-json\/wp\/v2\/product_cat?post=6670"},{"taxonomy":"product_tag","embeddable":true,"href":"https:\/\/azena.novevibracije.com\/hr\/wp-json\/wp\/v2\/product_tag?post=6670"}],"curies":[{"name":"wp","href":"https:\/\/api.w.org\/{rel}","templated":true}]}}