{"id":6664,"date":"2021-06-17T08:53:25","date_gmt":"2021-06-17T08:53:25","guid":{"rendered":"https:\/\/azena.novevibracije.com\/product\/uljni-tretman-za-njegu-kose-mediteranka\/"},"modified":"2021-06-17T08:53:25","modified_gmt":"2021-06-17T08:53:25","slug":"uljni-tretman-za-njegu-kose-mediteranka","status":"publish","type":"product","link":"https:\/\/azena.novevibracije.com\/hr\/proizvod\/uljni-tretman-za-njegu-kose-mediteranka\/","title":{"rendered":"Uljni Tretman Za Njegu Kose MEDITERANKA"},"content":{"rendered":"<section class=\"product-description\">\n<h2>OPIS:<\/h2>\n<p>\n Neka va\u0161a kosa bude savr\u0161ena i nahranjena za samo 5 minuta. Tretman za sve tipove kose s neodoljivim mirisom Mediterana. Bye bye ispucani vrhovi i suha kosa!\n  <\/p>\n<div class=\"highlight\" style=\"margin-top: 15px;\">\n<h3>High point<\/h3>\n<p>\n osjetite snagu bogatog ulja ru\u017emarina \u010dije \u0107ete djelovanje osjetiti ve\u0107 nakon prve uporabe.\n    <\/p>\n<\/p><\/div>\n<div class=\"composition\" style=\"margin-top: 20px;\">\n<h3>Sastav<\/h3>\n<ul>\n<li>ru\u017emarinovo ulje \u2013 ja\u010da korijen kose i odr\u017eava vlasi\u0161te zdravim<\/li>\n<li>maslinovo ulje \u2013 hrani i daje sjaj kosi<\/li>\n<li>suncokretovo ulje \u2013 hidratizira i poma\u017ee u sprje\u010davanju lomljenja vlasi kose<\/li>\n<\/ul><\/div>\n<div class=\"usage\" style=\"margin-top: 20px;\">\n<h3>Na\u010din upotrebe<\/h3>\n<p>\n Nanesite na ruku par kapi ulja, te umasirajte u suho vlasi\u0161te i vrhove, prije pranja kose. Za potpuni efekt tretmana, potrebno vam je SAMO 5 minuta! Nakon tretmana na\u0161amponirati i dobro oprati kosu.\n    <\/p>\n<p>\n U slu\u010daju ispucanih vrhova, nanesite na suhu kosu.\n    <\/p>\n<\/p><\/div>\n<div class=\"features\" style=\"margin-top: 20px;\">\n<h3>Osobine<\/h3>\n<p>Tip kose:<br \/>Za sve tipove kose\n    <\/p>\n<p><strong>U\u010dinak:<\/strong><br \/>Hidratacija, sjaj i mediteranski miris\n    <\/p>\n<p><strong>Aktivne tvari:<\/strong><\/p>\n<ul>\n<li>Vitamin E \u2013 poti\u010de rast kose<\/li>\n<li>Skvalen (Maslinovo ulje) \u2013 hidratizira vlasi\u0161te<\/li>\n<\/ul>\n<p><strong>Tip vlasi\u0161ta:<\/strong><br \/>Sve vrste vlasi\u0161ta\n    <\/p>\n<\/p><\/div>\n<\/section>\n","protected":false},"excerpt":{"rendered":"<p>OPIS: Neka va\u0161a kosa bude savr\u0161ena i nahranjena za samo 5 minuta. Tretman za sve tipove kose s neodoljivim mirisom Mediterana. Bye bye ispucani vrhovi i suha kosa! High point osjetite snagu bogatog ulja ru\u017emarina \u010dije \u0107ete djelovanje osjetiti ve\u0107 nakon prve uporabe. Sastav ru\u017emarinovo ulje \u2013 ja\u010da korijen kose i odr\u017eava vlasi\u0161te zdravim maslinovo [&hellip;]<\/p>\n","protected":false},"featured_media":6663,"template":"","meta":{"_acf_changed":false},"product_brand":[],"product_cat":[131],"product_tag":[],"class_list":{"0":"post-6664","1":"product","2":"type-product","3":"status-publish","4":"has-post-thumbnail","6":"product_cat-herbal-body-care","9":"instock","10":"shipping-taxable","11":"product-type-simple","12":"product-grid-view"},"acf":[],"_links":{"self":[{"href":"https:\/\/azena.novevibracije.com\/hr\/wp-json\/wp\/v2\/product\/6664","targetHints":{"allow":["GET"]}}],"collection":[{"href":"https:\/\/azena.novevibracije.com\/hr\/wp-json\/wp\/v2\/product"}],"about":[{"href":"https:\/\/azena.novevibracije.com\/hr\/wp-json\/wp\/v2\/types\/product"}],"wp:featuredmedia":[{"embeddable":true,"href":"https:\/\/azena.novevibracije.com\/hr\/wp-json\/wp\/v2\/media\/6663"}],"wp:attachment":[{"href":"https:\/\/azena.novevibracije.com\/hr\/wp-json\/wp\/v2\/media?parent=6664"}],"wp:term":[{"taxonomy":"product_brand","embeddable":true,"href":"https:\/\/azena.novevibracije.com\/hr\/wp-json\/wp\/v2\/product_brand?post=6664"},{"taxonomy":"product_cat","embeddable":true,"href":"https:\/\/azena.novevibracije.com\/hr\/wp-json\/wp\/v2\/product_cat?post=6664"},{"taxonomy":"product_tag","embeddable":true,"href":"https:\/\/azena.novevibracije.com\/hr\/wp-json\/wp\/v2\/product_tag?post=6664"}],"curies":[{"name":"wp","href":"https:\/\/api.w.org\/{rel}","templated":true}]}}