{"id":6660,"date":"2018-02-26T10:44:47","date_gmt":"2018-02-26T10:44:47","guid":{"rendered":"https:\/\/azena.novevibracije.com\/product\/green-tangerine-balzam-nakon-suncanja\/"},"modified":"2018-02-26T10:44:47","modified_gmt":"2018-02-26T10:44:47","slug":"green-tangerine-balzam-nakon-suncanja","status":"publish","type":"product","link":"https:\/\/azena.novevibracije.com\/hr\/proizvod\/green-tangerine-balzam-nakon-suncanja\/","title":{"rendered":"Green Tangerine \u2013 balzam nakon sun\u010danja"},"content":{"rendered":"<section class=\"product-description\">\n<h2>Green Tangerine \u2013 balzam nakon sun\u010danja<\/h2>\n<p>\n Nanesite ovaj balzam nakon sun\u010danja kako biste vratili elasti\u010dnost ko\u017ee. Sunce isu\u0161uje ko\u017eu i uzrokuje prerano starenje. Da bismo bezbri\u017eno u\u017eivali na suncu i sprije\u010dili ovaj u\u010dinak, na\u0161 AZENA tim mije\u0161ao je vrhunsko maslinovo ulje bogato vitaminom E i mandarinim uljem koje promi\u010de elasti\u010dnost.\n  <\/p>\n<div class=\"key-ingredients\" style=\"margin-top: 20px;\">\n<h3>Klju\u010dni sastojci:<\/h3>\n<ul>\n<li>Kora Citrus Reticulata (kora mandarine)<\/li>\n<li>Calendula Officinalis Flower Extract (ekstrakt cvijeta nevena)<\/li>\n<li>Olea Europaea Fruit Oil (maslinovo ulje)<\/li>\n<\/ul><\/div>\n<p>\n    <strong>O DJELOVANJU I KORISNOSTI OVIH SASTOJAKA, PRO\u010cITAJTE NA NA\u0160EM HERBARIJU.<br \/>* Za sve informacije i upite obratite nam se putem maila: info@azena.hr ili na telefon: +385 1 6226 111<\/strong>\n  <\/p>\n<\/section>\n","protected":false},"excerpt":{"rendered":"<p>Green Tangerine \u2013 balzam nakon sun\u010danja Nanesite ovaj balzam nakon sun\u010danja kako biste vratili elasti\u010dnost ko\u017ee. Sunce isu\u0161uje ko\u017eu i uzrokuje prerano starenje. Da bismo bezbri\u017eno u\u017eivali na suncu i sprije\u010dili ovaj u\u010dinak, na\u0161 AZENA tim mije\u0161ao je vrhunsko maslinovo ulje bogato vitaminom E i mandarinim uljem koje promi\u010de elasti\u010dnost. Klju\u010dni sastojci: Kora Citrus Reticulata [&hellip;]<\/p>\n","protected":false},"featured_media":325,"template":"","meta":{"_acf_changed":false},"product_brand":[],"product_cat":[130],"product_tag":[],"class_list":{"0":"post-6660","1":"product","2":"type-product","3":"status-publish","4":"has-post-thumbnail","6":"product_cat-summer-collection","9":"instock","10":"shipping-taxable","11":"product-type-simple","12":"product-grid-view"},"acf":[],"_links":{"self":[{"href":"https:\/\/azena.novevibracije.com\/hr\/wp-json\/wp\/v2\/product\/6660","targetHints":{"allow":["GET"]}}],"collection":[{"href":"https:\/\/azena.novevibracije.com\/hr\/wp-json\/wp\/v2\/product"}],"about":[{"href":"https:\/\/azena.novevibracije.com\/hr\/wp-json\/wp\/v2\/types\/product"}],"wp:featuredmedia":[{"embeddable":true,"href":"https:\/\/azena.novevibracije.com\/hr\/wp-json\/wp\/v2\/media\/325"}],"wp:attachment":[{"href":"https:\/\/azena.novevibracije.com\/hr\/wp-json\/wp\/v2\/media?parent=6660"}],"wp:term":[{"taxonomy":"product_brand","embeddable":true,"href":"https:\/\/azena.novevibracije.com\/hr\/wp-json\/wp\/v2\/product_brand?post=6660"},{"taxonomy":"product_cat","embeddable":true,"href":"https:\/\/azena.novevibracije.com\/hr\/wp-json\/wp\/v2\/product_cat?post=6660"},{"taxonomy":"product_tag","embeddable":true,"href":"https:\/\/azena.novevibracije.com\/hr\/wp-json\/wp\/v2\/product_tag?post=6660"}],"curies":[{"name":"wp","href":"https:\/\/api.w.org\/{rel}","templated":true}]}}