{"id":6658,"date":"2021-12-08T19:59:19","date_gmt":"2021-12-08T19:59:19","guid":{"rendered":"https:\/\/azena.novevibracije.com\/product\/laku-noc-mood-box\/"},"modified":"2021-12-08T19:59:19","modified_gmt":"2021-12-08T19:59:19","slug":"laku-noc-mood-box","status":"publish","type":"product","link":"https:\/\/azena.novevibracije.com\/hr\/proizvod\/laku-noc-mood-box\/","title":{"rendered":"Laku no\u0107 Mood Box"},"content":{"rendered":"<section class=\"product-description\">\n<h2>Laku no\u0107 Mood Box<\/h2>\n<p>Laku no\u0107 poklon set sadr\u017ei:<\/p>\n<div class=\"product-set\" style=\"display: flex; flex-wrap: wrap; gap: 20px;\">\n<div class=\"product-item\" style=\"flex: 1 1 220px; border: 1px solid #eee; padding: 15px; border-radius: 8px;\">\n<h3>\u010cAJ! i prepusti se (30 g)<\/h3>\n<p>\n mje\u0161avina biljnog \u010daja sa \u0161umskim vo\u0107em, lavandom i listom melise.\n      <\/p>\n<\/p><\/div>\n<div class=\"product-item\" style=\"flex: 1 1 220px; border: 1px solid #eee; padding: 15px; border-radius: 8px;\">\n<h3>Laku no\u0107 Mood (10 ml)<\/h3>\n<p>\n Mje\u0161avina ulja za difuzere s eteri\u010dnim uljem mandarine, eteri\u010dnim uljem lavande i eteri\u010dnim uljem petitgraina.\n      <\/p>\n<\/p><\/div>\n<\/p><\/div>\n<\/section>\n","protected":false},"excerpt":{"rendered":"<p>Laku no\u0107 Mood Box Laku no\u0107 poklon set sadr\u017ei: \u010cAJ! i prepusti se (30 g) mje\u0161avina biljnog \u010daja sa \u0161umskim vo\u0107em, lavandom i listom melise. Laku no\u0107 Mood (10 ml) Mje\u0161avina ulja za difuzere s eteri\u010dnim uljem mandarine, eteri\u010dnim uljem lavande i eteri\u010dnim uljem petitgraina.<\/p>\n","protected":false},"featured_media":6657,"template":"","meta":{"_acf_changed":false},"product_brand":[],"product_cat":[132,128],"product_tag":[],"class_list":{"0":"post-6658","1":"product","2":"type-product","3":"status-publish","4":"has-post-thumbnail","6":"product_cat-opustajuci-kutak","7":"product_cat-gifts","10":"instock","11":"shipping-taxable","12":"product-type-simple","13":"product-grid-view"},"acf":[],"_links":{"self":[{"href":"https:\/\/azena.novevibracije.com\/hr\/wp-json\/wp\/v2\/product\/6658","targetHints":{"allow":["GET"]}}],"collection":[{"href":"https:\/\/azena.novevibracije.com\/hr\/wp-json\/wp\/v2\/product"}],"about":[{"href":"https:\/\/azena.novevibracije.com\/hr\/wp-json\/wp\/v2\/types\/product"}],"wp:featuredmedia":[{"embeddable":true,"href":"https:\/\/azena.novevibracije.com\/hr\/wp-json\/wp\/v2\/media\/6657"}],"wp:attachment":[{"href":"https:\/\/azena.novevibracije.com\/hr\/wp-json\/wp\/v2\/media?parent=6658"}],"wp:term":[{"taxonomy":"product_brand","embeddable":true,"href":"https:\/\/azena.novevibracije.com\/hr\/wp-json\/wp\/v2\/product_brand?post=6658"},{"taxonomy":"product_cat","embeddable":true,"href":"https:\/\/azena.novevibracije.com\/hr\/wp-json\/wp\/v2\/product_cat?post=6658"},{"taxonomy":"product_tag","embeddable":true,"href":"https:\/\/azena.novevibracije.com\/hr\/wp-json\/wp\/v2\/product_tag?post=6658"}],"curies":[{"name":"wp","href":"https:\/\/api.w.org\/{rel}","templated":true}]}}