{"id":6656,"date":"2021-12-08T19:45:19","date_gmt":"2021-12-08T19:45:19","guid":{"rendered":"https:\/\/azena.novevibracije.com\/product\/dobro-je-mood-box\/"},"modified":"2021-12-08T19:45:19","modified_gmt":"2021-12-08T19:45:19","slug":"dobro-je-mood-box","status":"publish","type":"product","link":"https:\/\/azena.novevibracije.com\/hr\/proizvod\/dobro-je-mood-box\/","title":{"rendered":"Dobro je Mood Box"},"content":{"rendered":"<section class=\"product-description\">\n<h2>Dobro je Mood Box<\/h2>\n<p>In this GOOD MOOD Box you will find:<\/p>\n<div class=\"product-set\" style=\"display: flex; flex-wrap: wrap; gap: 20px;\">\n<div class=\"product-item\" style=\"flex: 1 1 220px; border: 1px solid #eee; padding: 15px; border-radius: 8px;\">\n<h3>\u010cAJ! I pokreni se (30 g)<\/h3>\n<p>\n Mje\u0161avina biljnog \u010daja s naran\u010dom, \u0111umbirom i jabukom.\n      <\/p>\n<\/p><\/div>\n<div class=\"product-item\" style=\"flex: 1 1 220px; border: 1px solid #eee; padding: 15px; border-radius: 8px;\">\n<h3>Dobro je Mood (10 ml)<\/h3>\n<p>\n Mje\u0161avina ulja za difuzor s eteri\u010dnim uljem limuna, eteri\u010dnim uljem cedra i eteri\u010dnim uljem mente.\n      <\/p>\n<\/p><\/div>\n<\/p><\/div>\n<\/section>\n","protected":false},"excerpt":{"rendered":"<p>test teste testetet<\/p>\n","protected":false},"featured_media":6655,"template":"","meta":{"_acf_changed":false},"product_brand":[],"product_cat":[133,132,128],"product_tag":[],"class_list":{"0":"post-6656","1":"product","2":"type-product","3":"status-publish","4":"has-post-thumbnail","6":"product_cat-biljne-mjesavine-cajeva","7":"product_cat-opustajuci-kutak","8":"product_cat-gifts","11":"instock","12":"shipping-taxable","13":"product-type-simple","14":"product-grid-view"},"acf":[],"_links":{"self":[{"href":"https:\/\/azena.novevibracije.com\/hr\/wp-json\/wp\/v2\/product\/6656","targetHints":{"allow":["GET"]}}],"collection":[{"href":"https:\/\/azena.novevibracije.com\/hr\/wp-json\/wp\/v2\/product"}],"about":[{"href":"https:\/\/azena.novevibracije.com\/hr\/wp-json\/wp\/v2\/types\/product"}],"wp:featuredmedia":[{"embeddable":true,"href":"https:\/\/azena.novevibracije.com\/hr\/wp-json\/wp\/v2\/media\/6655"}],"wp:attachment":[{"href":"https:\/\/azena.novevibracije.com\/hr\/wp-json\/wp\/v2\/media?parent=6656"}],"wp:term":[{"taxonomy":"product_brand","embeddable":true,"href":"https:\/\/azena.novevibracije.com\/hr\/wp-json\/wp\/v2\/product_brand?post=6656"},{"taxonomy":"product_cat","embeddable":true,"href":"https:\/\/azena.novevibracije.com\/hr\/wp-json\/wp\/v2\/product_cat?post=6656"},{"taxonomy":"product_tag","embeddable":true,"href":"https:\/\/azena.novevibracije.com\/hr\/wp-json\/wp\/v2\/product_tag?post=6656"}],"curies":[{"name":"wp","href":"https:\/\/api.w.org\/{rel}","templated":true}]}}