{"id":6654,"date":"2021-11-16T13:36:49","date_gmt":"2021-11-16T13:36:49","guid":{"rendered":"https:\/\/azena.novevibracije.com\/product\/dobro-je-mood\/"},"modified":"2021-11-16T13:36:49","modified_gmt":"2021-11-16T13:36:49","slug":"dobro-je-mood","status":"publish","type":"product","link":"https:\/\/azena.novevibracije.com\/hr\/proizvod\/dobro-je-mood\/","title":{"rendered":"Dobro je! Mood"},"content":{"rendered":"<section class=\"product-description\">\n<h2>ULJNI BLEND ZA DIFUZERE (10 ml)<\/h2>\n<div class=\"product-item\" style=\"display: flex; gap: 20px; align-items: flex-start; border: 1px solid #eee; padding: 15px; border-radius: 8px;\">\n    <img decoding=\"async\" src=\"\/wp-content\/uploads\/2026\/01\/product-details.png\" alt=\"Detalji proizvoda\" style=\"max-width: 400px; border-radius: 8px;\"><\/p>\n<div>\n<p>\n Ova mje\u0161avina eteri\u010dnih ulja kombinira ulja limuna i cedra s notom o\u0161trog mentola za svijetlo i osvje\u017eavaju\u0107e iskustvo.\n      <\/p>\n<h4>AZENA preporu\u010duje:<\/h4>\n<ul>\n<li>Koristite kada trebate pokrenuti svoj dan.<\/li>\n<li>Koristite pri postavljanju ciljeva kako biste stvorili atmosferu motivacije.<\/li>\n<li>O\u010distite zrak od ne\u017eeljenih mirisa u svom domu, uredu ili automobilu.<\/li>\n<\/ul>\n<p>Difuzirajte do 1 sat, 3 puta dnevno.<\/p>\n<h4>Sastojci:<\/h4>\n<ul>\n<li>Eteri\u010dno ulje limuna<\/li>\n<li>Eteri\u010dno ulje cedra<\/li>\n<li>Eteri\u010dno ulje metvice<\/li>\n<\/ul>\n<p>100% prirodna, visokokvalitetna ulja koja traju dulje.<\/p>\n<\/p><\/div>\n<\/p><\/div>\n<\/section>\n","protected":false},"excerpt":{"rendered":"<p>ULJNI BLEND ZA DIFUZERE (10 ml) Ova mje\u0161avina eteri\u010dnih ulja kombinira ulja limuna i cedra s notom o\u0161trog mentola za svijetlo i osvje\u017eavaju\u0107e iskustvo. AZENA preporu\u010duje: Koristite kada trebate pokrenuti svoj dan. Koristite pri postavljanju ciljeva kako biste stvorili atmosferu motivacije. O\u010distite zrak od ne\u017eeljenih mirisa u svom domu, uredu ili automobilu. Difuzirajte do 1 [&hellip;]<\/p>\n","protected":false},"featured_media":6653,"template":"","meta":{"_acf_changed":false},"product_brand":[],"product_cat":[132],"product_tag":[],"class_list":{"0":"post-6654","1":"product","2":"type-product","3":"status-publish","4":"has-post-thumbnail","6":"product_cat-opustajuci-kutak","9":"instock","10":"shipping-taxable","11":"product-type-simple","12":"product-grid-view"},"acf":[],"_links":{"self":[{"href":"https:\/\/azena.novevibracije.com\/hr\/wp-json\/wp\/v2\/product\/6654","targetHints":{"allow":["GET"]}}],"collection":[{"href":"https:\/\/azena.novevibracije.com\/hr\/wp-json\/wp\/v2\/product"}],"about":[{"href":"https:\/\/azena.novevibracije.com\/hr\/wp-json\/wp\/v2\/types\/product"}],"wp:featuredmedia":[{"embeddable":true,"href":"https:\/\/azena.novevibracije.com\/hr\/wp-json\/wp\/v2\/media\/6653"}],"wp:attachment":[{"href":"https:\/\/azena.novevibracije.com\/hr\/wp-json\/wp\/v2\/media?parent=6654"}],"wp:term":[{"taxonomy":"product_brand","embeddable":true,"href":"https:\/\/azena.novevibracije.com\/hr\/wp-json\/wp\/v2\/product_brand?post=6654"},{"taxonomy":"product_cat","embeddable":true,"href":"https:\/\/azena.novevibracije.com\/hr\/wp-json\/wp\/v2\/product_cat?post=6654"},{"taxonomy":"product_tag","embeddable":true,"href":"https:\/\/azena.novevibracije.com\/hr\/wp-json\/wp\/v2\/product_tag?post=6654"}],"curies":[{"name":"wp","href":"https:\/\/api.w.org\/{rel}","templated":true}]}}