{"id":6650,"date":"2018-02-26T10:44:03","date_gmt":"2018-02-26T10:44:03","guid":{"rendered":"https:\/\/azena.novevibracije.com\/product\/go-minty-balzam-nakon-suncanja\/"},"modified":"2018-02-26T10:44:03","modified_gmt":"2018-02-26T10:44:03","slug":"go-minty-balzam-nakon-suncanja","status":"publish","type":"product","link":"https:\/\/azena.novevibracije.com\/hr\/proizvod\/go-minty-balzam-nakon-suncanja\/","title":{"rendered":"GO! Minty &#8211; Balzam nakon sun\u010danja"},"content":{"rendered":"<section class=\"product-description\">\n<h2>Balzam s mentom nakon sunca<\/h2>\n<p>Sun\u010danje mo\u017ee biti toliko ugodno da ponekad zaboravimo na u\u010dinke UVA i UVB zraka. Ako pretjerate i va\u0161a ko\u017ea postane jarko crvena ili bolna, ne brinite \u2013 ovaj prirodni balzam s osvje\u017eavaju\u0107om mentom i hranjivim uljima smirit \u0107e i ubla\u017eiti va\u0161u ko\u017eu.<\/p>\n<div class=\"key-ingredients\" style=\"margin-top: 20px;\">\n<h3>Klju\u010dni sastojci:<\/h3>\n<ul>\n<li>Mentha Piperita L. Oil (ulje paprene mente)<\/li>\n<li>Calendula Officinalis Flower Extract (ekstrakt cvijeta nevena)<\/li>\n<li>Olea Europaea Fruit Oil (maslinovo ulje)<\/li>\n<\/ul>\n<\/div>\n<p><strong>PRO\u010cITAJTE O DJELOVANJU I KORISNOSTI OVIH SASTOJAKA NA NA\u0160EM HERBARIJU.<\/strong><br \/>\n* Za sve upite i narud\u017ebe kontaktirajte nas na<strong> info@azena.hr<\/strong> ili na <strong>+385 1 6226 111<\/strong><\/p>\n<\/section>\n","protected":false},"excerpt":{"rendered":"<p>Balzam s mentom nakon sunca Sun\u010danje mo\u017ee biti toliko ugodno da ponekad zaboravimo na u\u010dinke UVA i UVB zraka. Ako pretjerate i va\u0161a ko\u017ea postane jarko crvena ili bolna, ne brinite \u2013 ovaj prirodni balzam s osvje\u017eavaju\u0107om mentom i hranjivim uljima smirit \u0107e i ubla\u017eiti va\u0161u ko\u017eu. Klju\u010dni sastojci: Mentha Piperita L. Oil (ulje paprene [&hellip;]<\/p>\n","protected":false},"featured_media":4257,"template":"","meta":{"_acf_changed":false},"product_brand":[],"product_cat":[130],"product_tag":[],"class_list":{"0":"post-6650","1":"product","2":"type-product","3":"status-publish","4":"has-post-thumbnail","6":"product_cat-summer-collection","9":"instock","10":"shipping-taxable","11":"product-type-simple","12":"product-grid-view"},"acf":[],"_links":{"self":[{"href":"https:\/\/azena.novevibracije.com\/hr\/wp-json\/wp\/v2\/product\/6650","targetHints":{"allow":["GET"]}}],"collection":[{"href":"https:\/\/azena.novevibracije.com\/hr\/wp-json\/wp\/v2\/product"}],"about":[{"href":"https:\/\/azena.novevibracije.com\/hr\/wp-json\/wp\/v2\/types\/product"}],"wp:featuredmedia":[{"embeddable":true,"href":"https:\/\/azena.novevibracije.com\/hr\/wp-json\/wp\/v2\/media\/4257"}],"wp:attachment":[{"href":"https:\/\/azena.novevibracije.com\/hr\/wp-json\/wp\/v2\/media?parent=6650"}],"wp:term":[{"taxonomy":"product_brand","embeddable":true,"href":"https:\/\/azena.novevibracije.com\/hr\/wp-json\/wp\/v2\/product_brand?post=6650"},{"taxonomy":"product_cat","embeddable":true,"href":"https:\/\/azena.novevibracije.com\/hr\/wp-json\/wp\/v2\/product_cat?post=6650"},{"taxonomy":"product_tag","embeddable":true,"href":"https:\/\/azena.novevibracije.com\/hr\/wp-json\/wp\/v2\/product_tag?post=6650"}],"curies":[{"name":"wp","href":"https:\/\/api.w.org\/{rel}","templated":true}]}}