{"id":6646,"date":"2022-02-18T10:58:35","date_gmt":"2022-02-18T10:58:35","guid":{"rendered":"https:\/\/azena.novevibracije.com\/product\/serum-za-lice\/"},"modified":"2026-01-26T12:33:07","modified_gmt":"2026-01-26T12:33:07","slug":"serum-za-lice","status":"publish","type":"product","link":"https:\/\/azena.novevibracije.com\/hr\/proizvod\/serum-za-lice\/","title":{"rendered":"Serum za lice"},"content":{"rendered":"<section class=\"product-description\">\n<div class=\"product-item\" style=\"border: 1px solid #eee; padding: 15px; border-radius: 8px;\">\n<h3>Serum za lice<\/h3>\n<p>\n Bogat, mo\u0107an, ali nje\u017ean serum za lice razvijen da hrani, izgladi i osvjetlja va\u0161u ko\u017eu. Zahvaljuju\u0107i na\u0161oj mje\u0161avini <strong>maslinovog ulja<\/strong>, <strong>skvalena<\/strong>, Q10, <strong>ulja mandarine<\/strong> i <strong>ulja ko\u0161tica marelice<\/strong>, va\u0161a ko\u017ea bit \u0107e gla\u0111a, \u010dvr\u0161\u0107a i hidriziranija.<br \/>\nNanesite nekoliko kapi i umasirajte u lice prije kori\u0161tenja na\u0161e AZENA dnevne i no\u0107ne kreme za lice. Idealan kao podloga za \u0161minku, masa\u017eu lica ili joga za lice.\n    <\/p>\n<h4>Klju\u010dni sastojci:<\/h4>\n<ul>\n<li>Ulje ko\u0161tica marelice<\/li>\n<li>Ulje mandarine<\/li>\n<li>Maslinovo ulje<\/li>\n<li>Q10<\/li>\n<li>Multivitamin<\/li>\n<\/ul><\/div>\n<\/section>\n","protected":false},"excerpt":{"rendered":"<p>Serum za lice Bogat, mo\u0107an, ali nje\u017ean serum za lice razvijen da hrani, izgladi i osvjetlja va\u0161u ko\u017eu. Zahvaljuju\u0107i na\u0161oj mje\u0161avini maslinovog ulja, skvalena, Q10, ulja mandarine i ulja ko\u0161tica marelice, va\u0161a ko\u017ea bit \u0107e gla\u0111a, \u010dvr\u0161\u0107a i hidriziranija. Nanesite nekoliko kapi i umasirajte u lice prije kori\u0161tenja na\u0161e AZENA dnevne i no\u0107ne kreme za [&hellip;]<\/p>\n","protected":false},"featured_media":6645,"template":"","meta":{"_acf_changed":false},"product_brand":[],"product_cat":[129],"product_tag":[],"class_list":{"0":"post-6646","1":"product","2":"type-product","3":"status-publish","4":"has-post-thumbnail","6":"product_cat-herbal-face-care","9":"instock","10":"shipping-taxable","11":"product-type-simple","12":"product-grid-view"},"acf":[],"_links":{"self":[{"href":"https:\/\/azena.novevibracije.com\/hr\/wp-json\/wp\/v2\/product\/6646","targetHints":{"allow":["GET"]}}],"collection":[{"href":"https:\/\/azena.novevibracije.com\/hr\/wp-json\/wp\/v2\/product"}],"about":[{"href":"https:\/\/azena.novevibracije.com\/hr\/wp-json\/wp\/v2\/types\/product"}],"wp:featuredmedia":[{"embeddable":true,"href":"https:\/\/azena.novevibracije.com\/hr\/wp-json\/wp\/v2\/media\/6645"}],"wp:attachment":[{"href":"https:\/\/azena.novevibracije.com\/hr\/wp-json\/wp\/v2\/media?parent=6646"}],"wp:term":[{"taxonomy":"product_brand","embeddable":true,"href":"https:\/\/azena.novevibracije.com\/hr\/wp-json\/wp\/v2\/product_brand?post=6646"},{"taxonomy":"product_cat","embeddable":true,"href":"https:\/\/azena.novevibracije.com\/hr\/wp-json\/wp\/v2\/product_cat?post=6646"},{"taxonomy":"product_tag","embeddable":true,"href":"https:\/\/azena.novevibracije.com\/hr\/wp-json\/wp\/v2\/product_tag?post=6646"}],"curies":[{"name":"wp","href":"https:\/\/api.w.org\/{rel}","templated":true}]}}