{"id":6639,"date":"2020-09-22T10:06:53","date_gmt":"2020-09-22T10:06:53","guid":{"rendered":"https:\/\/azena.novevibracije.com\/product\/jer-te-priroda-voli\/"},"modified":"2026-02-13T12:23:39","modified_gmt":"2026-02-13T12:23:39","slug":"jer-te-priroda-voli","status":"publish","type":"product","link":"https:\/\/azena.novevibracije.com\/hr\/proizvod\/jer-te-priroda-voli\/","title":{"rendered":"Jer priroda te voli&#8230;"},"content":{"rendered":"<section class=\"product-description\">\n<h2>Jer priroda te voli!<\/h2>\n<p>Poklonite jedinstveni dar mediteranske ljepote sebi i drugima! Ovaj poklon set inspiriran je na\u0161om ljubavlju prema mediteranskoj prirodi i njezinim \u010dudesnim svojstvima. Sadr\u017eaj:<\/p>\n<div class=\"product-set\" style=\"display: flex; flex-wrap: wrap; gap: 20px;\">\n<div class=\"product-item\" style=\"flex: 1 1 220px; border: 1px solid #eee; padding: 15px; border-radius: 8px;\">\n<h3>Meka stopala (30 ml)<\/h3>\n<p>Biljni balzam za stopala koji hidratizira, omek\u0161ava i hrani stopala.<\/p>\n<\/p><\/div>\n<div class=\"product-item\" style=\"flex: 1 1 220px; border: 1px solid #eee; padding: 15px; border-radius: 8px;\">\n<h3>Piling za stopala (30 ml)<\/h3>\n<p>Piling za stopala s ko\u0161ticama maslina i morskom soli za nje\u017enu eksfolijaciju i osvje\u017eenu ko\u017eu.<\/p>\n<\/p><\/div>\n<div class=\"product-item\" style=\"flex: 1 1 220px; border: 1px solid #eee; padding: 15px; border-radius: 8px;\">\n<h3>Biljni maslac za tijelo Lavanda i Komora\u010d (60 ml)<\/h3>\n<p>Bogati maslac za tijelo koji hrani i omek\u0161ava ko\u017eu s umiruju\u0107om lavandom i komora\u010dem.<\/p>\n<\/p><\/div>\n<div class=\"product-item\" style=\"flex: 1 1 220px; border: 1px solid #eee; padding: 15px; border-radius: 8px;\">\n<h3>Biljni sapun za tijelo i lice (75 g)<\/h3>\n<p>Zapakiran u vre\u0107icu na patent zatvara\u010d za vi\u0161ekratnu uporabu, ovaj sapun nje\u017eno \u010disti tijelo i lice uz brigu o okoli\u0161u.<\/p>\n<\/p><\/div>\n<\/p><\/div>\n<\/section>\n","protected":false},"excerpt":{"rendered":"<p>Jer priroda te voli! Poklonite jedinstveni dar mediteranske ljepote sebi i drugima! Ovaj poklon set inspiriran je na\u0161om ljubavlju prema mediteranskoj prirodi i njezinim \u010dudesnim svojstvima. Sadr\u017eaj: Meka stopala (30 ml) Biljni balzam za stopala koji hidratizira, omek\u0161ava i hrani stopala. Piling za stopala (30 ml) Piling za stopala s ko\u0161ticama maslina i morskom soli [&hellip;]<\/p>\n","protected":false},"featured_media":6638,"template":"","meta":{"_acf_changed":false},"product_brand":[],"product_cat":[128],"product_tag":[],"class_list":{"0":"post-6639","1":"product","2":"type-product","3":"status-publish","4":"has-post-thumbnail","6":"product_cat-gifts","9":"instock","10":"shipping-taxable","11":"product-type-simple","12":"product-grid-view"},"acf":[],"_links":{"self":[{"href":"https:\/\/azena.novevibracije.com\/hr\/wp-json\/wp\/v2\/product\/6639","targetHints":{"allow":["GET"]}}],"collection":[{"href":"https:\/\/azena.novevibracije.com\/hr\/wp-json\/wp\/v2\/product"}],"about":[{"href":"https:\/\/azena.novevibracije.com\/hr\/wp-json\/wp\/v2\/types\/product"}],"wp:featuredmedia":[{"embeddable":true,"href":"https:\/\/azena.novevibracije.com\/hr\/wp-json\/wp\/v2\/media\/6638"}],"wp:attachment":[{"href":"https:\/\/azena.novevibracije.com\/hr\/wp-json\/wp\/v2\/media?parent=6639"}],"wp:term":[{"taxonomy":"product_brand","embeddable":true,"href":"https:\/\/azena.novevibracije.com\/hr\/wp-json\/wp\/v2\/product_brand?post=6639"},{"taxonomy":"product_cat","embeddable":true,"href":"https:\/\/azena.novevibracije.com\/hr\/wp-json\/wp\/v2\/product_cat?post=6639"},{"taxonomy":"product_tag","embeddable":true,"href":"https:\/\/azena.novevibracije.com\/hr\/wp-json\/wp\/v2\/product_tag?post=6639"}],"curies":[{"name":"wp","href":"https:\/\/api.w.org\/{rel}","templated":true}]}}