{"id":6637,"date":"2018-02-26T10:40:14","date_gmt":"2018-02-26T10:40:14","guid":{"rendered":"https:\/\/azena.novevibracije.com\/product\/be-active\/"},"modified":"2018-02-26T10:40:14","modified_gmt":"2018-02-26T10:40:14","slug":"be-active","status":"publish","type":"product","link":"https:\/\/azena.novevibracije.com\/hr\/proizvod\/be-active\/","title":{"rendered":"Be ACTIVE"},"content":{"rendered":"<section class=\"product-description\">\n<h2>Biljni balzam za mi\u0161i\u0107e i opu\u0161tanje<\/h2>\n<p>\n Idealan balzam za sve koji se bave aktivnostima koje zahtijevaju mi\u0161i\u0107ni napor. Eteri\u010dno ulje paprene mente poma\u017ee u ubla\u017eavanju stresa i opu\u0161tanju mi\u0161i\u0107a, \u010dine\u0107i ovaj balzam savr\u0161enim nakon sportskih aktivnosti i prije spavanja. Njegova hranjiva formula tako\u0111er je izvrsna za suhu i lju\u0161tavu ko\u017eu.\n  <\/p>\n<div class=\"product-use\" style=\"margin-top: 20px;\">\n<h3>Preporu\u010dujemo:<\/h3>\n<ul>\n<li>Koristite za opu\u0161taju\u0107e masa\u017ee<\/li>\n<li>Izvrsno za ko\u017eu \u010desto izlo\u017eenu vodi<\/li>\n<li>Idealno za uganu\u0107a, istegnu\u0107a, manje sportske ozljede i umor mi\u0161i\u0107a zahvaljuju\u0107i ekstraktu gaveza<\/li>\n<\/ul><\/div>\n<div class=\"key-ingredients\" style=\"margin-top: 20px;\">\n<h3>Sastojci:<\/h3>\n<ul>\n<li>Helianthus Annuus Seed Oil (suncokretovo ulje)<\/li>\n<li>Calendula Officinalis Flower Extract (ekstrakt nevena)<\/li>\n<li>Symphytum Officinale Root Extract (ekstrakt korijena gaveza)<\/li>\n<li>Mentha Piperita Oil (eteri\u010dno ulje paprene mente)<\/li>\n<\/ul><\/div>\n<\/section>\n","protected":false},"excerpt":{"rendered":"<p>Biljni balzam za mi\u0161i\u0107e i opu\u0161tanje Idealan balzam za sve koji se bave aktivnostima koje zahtijevaju mi\u0161i\u0107ni napor. Eteri\u010dno ulje paprene mente poma\u017ee u ubla\u017eavanju stresa i opu\u0161tanju mi\u0161i\u0107a, \u010dine\u0107i ovaj balzam savr\u0161enim nakon sportskih aktivnosti i prije spavanja. Njegova hranjiva formula tako\u0111er je izvrsna za suhu i lju\u0161tavu ko\u017eu. Preporu\u010dujemo: Koristite za opu\u0161taju\u0107e masa\u017ee [&hellip;]<\/p>\n","protected":false},"featured_media":1807,"template":"","meta":{"_acf_changed":false},"product_brand":[],"product_cat":[131],"product_tag":[],"class_list":{"0":"post-6637","1":"product","2":"type-product","3":"status-publish","4":"has-post-thumbnail","6":"product_cat-herbal-body-care","9":"instock","10":"shipping-taxable","11":"product-type-simple","12":"product-grid-view"},"acf":[],"_links":{"self":[{"href":"https:\/\/azena.novevibracije.com\/hr\/wp-json\/wp\/v2\/product\/6637","targetHints":{"allow":["GET"]}}],"collection":[{"href":"https:\/\/azena.novevibracije.com\/hr\/wp-json\/wp\/v2\/product"}],"about":[{"href":"https:\/\/azena.novevibracije.com\/hr\/wp-json\/wp\/v2\/types\/product"}],"wp:featuredmedia":[{"embeddable":true,"href":"https:\/\/azena.novevibracije.com\/hr\/wp-json\/wp\/v2\/media\/1807"}],"wp:attachment":[{"href":"https:\/\/azena.novevibracije.com\/hr\/wp-json\/wp\/v2\/media?parent=6637"}],"wp:term":[{"taxonomy":"product_brand","embeddable":true,"href":"https:\/\/azena.novevibracije.com\/hr\/wp-json\/wp\/v2\/product_brand?post=6637"},{"taxonomy":"product_cat","embeddable":true,"href":"https:\/\/azena.novevibracije.com\/hr\/wp-json\/wp\/v2\/product_cat?post=6637"},{"taxonomy":"product_tag","embeddable":true,"href":"https:\/\/azena.novevibracije.com\/hr\/wp-json\/wp\/v2\/product_tag?post=6637"}],"curies":[{"name":"wp","href":"https:\/\/api.w.org\/{rel}","templated":true}]}}