{"id":6635,"date":"2018-02-26T10:41:45","date_gmt":"2018-02-26T10:41:45","guid":{"rendered":"https:\/\/azena.novevibracije.com\/product\/azena-biljni-balzam\/"},"modified":"2026-01-26T13:01:41","modified_gmt":"2026-01-26T13:01:41","slug":"azena-biljni-balzam","status":"publish","type":"product","link":"https:\/\/azena.novevibracije.com\/hr\/proizvod\/azena-biljni-balzam\/","title":{"rendered":"AZENA Biljna mast"},"content":{"rendered":"<section class=\"product-description\">\n<h2>AZENA Biljna mast \u2013 Originalna mast (od 1979.)<\/h2>\n<hr \/>\n<p>Jedinstvena receptura AZENA BILJNE MASTI, kombinacija je obiteljske tradicije i bogatstva hrvatske prirode. Osmi\u0161ljena i prvi put proizvedena 1979. godine\u2026<\/p>\n<p>Baza svih na\u0161ih proizvoda, 100% prirodna, ru\u010dno ra\u0111ena biljna mast, na\u0161 je najtra\u017eeniji proizvod te je postala nezaobilazni dio mnogih ku\u0107nih ljekarni.<br \/>\nIdealna za sve uzraste sa vi\u0161enamjenskim svojstvima u njezi zdrave i o\u0161te\u0107ene ko\u017ee.<\/p>\n<hr \/>\n<div class=\"how-to-use\" style=\"margin-top: 20px;\">\n<h3>Na\u010din upotrebe:<\/h3>\n<p>AZENA Biljni balzam namijenjen je za vanjsku (povr\u0161insku) primjenu na ko\u017eu. Budu\u0107i da je na bazi ulja, nanesite malu koli\u010dinu na podru\u010dja koja trebaju dodatnu nje\u017enu njegu \u2014 kao \u0161to su crvena, ispucala, nadra\u017eena ili bolna ko\u017ea.<\/p>\n<p>Pogodan za uporabu na posjekotinama, modricama, uganu\u0107u, prijelomima kostiju, bolnim zglobovima, opeklinama od sunca, opeklinama, ozeblin\u0430\u043c\u0430 i ubodima insekata.<\/p>\n<\/div>\n<div class=\"key-ingredients\" style=\"margin-top: 20px;\">\n<h3>Sastojci:<\/h3>\n<ul>\n<li>Helianthus Annuus Seed Oil (ulje sjemenki suncokreta)<\/li>\n<li>Olea Europaea Fruit Oil (maslinovo ulje)<\/li>\n<li>Calendula Officinalis Flower Extract (ekstrakt cvijeta nevena)<\/li>\n<li>Lavandula Hybrida Oil (ulje lavande)<\/li>\n<li>Symphytum Officinale Root Extract (ekstrakt korijena gaveza)<\/li>\n<\/ul>\n<\/div>\n<div class=\"additional-info\" style=\"margin-top: 25px;\">\n<p><em>Pro\u010ditajte o djelovanju i korisnosti ovih sastojaka na na\u0161em Herbariju.<\/em><\/p>\n<p><em>Za sva pitanja i narud\u017ebe kontaktirajte nas na<strong> info@azena.hr<\/strong> ili na <strong>+385 1 6226 111.<\/strong><\/em><\/p>\n<\/div>\n<\/section>\n","protected":false},"excerpt":{"rendered":"<p>AZENA Biljna mast \u2013 Originalna mast (od 1979.) Jedinstvena receptura AZENA BILJNE MASTI, kombinacija je obiteljske tradicije i bogatstva hrvatske prirode. Osmi\u0161ljena i prvi put proizvedena 1979. godine\u2026 Baza svih na\u0161ih proizvoda, 100% prirodna, ru\u010dno ra\u0111ena biljna mast, na\u0161 je najtra\u017eeniji proizvod te je postala nezaobilazni dio mnogih ku\u0107nih ljekarni. Idealna za sve uzraste sa [&hellip;]<\/p>\n","protected":false},"featured_media":6634,"template":"","meta":{"_acf_changed":false},"product_brand":[],"product_cat":[131],"product_tag":[],"class_list":{"0":"post-6635","1":"product","2":"type-product","3":"status-publish","4":"has-post-thumbnail","6":"product_cat-herbal-body-care","9":"instock","10":"shipping-taxable","11":"product-type-simple","12":"product-grid-view"},"acf":[],"_links":{"self":[{"href":"https:\/\/azena.novevibracije.com\/hr\/wp-json\/wp\/v2\/product\/6635","targetHints":{"allow":["GET"]}}],"collection":[{"href":"https:\/\/azena.novevibracije.com\/hr\/wp-json\/wp\/v2\/product"}],"about":[{"href":"https:\/\/azena.novevibracije.com\/hr\/wp-json\/wp\/v2\/types\/product"}],"wp:featuredmedia":[{"embeddable":true,"href":"https:\/\/azena.novevibracije.com\/hr\/wp-json\/wp\/v2\/media\/6634"}],"wp:attachment":[{"href":"https:\/\/azena.novevibracije.com\/hr\/wp-json\/wp\/v2\/media?parent=6635"}],"wp:term":[{"taxonomy":"product_brand","embeddable":true,"href":"https:\/\/azena.novevibracije.com\/hr\/wp-json\/wp\/v2\/product_brand?post=6635"},{"taxonomy":"product_cat","embeddable":true,"href":"https:\/\/azena.novevibracije.com\/hr\/wp-json\/wp\/v2\/product_cat?post=6635"},{"taxonomy":"product_tag","embeddable":true,"href":"https:\/\/azena.novevibracije.com\/hr\/wp-json\/wp\/v2\/product_tag?post=6635"}],"curies":[{"name":"wp","href":"https:\/\/api.w.org\/{rel}","templated":true}]}}