{"id":6633,"date":"2021-12-08T20:19:00","date_gmt":"2021-12-08T20:19:00","guid":{"rendered":"https:\/\/azena.novevibracije.com\/product\/ahaa-mood-box\/"},"modified":"2026-02-13T11:42:11","modified_gmt":"2026-02-13T11:42:11","slug":"ahaa-mood-box","status":"publish","type":"product","link":"https:\/\/azena.novevibracije.com\/hr\/proizvod\/ahaa-mood-box\/","title":{"rendered":"Ahaa Mood Box"},"content":{"rendered":"<section class=\"product-description\">\n<h2>AHAA Mood Box<\/h2>\n<p>U ovom AHAA Mood Boxu prona\u0107i \u0107ete:<\/p>\n<div class=\"product-set\" style=\"display: flex; flex-wrap: wrap; gap: 20px;\">\n<div class=\"product-item\" style=\"flex: 1 1 220px; border: 1px solid #eee; padding: 15px; border-radius: 8px;\">\n<h3>\u010cAJ! I Prodi\u0161i (30 g) <\/h3>\n<p>\n mje\u0161avina biljnog \u010daja s listovima naran\u010de, mente, ru\u017emarina i bijelog sljeza\n      <\/p>\n<\/p><\/div>\n<div class=\"product-item\" style=\"flex: 1 1 220px; border: 1px solid #eee; padding: 15px; border-radius: 8px;\">\n<h3>Ahaa Mood (10 ml)<\/h3>\n<p>\n Mje\u0161avina ulja za difuzor s eteri\u010dnim uljem bijele jele, eteri\u010dnim uljem ru\u017emarina i eteri\u010dnim uljem mente.\n      <\/p>\n<\/p><\/div>\n<\/p><\/div>\n<\/section>\n","protected":false},"excerpt":{"rendered":"<p>AHAA Mood Box U ovom AHAA Mood Boxu prona\u0107i \u0107ete: \u010cAJ! I Prodi\u0161i (30 g) mje\u0161avina biljnog \u010daja s listovima naran\u010de, mente, ru\u017emarina i bijelog sljeza Ahaa Mood (10 ml) Mje\u0161avina ulja za difuzor s eteri\u010dnim uljem bijele jele, eteri\u010dnim uljem ru\u017emarina i eteri\u010dnim uljem mente.<\/p>\n","protected":false},"featured_media":6632,"template":"","meta":{"_acf_changed":false},"product_brand":[],"product_cat":[133,132,128],"product_tag":[],"class_list":{"0":"post-6633","1":"product","2":"type-product","3":"status-publish","4":"has-post-thumbnail","6":"product_cat-biljne-mjesavine-cajeva","7":"product_cat-opustajuci-kutak","8":"product_cat-gifts","11":"instock","12":"shipping-taxable","13":"product-type-simple","14":"product-grid-view"},"acf":[],"_links":{"self":[{"href":"https:\/\/azena.novevibracije.com\/hr\/wp-json\/wp\/v2\/product\/6633","targetHints":{"allow":["GET"]}}],"collection":[{"href":"https:\/\/azena.novevibracije.com\/hr\/wp-json\/wp\/v2\/product"}],"about":[{"href":"https:\/\/azena.novevibracije.com\/hr\/wp-json\/wp\/v2\/types\/product"}],"wp:featuredmedia":[{"embeddable":true,"href":"https:\/\/azena.novevibracije.com\/hr\/wp-json\/wp\/v2\/media\/6632"}],"wp:attachment":[{"href":"https:\/\/azena.novevibracije.com\/hr\/wp-json\/wp\/v2\/media?parent=6633"}],"wp:term":[{"taxonomy":"product_brand","embeddable":true,"href":"https:\/\/azena.novevibracije.com\/hr\/wp-json\/wp\/v2\/product_brand?post=6633"},{"taxonomy":"product_cat","embeddable":true,"href":"https:\/\/azena.novevibracije.com\/hr\/wp-json\/wp\/v2\/product_cat?post=6633"},{"taxonomy":"product_tag","embeddable":true,"href":"https:\/\/azena.novevibracije.com\/hr\/wp-json\/wp\/v2\/product_tag?post=6633"}],"curies":[{"name":"wp","href":"https:\/\/api.w.org\/{rel}","templated":true}]}}