{"id":6631,"date":"2021-11-17T11:54:30","date_gmt":"2021-11-17T11:54:30","guid":{"rendered":"https:\/\/azena.novevibracije.com\/product\/ahaa-mood\/"},"modified":"2021-11-17T11:54:30","modified_gmt":"2021-11-17T11:54:30","slug":"ahaa-mood","status":"publish","type":"product","link":"https:\/\/azena.novevibracije.com\/hr\/proizvod\/ahaa-mood\/","title":{"rendered":"Ahaa Mood"},"content":{"rendered":"<section class=\"product-description\">\n<h2>AHAA! Mje\u0161avina mirisnih ulja<\/h2>\n<div class=\"product-item\" style=\"display: flex; gap: 20px; align-items: flex-start; border: 1px solid #eee; padding: 15px; border-radius: 8px;\">\n    <img decoding=\"async\" src=\"\/wp-content\/uploads\/2026\/01\/product-details.png\" alt=\"Detalji proizvoda\" style=\"max-width: 400px; border-radius: 8px;\"><\/p>\n<div>\n<p>\n Kombinacija ulja s najosvje\u017eavaju\u0107im svojstvima.\n      <\/p>\n<h4>AZENA preporu\u010duje:<\/h4>\n<ul>\n<li>Koristite bilo kada za osje\u0107aj svje\u017eine i lako\u0107e.<\/li>\n<li>Ukapa\u0458te nekoliko kapi u difuzor ili aroma lampu za osvje\u017eavaju\u0107e iskustvo disanja u va\u0161oj sobi.<\/li>\n<\/ul>\n<p>Difuzirajte do 1 sat, 3 puta dnevno.<\/p>\n<h4>Sastojci:<\/h4>\n<ul>\n<li>Eteri\u010dno ulje srebrne jele<\/li>\n<li>Eteri\u010dno ulje ru\u017emarina<\/li>\n<li>Eteri\u010dno ulje metvice<\/li>\n<\/ul>\n<p>100% prirodna, visokokvalitetna ulja koja traju dulje.<\/p>\n<\/p><\/div>\n<\/p><\/div>\n<\/section>\n","protected":false},"excerpt":{"rendered":"<p>AHAA! Mje\u0161avina mirisnih ulja Kombinacija ulja s najosvje\u017eavaju\u0107im svojstvima. AZENA preporu\u010duje: Koristite bilo kada za osje\u0107aj svje\u017eine i lako\u0107e. Ukapa\u0458te nekoliko kapi u difuzor ili aroma lampu za osvje\u017eavaju\u0107e iskustvo disanja u va\u0161oj sobi. Difuzirajte do 1 sat, 3 puta dnevno. Sastojci: Eteri\u010dno ulje srebrne jele Eteri\u010dno ulje ru\u017emarina Eteri\u010dno ulje metvice 100% prirodna, visokokvalitetna [&hellip;]<\/p>\n","protected":false},"featured_media":6630,"template":"","meta":{"_acf_changed":false},"product_brand":[],"product_cat":[132],"product_tag":[],"class_list":{"0":"post-6631","1":"product","2":"type-product","3":"status-publish","4":"has-post-thumbnail","6":"product_cat-opustajuci-kutak","9":"instock","10":"shipping-taxable","11":"product-type-simple","12":"product-grid-view"},"acf":[],"_links":{"self":[{"href":"https:\/\/azena.novevibracije.com\/hr\/wp-json\/wp\/v2\/product\/6631","targetHints":{"allow":["GET"]}}],"collection":[{"href":"https:\/\/azena.novevibracije.com\/hr\/wp-json\/wp\/v2\/product"}],"about":[{"href":"https:\/\/azena.novevibracije.com\/hr\/wp-json\/wp\/v2\/types\/product"}],"wp:featuredmedia":[{"embeddable":true,"href":"https:\/\/azena.novevibracije.com\/hr\/wp-json\/wp\/v2\/media\/6630"}],"wp:attachment":[{"href":"https:\/\/azena.novevibracije.com\/hr\/wp-json\/wp\/v2\/media?parent=6631"}],"wp:term":[{"taxonomy":"product_brand","embeddable":true,"href":"https:\/\/azena.novevibracije.com\/hr\/wp-json\/wp\/v2\/product_brand?post=6631"},{"taxonomy":"product_cat","embeddable":true,"href":"https:\/\/azena.novevibracije.com\/hr\/wp-json\/wp\/v2\/product_cat?post=6631"},{"taxonomy":"product_tag","embeddable":true,"href":"https:\/\/azena.novevibracije.com\/hr\/wp-json\/wp\/v2\/product_tag?post=6631"}],"curies":[{"name":"wp","href":"https:\/\/api.w.org\/{rel}","templated":true}]}}