{"id":6627,"date":"2020-09-22T11:02:06","date_gmt":"2020-09-22T11:02:06","guid":{"rendered":"https:\/\/azena.novevibracije.com\/product\/dodir-hrvatske-prirode\/"},"modified":"2026-02-13T12:21:04","modified_gmt":"2026-02-13T12:21:04","slug":"dodir-hrvatske-prirode","status":"publish","type":"product","link":"https:\/\/azena.novevibracije.com\/hr\/proizvod\/dodir-hrvatske-prirode\/","title":{"rendered":"Dodir prirode"},"content":{"rendered":"<section class=\"product-description\">\n<h2>Dodir prirode<\/h2>\n<p>U ovom setu inspiriranom SPA-om prona\u0107i \u0107ete:<\/p>\n<div class=\"product-set\" style=\"display: flex; flex-wrap: wrap; gap: 20px;\">\n<div class=\"product-item\" style=\"flex: 1 1 220px; border: 1px solid #eee; padding: 15px; border-radius: 8px;\">\n<h3>Biljni balzam nakon depilacije (60 ml)<\/h3>\n<p>\n Umiruju\u0107i biljni balzam za smirenje i njegu ko\u017ee nakon depilacije.\n      <\/p>\n<\/p><\/div>\n<div class=\"product-item\" style=\"flex: 1 1 220px; border: 1px solid #eee; padding: 15px; border-radius: 8px;\">\n<h3>Balzam za nokte (30 ml)<\/h3>\n<p>\n Biljni balzam za njegu noktiju, ja\u010danje noktiju i omek\u0161avanje zanoktica.\n      <\/p>\n<\/p><\/div>\n<div class=\"product-item\" style=\"flex: 1 1 220px; border: 1px solid #eee; padding: 15px; border-radius: 8px;\">\n<h3>Piling za stopala (30 ml)<\/h3>\n<p>\n Biljni piling za stopala koji nje\u017eno eksfolira i osvje\u017eava umorna stopala.\n      <\/p>\n<\/p><\/div>\n<div class=\"product-item\" style=\"flex: 1 1 220px; border: 1px solid #eee; padding: 15px; border-radius: 8px;\">\n<h3>Meka stopala (30 ml)<\/h3>\n<p>\n Biljni balzam za stopala koji hidratizira, omek\u0161ava i hrani suhu ko\u017eu na stopalima.\n      <\/p>\n<\/p><\/div>\n<\/p><\/div>\n<\/section>\n","protected":false},"excerpt":{"rendered":"<p>Dodir prirode U ovom setu inspiriranom SPA-om prona\u0107i \u0107ete: Biljni balzam nakon depilacije (60 ml) Umiruju\u0107i biljni balzam za smirenje i njegu ko\u017ee nakon depilacije. Balzam za nokte (30 ml) Biljni balzam za njegu noktiju, ja\u010danje noktiju i omek\u0161avanje zanoktica. Piling za stopala (30 ml) Biljni piling za stopala koji nje\u017eno eksfolira i osvje\u017eava umorna [&hellip;]<\/p>\n","protected":false},"featured_media":6626,"template":"","meta":{"_acf_changed":false},"product_brand":[],"product_cat":[128],"product_tag":[],"class_list":{"0":"post-6627","1":"product","2":"type-product","3":"status-publish","4":"has-post-thumbnail","6":"product_cat-gifts","9":"instock","10":"shipping-taxable","11":"product-type-simple","12":"product-grid-view"},"acf":[],"_links":{"self":[{"href":"https:\/\/azena.novevibracije.com\/hr\/wp-json\/wp\/v2\/product\/6627","targetHints":{"allow":["GET"]}}],"collection":[{"href":"https:\/\/azena.novevibracije.com\/hr\/wp-json\/wp\/v2\/product"}],"about":[{"href":"https:\/\/azena.novevibracije.com\/hr\/wp-json\/wp\/v2\/types\/product"}],"wp:featuredmedia":[{"embeddable":true,"href":"https:\/\/azena.novevibracije.com\/hr\/wp-json\/wp\/v2\/media\/6626"}],"wp:attachment":[{"href":"https:\/\/azena.novevibracije.com\/hr\/wp-json\/wp\/v2\/media?parent=6627"}],"wp:term":[{"taxonomy":"product_brand","embeddable":true,"href":"https:\/\/azena.novevibracije.com\/hr\/wp-json\/wp\/v2\/product_brand?post=6627"},{"taxonomy":"product_cat","embeddable":true,"href":"https:\/\/azena.novevibracije.com\/hr\/wp-json\/wp\/v2\/product_cat?post=6627"},{"taxonomy":"product_tag","embeddable":true,"href":"https:\/\/azena.novevibracije.com\/hr\/wp-json\/wp\/v2\/product_tag?post=6627"}],"curies":[{"name":"wp","href":"https:\/\/api.w.org\/{rel}","templated":true}]}}