{"id":6619,"date":"2018-02-26T10:45:43","date_gmt":"2018-02-26T10:45:43","guid":{"rendered":"https:\/\/azena.novevibracije.com\/product\/d-sun-balzam-za-jaci-ucinak-preplanulosti\/"},"modified":"2026-01-26T12:41:53","modified_gmt":"2026-01-26T12:41:53","slug":"d-sun-balzam-za-jaci-ucinak-preplanulosti","status":"publish","type":"product","link":"https:\/\/azena.novevibracije.com\/hr\/proizvod\/d-sun-balzam-za-jaci-ucinak-preplanulosti\/","title":{"rendered":":D Sun \u2013 Balzam za ja\u010di u\u010dinak preplanulosti"},"content":{"rendered":"<section class=\"product-description\">\n<h2>Balzam za ubrzano tamnjenje sa SPF15<\/h2>\n<p>\n Uzmi svoju dnevnu dozu vitamina D! Ova posebna ubrzavaju\u0107a formula kombinira visokokvalitetno suncokretovo i maslinovo ulje sa cinkovim oksidom i lavandom. \u0160titi ko\u017eu dok omogu\u0107ava intenzivnu, bron\u010danu boju i pobolj\u0161ava ten.\n  <\/p>\n<p>\n    UV za\u0161tita \/ SPF15: Ko\u017ea \u0107e ostati hidratizirana i hranjena tijekom izlaganja suncu. Ovaj balzam ne pru\u017ea potpunu za\u0161titu od sunca. Za du\u017ei boravak na pla\u017ei preporu\u010dujemo kori\u0161tenje visokog za\u0161titnog faktora po va\u0161em izboru zajedno s balzamom.\n  <\/p>\n<div class=\"key-ingredients\" style=\"margin-top: 20px;\">\n<h3>Klju\u010dni sastojci:<\/h3>\n<ul>\n<li>Maslinovo ulje<\/li>\n<li>Eteri\u010dno ulje lavande<\/li>\n<li>Vitamin E<\/li>\n<li>Cinkov oksid<\/li>\n<\/ul><\/div>\n<\/section>\n","protected":false},"excerpt":{"rendered":"<p>Balzam za ubrzano tamnjenje sa SPF15 Uzmi svoju dnevnu dozu vitamina D! Ova posebna ubrzavaju\u0107a formula kombinira visokokvalitetno suncokretovo i maslinovo ulje sa cinkovim oksidom i lavandom. \u0160titi ko\u017eu dok omogu\u0107ava intenzivnu, bron\u010danu boju i pobolj\u0161ava ten. UV za\u0161tita \/ SPF15: Ko\u017ea \u0107e ostati hidratizirana i hranjena tijekom izlaganja suncu. Ovaj balzam ne pru\u017ea potpunu [&hellip;]<\/p>\n","protected":false},"featured_media":4284,"template":"","meta":{"_acf_changed":false},"product_brand":[],"product_cat":[130],"product_tag":[],"class_list":{"0":"post-6619","1":"product","2":"type-product","3":"status-publish","4":"has-post-thumbnail","6":"product_cat-summer-collection","9":"instock","10":"shipping-taxable","11":"product-type-simple","12":"product-grid-view"},"acf":[],"_links":{"self":[{"href":"https:\/\/azena.novevibracije.com\/hr\/wp-json\/wp\/v2\/product\/6619","targetHints":{"allow":["GET"]}}],"collection":[{"href":"https:\/\/azena.novevibracije.com\/hr\/wp-json\/wp\/v2\/product"}],"about":[{"href":"https:\/\/azena.novevibracije.com\/hr\/wp-json\/wp\/v2\/types\/product"}],"wp:featuredmedia":[{"embeddable":true,"href":"https:\/\/azena.novevibracije.com\/hr\/wp-json\/wp\/v2\/media\/4284"}],"wp:attachment":[{"href":"https:\/\/azena.novevibracije.com\/hr\/wp-json\/wp\/v2\/media?parent=6619"}],"wp:term":[{"taxonomy":"product_brand","embeddable":true,"href":"https:\/\/azena.novevibracije.com\/hr\/wp-json\/wp\/v2\/product_brand?post=6619"},{"taxonomy":"product_cat","embeddable":true,"href":"https:\/\/azena.novevibracije.com\/hr\/wp-json\/wp\/v2\/product_cat?post=6619"},{"taxonomy":"product_tag","embeddable":true,"href":"https:\/\/azena.novevibracije.com\/hr\/wp-json\/wp\/v2\/product_tag?post=6619"}],"curies":[{"name":"wp","href":"https:\/\/api.w.org\/{rel}","templated":true}]}}