{"id":6611,"date":"2022-06-01T21:25:17","date_gmt":"2022-06-01T21:25:17","guid":{"rendered":"https:\/\/azena.novevibracije.com\/product\/poklon-paket-budi-aktivan\/"},"modified":"2026-01-26T12:20:47","modified_gmt":"2026-01-26T12:20:47","slug":"poklon-paket-budi-aktivan","status":"publish","type":"product","link":"https:\/\/azena.novevibracije.com\/hr\/proizvod\/poklon-paket-budi-aktivan\/","title":{"rendered":"Poklon paket \u2013 BUDI AKTIVAN"},"content":{"rendered":"<section class=\"product-description\">\n<h2>BUDI AKTIVAN Set<\/h2>\n<p>\n BUDI AKTIVAN uz ovaj nevjerojatan set! Bez obzira bavi\u0161 li se sportom, rekreacijom ili fitnessom, ovaj set uklju\u010duje sve \u0161to ti je potrebno za odr\u017eavanje zdrave ko\u017ee i opu\u0161tanje tijela.\n  <\/p>\n<div class=\"product-set\" style=\"display: flex; flex-wrap: wrap; gap: 20px;\">\n<div class=\"product-item\" style=\"flex: 1 1 220px; border: 1px solid #eee; padding: 15px; border-radius: 8px;\">\n<h3>BUDI AKTIVAN (150 ml)<\/h3>\n<p>\n Prirodni balzam za regeneraciju mi\u0161i\u0107a i ko\u017ee.\n      <\/p>\n<\/p><\/div>\n<div class=\"product-item\" style=\"flex: 1 1 220px; border: 1px solid #eee; padding: 15px; border-radius: 8px;\">\n<h3>S.O.S. Balzam (30 ml)<\/h3>\n<p>\n Balzam za osjetljivu ko\u017eu.\n      <\/p>\n<\/p><\/div>\n<div class=\"product-item\" style=\"flex: 1 1 220px; border: 1px solid #eee; padding: 15px; border-radius: 8px;\">\n<h3>Biljni sapun za tijelo i lice (75 g)<\/h3>\n<p>\n Pakirano u vre\u0107ici koja se mo\u017ee ponovno zatvoriti.\n      <\/p>\n<\/p><\/div>\n<\/p><\/div>\n<\/section>\n","protected":false},"excerpt":{"rendered":"<p>BUDI AKTIVAN Set BUDI AKTIVAN uz ovaj nevjerojatan set! Bez obzira bavi\u0161 li se sportom, rekreacijom ili fitnessom, ovaj set uklju\u010duje sve \u0161to ti je potrebno za odr\u017eavanje zdrave ko\u017ee i opu\u0161tanje tijela. BUDI AKTIVAN (150 ml) Prirodni balzam za regeneraciju mi\u0161i\u0107a i ko\u017ee. S.O.S. Balzam (30 ml) Balzam za osjetljivu ko\u017eu. Biljni sapun za [&hellip;]<\/p>\n","protected":false},"featured_media":6610,"template":"","meta":{"_acf_changed":false},"product_brand":[],"product_cat":[128],"product_tag":[],"class_list":{"0":"post-6611","1":"product","2":"type-product","3":"status-publish","4":"has-post-thumbnail","6":"product_cat-gifts","9":"instock","10":"shipping-taxable","11":"product-type-simple","12":"product-grid-view"},"acf":[],"_links":{"self":[{"href":"https:\/\/azena.novevibracije.com\/hr\/wp-json\/wp\/v2\/product\/6611","targetHints":{"allow":["GET"]}}],"collection":[{"href":"https:\/\/azena.novevibracije.com\/hr\/wp-json\/wp\/v2\/product"}],"about":[{"href":"https:\/\/azena.novevibracije.com\/hr\/wp-json\/wp\/v2\/types\/product"}],"wp:featuredmedia":[{"embeddable":true,"href":"https:\/\/azena.novevibracije.com\/hr\/wp-json\/wp\/v2\/media\/6610"}],"wp:attachment":[{"href":"https:\/\/azena.novevibracije.com\/hr\/wp-json\/wp\/v2\/media?parent=6611"}],"wp:term":[{"taxonomy":"product_brand","embeddable":true,"href":"https:\/\/azena.novevibracije.com\/hr\/wp-json\/wp\/v2\/product_brand?post=6611"},{"taxonomy":"product_cat","embeddable":true,"href":"https:\/\/azena.novevibracije.com\/hr\/wp-json\/wp\/v2\/product_cat?post=6611"},{"taxonomy":"product_tag","embeddable":true,"href":"https:\/\/azena.novevibracije.com\/hr\/wp-json\/wp\/v2\/product_tag?post=6611"}],"curies":[{"name":"wp","href":"https:\/\/api.w.org\/{rel}","templated":true}]}}