{"id":6582,"date":"2022-11-15T10:39:22","date_gmt":"2022-11-15T10:39:22","guid":{"rendered":"https:\/\/azena.novevibracije.com\/product\/zimski-set\/"},"modified":"2026-02-10T13:43:42","modified_gmt":"2026-02-10T13:43:42","slug":"zimski-set","status":"publish","type":"product","link":"https:\/\/azena.novevibracije.com\/hr\/proizvod\/zimski-set\/","title":{"rendered":"ZIMSKI SET"},"content":{"rendered":"<section class=\"product-description\">\n<h2>Zimski set<\/h2>\n<p>Ovaj zimski set sadr\u017ei:<\/p>\n<div class=\"product-set\" style=\"display: flex; flex-wrap: wrap; gap: 20px;\">\n<div class=\"product-item\" style=\"flex: 1 1 220px; border: 1px solid #eee; padding: 15px; border-radius: 8px;\">\n<h3>ZIMSKI BILJNI BALZAM<\/h3>\n<p>\n Hranjivi balzam koji \u0161titi tvoju ko\u017eu prije, tijekom i nakon zimskih aktivnosti na otvorenom.\n      <\/p>\n<\/p><\/div>\n<div class=\"product-item\" style=\"flex: 1 1 220px; border: 1px solid #eee; padding: 15px; border-radius: 8px;\">\n<h3>BILJNI PILING ZA TIJELO I LICE<\/h3>\n<p>\n 2-u-1 kozmeti\u010dki proizvod. Piling za \u010di\u0161\u0107enje koji istovremeno hrani ko\u017eu tijela i lica.\n      <\/p>\n<\/p><\/div>\n<div class=\"product-item\" style=\"flex: 1 1 220px; border: 1px solid #eee; padding: 15px; border-radius: 8px;\">\n<h3>BILJNI BALZAM ZA USNE<\/h3>\n<p>\n Idealna biljna formula koja \u0161titi tvoje usne.\n      <\/p>\n<\/p><\/div>\n<\/p><\/div>\n<div class=\"eco-info\" style=\"margin-top: 25px;\">\n<p>\n      <em>Pakirano u prekrasnoj ru\u010dno izra\u0111enoj vre\u0107ici od jute. Limitirano izdanje.<\/em>\n    <\/p>\n<\/p><\/div>\n<\/section>\n","protected":false},"excerpt":{"rendered":"<p>Zimski set Ovaj zimski set sadr\u017ei: ZIMSKI BILJNI BALZAM Hranjivi balzam koji \u0161titi tvoju ko\u017eu prije, tijekom i nakon zimskih aktivnosti na otvorenom. BILJNI PILING ZA TIJELO I LICE 2-u-1 kozmeti\u010dki proizvod. Piling za \u010di\u0161\u0107enje koji istovremeno hrani ko\u017eu tijela i lica. BILJNI BALZAM ZA USNE Idealna biljna formula koja \u0161titi tvoje usne. Pakirano u [&hellip;]<\/p>\n","protected":false},"featured_media":6578,"template":"","meta":{"_acf_changed":false},"product_brand":[],"product_cat":[128],"product_tag":[],"class_list":{"0":"post-6582","1":"product","2":"type-product","3":"status-publish","4":"has-post-thumbnail","6":"product_cat-gifts","9":"instock","10":"shipping-taxable","11":"purchasable","12":"product-type-simple","13":"product-grid-view"},"acf":[],"_links":{"self":[{"href":"https:\/\/azena.novevibracije.com\/hr\/wp-json\/wp\/v2\/product\/6582","targetHints":{"allow":["GET"]}}],"collection":[{"href":"https:\/\/azena.novevibracije.com\/hr\/wp-json\/wp\/v2\/product"}],"about":[{"href":"https:\/\/azena.novevibracije.com\/hr\/wp-json\/wp\/v2\/types\/product"}],"wp:featuredmedia":[{"embeddable":true,"href":"https:\/\/azena.novevibracije.com\/hr\/wp-json\/wp\/v2\/media\/6578"}],"wp:attachment":[{"href":"https:\/\/azena.novevibracije.com\/hr\/wp-json\/wp\/v2\/media?parent=6582"}],"wp:term":[{"taxonomy":"product_brand","embeddable":true,"href":"https:\/\/azena.novevibracije.com\/hr\/wp-json\/wp\/v2\/product_brand?post=6582"},{"taxonomy":"product_cat","embeddable":true,"href":"https:\/\/azena.novevibracije.com\/hr\/wp-json\/wp\/v2\/product_cat?post=6582"},{"taxonomy":"product_tag","embeddable":true,"href":"https:\/\/azena.novevibracije.com\/hr\/wp-json\/wp\/v2\/product_tag?post=6582"}],"curies":[{"name":"wp","href":"https:\/\/api.w.org\/{rel}","templated":true}]}}